{"id":65504,"date":"2021-05-15T14:46:49","date_gmt":"2021-05-17T11:28:02","guid":{"rendered":"https:\/\/undiscoveredbalkans.com\/product\/packrafting-montenegro-wochenende-3-fluesse-3-tage\/"},"modified":"2021-05-17T13:28:02","modified_gmt":"2021-05-17T11:28:02","slug":"packrafting-montenegro-wochenende-3-flusse-3-tage","status":"publish","type":"product","link":"https:\/\/undiscoveredbalkans.com\/de\/tours\/packrafting-montenegro-wochenende-3-flusse-3-tage\/","title":{"rendered":"Packrafting Montenegro Wochenende, 3 Fl\u00fc\u00dfe, 3 Tage"},"content":{"rendered":"<h2><span style=\"font-size: 20pt;\">Montenegro Packrafting Wochenende, 3 Fl\u00fc\u00dfe, 3 Tage<\/span><\/h2>\n<p><b><i>2021\/2022 Abfahrten: ausgew\u00e4hlte Daten f\u00fcr April, Mai und Juni &#8211; <a href=\"mailto:%20enquiries@undiscoveredbalkans.com\">kontaktieren Sie uns<\/a>!<\/i><\/b><\/p>\n<p><img fetchpriority=\"high\" decoding=\"async\" class=\"wp-image-65456 alignleft\" src=\"https:\/\/undiscoveredbalkans.com\/wp-content\/uploads\/2021\/05\/packrafting.png\" alt=\"\" width=\"299\" height=\"219\" srcset=\"https:\/\/undiscoveredbalkans.com\/wp-content\/uploads\/2021\/05\/packrafting.png 2454w, https:\/\/undiscoveredbalkans.com\/wp-content\/uploads\/2021\/05\/packrafting-300x219.png 300w, https:\/\/undiscoveredbalkans.com\/wp-content\/uploads\/2021\/05\/packrafting-1024x749.png 1024w, https:\/\/undiscoveredbalkans.com\/wp-content\/uploads\/2021\/05\/packrafting-768x561.png 768w, https:\/\/undiscoveredbalkans.com\/wp-content\/uploads\/2021\/05\/packrafting-1536x1123.png 1536w, https:\/\/undiscoveredbalkans.com\/wp-content\/uploads\/2021\/05\/packrafting-2048x1497.png 2048w, https:\/\/undiscoveredbalkans.com\/wp-content\/uploads\/2021\/05\/packrafting-600x439.png 600w\" sizes=\"(max-width: 299px) 100vw, 299px\" \/><\/p>\n<p>Die unber\u00fchrten Fl\u00fcsse Montenegros sind der ultimative Abenteuerspielplatz, perfekt f\u00fcr alle, die den Nervenkitzel des Wildwasser-Packraftings in absoluter Sicherheit erleben m\u00f6chten! Basierend auf den Fl\u00fcssen Sitnica, Cijevna und Mora\u010da, alle nur wenige Kilometer von der Hauptstadt Podgorica entfernt, ist diese Paddelpause am Wochenende ideal f\u00fcr alle, die eine der neuesten und am schnellsten wachsenden Sportarten ausprobieren m\u00f6chten &#8211; Packrafting! Mit diesen ultra-tragbaren, superstabilen Kajaks haben wir Zugang zu wilden, unentdeckten Fl\u00fcssen, die andere Anbieter nicht erreichen k\u00f6nnen! Klicken Sie auf die Registerkarte &#8222;Reiseroute&#8220;, um weitere Informationen zu erhalten, oder setzen Sie sich mit uns in Verbindung, um die verf\u00fcgbaren Daten zu erfahren!<\/p>\n<p>Diese Reisen sind f\u00fcr Anf\u00e4nger geeignet; Familien, Gruppen von Freunden, Paare und Alleinreisende. Ein angemessenes Ma\u00df k\u00f6rperlicher Fitness und <span style=\"font-size: 12pt;\">Abenteuerlust ist erforderlich!<\/span> <\/p>\n<p><img decoding=\"async\" class=\" wp-image-43236 alignright\" src=\"https:\/\/undiscoveredbalkans.com\/wp-content\/uploads\/2020\/08\/Covid-Badge-PNG-e1596655818510.png\" alt=\"\" width=\"158\" height=\"164\"\/><\/p>\n<p>Klicken Sie <a href=\"https:\/\/undiscoveredbalkans.com\/activity-levels-explained\/\">hier<\/a>, um mehr \u00fcber unsere Aktivit\u00e4tsstufen zu erfahren.<\/p>\n<p><strong><span style=\"font-size: 12pt;\">Book to Give Back &#8211; jede Buchung l\u00f6st eine Spende f\u00fcr unsere ausgew\u00e4hlten lokalen Umwelt- und Gemeindezwecke aus!<\/span><\/strong><\/p>\n<p class=\"normal\"><i><b>Ausr\u00fcstung:<\/b> Wir liefern alle Boote (aufblasbare Kokopelli-Packrafts), komplette Neoprenanz\u00fcge und Sicherheitsausr\u00fcstung sowie eine Vielzahl von Zelten und Schlafmatten. Schlafs\u00e4cke werden <strong>nicht<\/strong> zur Verf\u00fcgung gestellt, bitte bringen Sie Ihre eigenen mit!<\/i><\/p>\n<hr \/>\n<p style=\"text-align: left;\"><b><img decoding=\"async\" class=\"alignleft wp-image-45574\" title=\"kayak Lake Skadar\" src=\"https:\/\/undiscoveredbalkans.com\/wp-content\/uploads\/2015\/07\/Gigo-for-website.jpg\" alt=\"\" width=\"103\" height=\"113\"\/>Ihre Reiseleiter:<\/b><br \/>\n<strong>Gigo<\/strong> ist einer der erfahrensten und talentiertesten Kajakfahrer Montenegros. Wenn er das j\u00e4hrliche <a href=\"http:\/\/www.kayakfest.me\/\">Kajakfest<\/a> auf dem Tara River nicht organisiert, nimmt er G\u00e4ste mit, die dort paddeln, wo noch kein anderer gepaddelt hat! Gigo ist ein voll qualifizierter ECU-Guide und spricht flie\u00dfend Englisch + Montenegrinisch \/ Serbisch. Bitte beachten Sie, dass f\u00fcr diese Reise passables Englisch erforderlich ist, da Gigo kein Deutsch spricht!<strong> <\/strong><\/p>\n<p>&nbsp;<\/p>\n<hr \/>\n<h1 style=\"font-family: 'Frankie'; color: #333333; text-align: center;\">M\u00f6chte mehr sehen? Kuck mal unser Video an!<\/h1>\n<div class=\"epyt-video-wrapper\"><iframe  id=\"_ytid_15630\"  width=\"748\" height=\"421\"  data-origwidth=\"748\" data-origheight=\"421\"  data-relstop=\"1\" src=\"https:\/\/www.youtube.com\/embed\/FfMENkA0dmc\">https:\/\/www.youtube.com\/watch?enablejsapi=1&autoplay=0&cc_load_policy=0&cc_lang_pref=&iv_load_policy=1&loop=0&modestbranding=0&rel=0&fs=1&playsinline=0&autohide=2&theme=dark&color=red&controls=1&\" class=\"__youtube_prefs__  no-lazyload\" title=\"YouTube player\"  allow=\"fullscreen; accelerometer; autoplay; clipboard-write; encrypted-media; gyroscope; picture-in-picture\" allowfullscreen data-no-lazy=\"1\" data-skipgform_ajax_framebjll=\"\"><\/iframe><\/div>\n","protected":false},"excerpt":{"rendered":"<p>Ein Packrafting-Abenteuer am Wochenende auf drei wundersch\u00f6nen unber\u00fchrten Fl\u00fcssen!<\/p>\n<p>&nbsp;<\/p>\n","protected":false},"featured_media":65496,"comment_status":"closed","ping_status":"closed","template":"","meta":{"_monsterinsights_skip_tracking":false,"_monsterinsights_sitenote_active":false,"_monsterinsights_sitenote_note":"","_monsterinsights_sitenote_category":0,"_uf_show_specific_survey":0,"_uf_disable_surveys":false},"product_brand":[],"product_cat":[272],"product_tag":[279,276,275],"class_list":{"0":"post-65504","1":"product","2":"type-product","3":"status-publish","4":"has-post-thumbnail","6":"product_cat-kajak-fahren","7":"product_tag-kayaking-de-2","8":"product_tag-multi-active-de","9":"product_tag-wandern","11":"first","12":"instock","13":"shipping-taxable","14":"product-type-tour"},"aioseo_notices":[],"_links":{"self":[{"href":"https:\/\/undiscoveredbalkans.com\/de\/wp-json\/wp\/v2\/product\/65504","targetHints":{"allow":["GET"]}}],"collection":[{"href":"https:\/\/undiscoveredbalkans.com\/de\/wp-json\/wp\/v2\/product"}],"about":[{"href":"https:\/\/undiscoveredbalkans.com\/de\/wp-json\/wp\/v2\/types\/product"}],"replies":[{"embeddable":true,"href":"https:\/\/undiscoveredbalkans.com\/de\/wp-json\/wp\/v2\/comments?post=65504"}],"wp:featuredmedia":[{"embeddable":true,"href":"https:\/\/undiscoveredbalkans.com\/de\/wp-json\/wp\/v2\/media\/65496"}],"wp:attachment":[{"href":"https:\/\/undiscoveredbalkans.com\/de\/wp-json\/wp\/v2\/media?parent=65504"}],"wp:term":[{"taxonomy":"product_brand","embeddable":true,"href":"https:\/\/undiscoveredbalkans.com\/de\/wp-json\/wp\/v2\/product_brand?post=65504"},{"taxonomy":"product_cat","embeddable":true,"href":"https:\/\/undiscoveredbalkans.com\/de\/wp-json\/wp\/v2\/product_cat?post=65504"},{"taxonomy":"product_tag","embeddable":true,"href":"https:\/\/undiscoveredbalkans.com\/de\/wp-json\/wp\/v2\/product_tag?post=65504"}],"curies":[{"name":"wp","href":"https:\/\/api.w.org\/{rel}","templated":true}]}}