{"id":59651,"date":"2018-01-09T13:27:39","date_gmt":"2020-12-03T12:12:42","guid":{"rendered":"https:\/\/undiscoveredbalkans.com\/product\/montenegro-und-bosnien-7-tage\/"},"modified":"2020-12-03T13:14:16","modified_gmt":"2020-12-03T12:14:16","slug":"multi-activity-holiday-montenegro-bosnia","status":"publish","type":"product","link":"https:\/\/undiscoveredbalkans.com\/de\/tours\/multi-activity-holiday-montenegro-bosnia\/","title":{"rendered":"Montenegro und Bosnien &#8211; 7 Tage"},"content":{"rendered":"<h2>Montenegro\/Bosnien Reise<\/h2>\n<p><img decoding=\"async\" class=\"one alignleft\" src=\"https:\/\/undiscoveredbalkans.com\/wp-content\/uploads\/resplogo.png\" alt=\"\" width=\"112\" height=\"61\" border=\"0\" \/><i>\u201eEiner der europ\u00e4ischen Eurostars, der so hell zu gl\u00e4nzen beginnt wie das benachbarte Kroatien und Montenegro &#8230; Bosnien-Herzegowina ist voller kultureller Juwelen, und Reisen nach Sarajevo f\u00fchren Sie nicht nur zur\u00fcck zu sch\u00f6nen alten Zivilisationen, sondern zeigen auch sch\u00f6ne zeitgen\u00f6ssische zu.&#8220;<\/i> <a href=\"https:\/\/www.responsibletravel.com\/holidays\/bosnia-herzegovina\">Responsible Travel, 2018<\/a><\/p>\n<p class=\"normal\"><b><i>2021 Abreisedaten: jeden Sonntag oder Mittwoch, Mai-September<\/i> <img fetchpriority=\"high\" decoding=\"async\" class=\"size-medium wp-image-5934 alignleft\" src=\"https:\/\/undiscoveredbalkans.com\/wp-content\/uploads\/2018\/01\/mostar-300x200.jpg\" alt=\"\" width=\"300\" height=\"200\" srcset=\"https:\/\/undiscoveredbalkans.com\/wp-content\/uploads\/2018\/01\/mostar-300x200.jpg 300w, https:\/\/undiscoveredbalkans.com\/wp-content\/uploads\/2018\/01\/mostar-180x120.jpg 180w, https:\/\/undiscoveredbalkans.com\/wp-content\/uploads\/2018\/01\/mostar-768x512.jpg 768w, https:\/\/undiscoveredbalkans.com\/wp-content\/uploads\/2018\/01\/mostar-1024x682.jpg 1024w, https:\/\/undiscoveredbalkans.com\/wp-content\/uploads\/2018\/01\/mostar-531x354.jpg 531w, https:\/\/undiscoveredbalkans.com\/wp-content\/uploads\/2018\/01\/mostar-600x400.jpg 600w, https:\/\/undiscoveredbalkans.com\/wp-content\/uploads\/2018\/01\/mostar.jpg 1129w\" sizes=\"(max-width: 300px) 100vw, 300px\" \/><\/b><\/p>\n<p>Wir leben und atmen Montenegro, aber wir glauben, da\u00df ein Apfel immer nur ein Teil eines Baumes ist, und als solcher k\u00f6nnen wir uns nicht nur auf ein erstaunliches Land beschr\u00e4nken!<\/p>\n<p>Gleich hinter der Grenze liegt das wilde und \u00fcberraschende Bosnien. M\u00f6glicherweise ist Bosnien, das am wenigsten besuchte aller L\u00e4nder im ehemaligen Jugoslawien, auch epische Landschaften, faszinierende St\u00e4dte und eine faszinierende Geschichte, die dem neugierigeren Reisenden offenbart werden kann. Diese Tour verbindet Montenegro und Bosnien auf perfekte Weise und kombiniert kulturelle Stadtbesuche sowie Aktivit\u00e4ten in unber\u00fchrter Natur. Die Mission dieses Programms ist es, da\u00df die G\u00e4ste den wahren Balkan-Geist, den Lebensstil, die Traditionen und die kulturelle Komplexit\u00e4t sowie die nat\u00fcrliche Sch\u00f6nheit entdecken!<\/p>\n<p>Das Programm basiert auf 4 aktiven Tagen &#8211; 2 Wandertouren in Bosnien (Lukomir und Diva Grabovica), eine Wanderung in Montenegro (Durmitor NP) und eine Raftingtour auf dem Fluss Tara im zweittiefsten Canyon der Welt. Der Schwierigkeitsgrad f\u00fcr jede Tour ist leicht bis mittelschwer, ohne technische Anforderungen. Alle Aktivit\u00e4ten werden von erfahrenen und lizenzierten montenegrinischen und bosnischen F\u00fchrern geleitet. Ohne aktive Tage stehen 3 Tage mit Besichtigung der Sehensw\u00fcrdigkeiten von Mostar und Sarajevo, der Altstadt von Po\u010ditelj und der Vrelo-Bune auf dem Programm.<\/p>\n<p><i><b>Alle Transporte, Unterk\u00fcnfte und Mahlzeiten sind inbegriffen, ebenso wie qualifizierte Guides, die Sie rund um die Uhr von Ihrem Standort abholen und am Ende Ihrer Reise zum Flughafen Podgorica zur\u00fcckbringen.<\/b><\/i><\/p>\n<hr \/>\n<p><img decoding=\"async\" class=\"size-full wp-image-6084 alignleft\" src=\"https:\/\/undiscoveredbalkans.com\/wp-content\/uploads\/2018\/03\/vuk.jpg\" alt=\"\" width=\"110\" height=\"110\" \/> <img loading=\"lazy\" decoding=\"async\" class=\"size-full wp-image-6086 alignleft\" src=\"https:\/\/undiscoveredbalkans.com\/wp-content\/uploads\/2018\/03\/bojanas.jpg\" alt=\"\" width=\"110\" height=\"110\" \/><b>Ihre Reiseleiter: Vuk and Bojana<\/b> sind ein Bruder- und Schwesterteam, das seit 4 Jahren mit Undiscovered Montenegro zusammenarbeitet. Beide haben eine Leidenschaft f\u00fcr die Natur und insbesondere f\u00fcr den Norden Montenegros. Je abgelegener das Gebiet ist, desto wahrscheinlicher ist es, da\u00df sie es erkunden! Vuk und Bojana sprechen ausgezeichnet Englisch und haben die volle Qualifikation als Bergf\u00fchrer. Bitte beachten Sie, dass G\u00e4ste f\u00fcr diese Reise passables Englisch ben\u00f6tigen, da sie kein Deutsch sprechen!<\/p>\n","protected":false},"excerpt":{"rendered":"<p>Erleben Sie das Beste aus dem wilden Montenegro und dem benachbarten Bosnien!<\/p>\n","protected":false},"featured_media":67722,"comment_status":"closed","ping_status":"closed","template":"","meta":{"_monsterinsights_skip_tracking":false,"_monsterinsights_sitenote_active":false,"_monsterinsights_sitenote_note":"","_monsterinsights_sitenote_category":0,"_uf_show_specific_survey":0,"_uf_disable_surveys":false},"product_brand":[],"product_cat":[111,274],"product_tag":[275,279],"class_list":{"0":"post-59651","1":"product","2":"type-product","3":"status-publish","4":"has-post-thumbnail","6":"product_cat-uncategorized","7":"product_cat-multiaktivitat-de","8":"product_tag-wandern","9":"product_tag-kayaking-de-2","11":"first","12":"instock","13":"shipping-taxable","14":"product-type-tour"},"aioseo_notices":[],"_links":{"self":[{"href":"https:\/\/undiscoveredbalkans.com\/de\/wp-json\/wp\/v2\/product\/59651","targetHints":{"allow":["GET"]}}],"collection":[{"href":"https:\/\/undiscoveredbalkans.com\/de\/wp-json\/wp\/v2\/product"}],"about":[{"href":"https:\/\/undiscoveredbalkans.com\/de\/wp-json\/wp\/v2\/types\/product"}],"replies":[{"embeddable":true,"href":"https:\/\/undiscoveredbalkans.com\/de\/wp-json\/wp\/v2\/comments?post=59651"}],"wp:featuredmedia":[{"embeddable":true,"href":"https:\/\/undiscoveredbalkans.com\/de\/wp-json\/wp\/v2\/media\/67722"}],"wp:attachment":[{"href":"https:\/\/undiscoveredbalkans.com\/de\/wp-json\/wp\/v2\/media?parent=59651"}],"wp:term":[{"taxonomy":"product_brand","embeddable":true,"href":"https:\/\/undiscoveredbalkans.com\/de\/wp-json\/wp\/v2\/product_brand?post=59651"},{"taxonomy":"product_cat","embeddable":true,"href":"https:\/\/undiscoveredbalkans.com\/de\/wp-json\/wp\/v2\/product_cat?post=59651"},{"taxonomy":"product_tag","embeddable":true,"href":"https:\/\/undiscoveredbalkans.com\/de\/wp-json\/wp\/v2\/product_tag?post=59651"}],"curies":[{"name":"wp","href":"https:\/\/api.w.org\/{rel}","templated":true}]}}