{"id":51003,"date":"2015-07-10T16:05:27","date_gmt":"2020-11-19T09:41:12","guid":{"rendered":"https:\/\/undiscoveredbalkans.com\/product\/familienberge-multi-aktivitaet-7-tage\/"},"modified":"2023-06-01T21:20:42","modified_gmt":"2023-06-01T19:20:42","slug":"familien-multiaktivitatsurlaub-montenegro-berge","status":"publish","type":"product","link":"https:\/\/undiscoveredbalkans.com\/de\/tours\/familien-multiaktivitatsurlaub-montenegro-berge\/","title":{"rendered":"Familienberge Multiaktivit\u00e4tsurlaub &#8211; 7 Tage"},"content":{"rendered":"<h2>Familiensommer-Multiaktivit\u00e4tsurlaub, 3 Standorte<\/h2>\n<p><img decoding=\"async\" class=\"one alignleft\" src=\"https:\/\/undiscoveredbalkans.com\/wp-content\/uploads\/tripadvisor.jpg\" alt=\"\" width=\"200\" height=\"61\" border=\"0\" \/><i>&#8222;Tadellos organisiert, einschlie\u00dflich der ersten Erfahrungen der Kinder (7 und 9 Jahre) mit Canyoning, Wildwasser-Rafting und Kanufahren &#8230; Ben, Emma und Vuk sind alle fantastische Gastgeber und Guides. Die Reiseroute ist sehr gut gestaltet und umfasst viele Aktivit\u00e4ten, aber auch gen\u00fcgend Ausfallzeiten, damit Sie sich nie \u00fcberst\u00fcrzt f\u00fchlen. Die Unterkunft wurde sorgf\u00e4ltig ausgew\u00e4hlt &#8211; einfach, aber komfortabel an einigen fantastischen Orten mit freundlichem Personal und gro\u00dfartigem Essen. &#8222;<\/i> <a href=\"https:\/\/www.tripadvisor.com\/ShowUserReviews-g1232143-d4400462-r697630690-Undiscovered_Montenegro-Virpazar_Bar_Municipality.html\" target=\"_blank\" rel=\"noopener noreferrer\"><br \/>\nCathy Oxby, August 2020<\/a><\/p>\n<p class=\"normal\"><b><i>Abreisedaten 2021: jeden Sonntag von Juni bis September<\/i> <\/b><\/p>\n<p class=\"normal\"><em><span style=\"font-size: 12pt;\"><strong><a href=\"https:\/\/undiscoveredbalkans.com\/coronavirus\">Covid-19 &#8211; alle Ihre Fragen zu Reisen mit uns nach Montenegro beantwortet<\/a><\/strong><\/span><\/em><\/p>\n<p><img fetchpriority=\"high\" decoding=\"async\" class=\"wp-image-49416 size-medium alignleft\" title=\"family active holiday\" src=\"https:\/\/undiscoveredbalkans.com\/wp-content\/uploads\/2020\/04\/GOPR0914_1565521185282_high-300x225.jpg\" alt=\"young kids canyoning\" width=\"300\" height=\"225\" srcset=\"https:\/\/undiscoveredbalkans.com\/wp-content\/uploads\/2020\/04\/GOPR0914_1565521185282_high-300x225.jpg 300w, https:\/\/undiscoveredbalkans.com\/wp-content\/uploads\/2020\/04\/GOPR0914_1565521185282_high-1024x768.jpg 1024w, https:\/\/undiscoveredbalkans.com\/wp-content\/uploads\/2020\/04\/GOPR0914_1565521185282_high-768x576.jpg 768w, https:\/\/undiscoveredbalkans.com\/wp-content\/uploads\/2020\/04\/GOPR0914_1565521185282_high-1536x1152.jpg 1536w, https:\/\/undiscoveredbalkans.com\/wp-content\/uploads\/2020\/04\/GOPR0914_1565521185282_high-scaled.jpg 2048w, https:\/\/undiscoveredbalkans.com\/wp-content\/uploads\/2020\/04\/GOPR0914_1565521185282_high-600x450.jpg 600w\" sizes=\"(max-width: 300px) 100vw, 300px\" \/><\/p>\n<p>Unser<a href=\"https:\/\/undiscoveredbalkans.com\/search-form-1\/multi-activity-holiday-lake-skadar\/\">Lake Skadar Multiaktivit\u00e4tsurlaub<\/a> ist so beliebt, dass wir oft feststellen, dass die Schulferien vor Weihnachten ausverkauft sind. Anschlie\u00dfend wurden wir von mehreren Familien gebeten, einen alternativen Urlaub zusammenzustellen, der auch f\u00fcr diejenigen mit j\u00fcngeren Kindern geeignet ist &#8211; also hier ist unser aktiver Familienurlaub!<\/p>\n<p>Wenn Sie an drei wundersch\u00f6nen Orten in Montenegro \u00fcbernachten, k\u00f6nnen Sie und Ihre Kinder eine Vielzahl von Ausfl\u00fcgen unternehmen, die speziell f\u00fcr j\u00fcngere Kinder konzipiert wurden &#8211; ein wenig Wandern, Kajakfahren, Rafting, Canyoning und sogar Seilrutschen &#8211; alles unter den wachsamen Augen eines voll qualifizierten Reiseleiters. Wenn Sie schon immer abenteuerlustig waren und darauf gewartet haben, dass Ihre Kleinen erwachsen werden, damit Sie einen gemeinsamen Urlaub genie\u00dfen k\u00f6nnen, in dem Sie nicht eine Woche am Pool faulenzen m\u00fcssen, ist dies m\u00f6glicherweise der Familienurlaub f\u00fcr Sie!<\/p>\n<p>NB &#8211; unser empfohlenes Mindestalter f\u00fcr diesen Urlaub betr\u00e4gt 8 Jahre &#8211; aber wir k\u00f6nnen Ausnahmen f\u00fcr au\u00dfergew\u00f6hnliche Kinder machen. Bitte z\u00f6gern Sie nicht, sich bei uns zu erkundigen, ob Ihre Kinder in diese Kategorie fallen!<img decoding=\"async\" class=\" wp-image-43236 alignright\" src=\"https:\/\/undiscoveredbalkans.com\/wp-content\/uploads\/2020\/08\/Covid-Badge-PNG-e1596655818510.png\" alt=\"\" width=\"144\" height=\"149\" \/><\/p>\n<p><strong><span style=\"font-size: 12pt;\">Book to Give Back &#8211; jede Buchung l\u00f6st eine Spende f\u00fcr unsere ausgew\u00e4hlten lokalen Umwelt- und Gemeindezwecke aus!<\/span><\/strong><\/p>\n<p><i><b>Alle Transporte und Mahlzeiten sind w\u00e4hrend Ihres Urlaubs inbegriffen, sowie ein qualifizierter 24\/7-Reiseleiter, der Sie am Ende Ihrer Reise abholt und zum Flughafen Podgorica oder Tivat zur\u00fcckbringt.<\/b><\/i><\/p>\n<hr \/>\n<p><img loading=\"lazy\" decoding=\"async\" class=\"alignleft wp-image-6084 size-full\" title=\"aktiver familienurlaub\" src=\"https:\/\/undiscoveredbalkans.com\/wp-content\/uploads\/Ben.jpg\" alt=\"\" width=\"110\" height=\"110\" \/> <img loading=\"lazy\" decoding=\"async\" class=\"alignleft wp-image-6086 size-full\" title=\"aktiver familienurlaub\" src=\"https:\/\/undiscoveredbalkans.com\/wp-content\/uploads\/Emma.jpg\" alt=\"\" width=\"110\" height=\"110\" \/><b>Ihre Reiseleiter<\/b>: Das englische Ehepaar Ben und Emma leben und arbeiten seit 11 Jahren am Skadarsee und f\u00fchren Undiscovered Montenegro gemeinsam von ihrem liebevoll restaurierten G\u00e4stehaus Villa Miela aus. Als Rucksacktouristen, die aufgewachsen sind und Kinder hatten, setzen sie sich f\u00fcr nachhaltige Abenteuer von h\u00f6chster Qualit\u00e4t ein, basierend auf ihrem umfassenden lokalen Wissen und ihrem globalen Know-how. Beide sprechen fast flie\u00dfend montenegrinisch \/ serbisch sowie englisch. Ben spricht auch flie\u00dfend Deutsch!<\/p>\n<hr \/>\n<h1 style=\"font-family: 'Frankie'; color: #333333; text-align: center;\">M\u00f6chte mehr sehen? Kuck mal unser Video an!<\/h1>\n<div class=\"epyt-video-wrapper\"><iframe  id=\"_ytid_46864\"  width=\"748\" height=\"421\"  data-origwidth=\"748\" data-origheight=\"421\"  data-relstop=\"1\" src=\"https:\/\/www.youtube.com\/embed\/-cXkeBbQQWw?enablejsapi=1&#038;autoplay=0&#038;cc_load_policy=0&#038;cc_lang_pref=&#038;iv_load_policy=1&#038;loop=0&#038;modestbranding=0&#038;rel=0&#038;fs=1&#038;playsinline=0&#038;autohide=2&#038;theme=dark&#038;color=red&#038;controls=1&#038;\" class=\"__youtube_prefs__  epyt-is-override  no-lazyload\" title=\"YouTube player\"  allow=\"fullscreen; accelerometer; autoplay; clipboard-write; encrypted-media; gyroscope; picture-in-picture\" allowfullscreen data-no-lazy=\"1\" data-skipgform_ajax_framebjll=\"\"><\/iframe><\/div>\n","protected":false},"excerpt":{"rendered":"<p>Ein multiaktives Sommerabenteuer f\u00fcr Familien mit superaktiven j\u00fcngeren Kindern!<\/p>\n","protected":false},"featured_media":51004,"comment_status":"closed","ping_status":"closed","template":"","meta":{"_monsterinsights_skip_tracking":false,"_monsterinsights_sitenote_active":false,"_monsterinsights_sitenote_note":"","_monsterinsights_sitenote_category":0,"_uf_show_specific_survey":0,"_uf_disable_surveys":false},"product_brand":[],"product_cat":[274],"product_tag":[313,307,285,276,312,275],"class_list":{"0":"post-51003","1":"product","2":"type-product","3":"status-publish","4":"has-post-thumbnail","6":"product_cat-multiaktivitat-de","7":"product_tag-canyoning-de","8":"product_tag-familien","9":"product_tag-montenegro-de","10":"product_tag-multi-active-de","11":"product_tag-rafting-de","12":"product_tag-wandern","13":"tour_category-holidays-in-montenegro-de","15":"first","16":"instock","17":"shipping-taxable","18":"product-type-tour"},"aioseo_notices":[],"_links":{"self":[{"href":"https:\/\/undiscoveredbalkans.com\/de\/wp-json\/wp\/v2\/product\/51003","targetHints":{"allow":["GET"]}}],"collection":[{"href":"https:\/\/undiscoveredbalkans.com\/de\/wp-json\/wp\/v2\/product"}],"about":[{"href":"https:\/\/undiscoveredbalkans.com\/de\/wp-json\/wp\/v2\/types\/product"}],"replies":[{"embeddable":true,"href":"https:\/\/undiscoveredbalkans.com\/de\/wp-json\/wp\/v2\/comments?post=51003"}],"wp:featuredmedia":[{"embeddable":true,"href":"https:\/\/undiscoveredbalkans.com\/de\/wp-json\/wp\/v2\/media\/51004"}],"wp:attachment":[{"href":"https:\/\/undiscoveredbalkans.com\/de\/wp-json\/wp\/v2\/media?parent=51003"}],"wp:term":[{"taxonomy":"product_brand","embeddable":true,"href":"https:\/\/undiscoveredbalkans.com\/de\/wp-json\/wp\/v2\/product_brand?post=51003"},{"taxonomy":"product_cat","embeddable":true,"href":"https:\/\/undiscoveredbalkans.com\/de\/wp-json\/wp\/v2\/product_cat?post=51003"},{"taxonomy":"product_tag","embeddable":true,"href":"https:\/\/undiscoveredbalkans.com\/de\/wp-json\/wp\/v2\/product_tag?post=51003"}],"curies":[{"name":"wp","href":"https:\/\/api.w.org\/{rel}","templated":true}]}}