{"id":50964,"date":"2018-01-09T13:25:07","date_gmt":"2020-11-19T09:07:29","guid":{"rendered":"https:\/\/undiscoveredbalkans.com\/product\/kroatien-montenegro-kajak-fahren-10-tage\/"},"modified":"2023-06-01T21:20:42","modified_gmt":"2023-06-01T19:20:42","slug":"kajak-urlaub-montenegro-kroatien","status":"publish","type":"product","link":"https:\/\/undiscoveredbalkans.com\/de\/tours\/kajak-urlaub-montenegro-kroatien\/","title":{"rendered":"Kroatien \/ Montenegro Kajak fahren &#8211; 10 Tage"},"content":{"rendered":"<h2>10 Tage Kajakurlaub am Skadarsee und auf den kroatischen Elafiti-Inseln<\/h2>\n<p><img decoding=\"async\" class=\"one alignleft\" src=\"https:\/\/undiscoveredbalkans.com\/wp-content\/uploads\/resplogo.png\" alt=\"\" width=\"112\" height=\"61\" border=\"0\" \/><i>&#8222;F\u00fcr diejenigen, die neue Orte sehen, atemberaubende Aussichten und wild lebende Tiere sehen und die lokale Kultur erleben m\u00f6chten, ist dies eine fantastische Erfahrung &#8230; absolut brillant.&#8220;<\/i> <a href=\"http:\/\/www.responsibletravel.com\/review\/?id=18490\" target=\"_blank\" rel=\"noopener noreferrer\">Richard Main, August 2017<\/a><\/p>\n<p class=\"normal\"><b><i>2021 Abreisedaten: Beliebig (Sonntag bis Mittwoch)<\/i> <img fetchpriority=\"high\" decoding=\"async\" class=\"size-medium wp-image-5942 alignleft\" src=\"https:\/\/undiscoveredbalkans.com\/wp-content\/uploads\/2018\/01\/IMG_4721-300x214.jpg\" alt=\"\" width=\"300\" height=\"214\" srcset=\"https:\/\/undiscoveredbalkans.com\/wp-content\/uploads\/2018\/01\/IMG_4721-300x214.jpg 300w, https:\/\/undiscoveredbalkans.com\/wp-content\/uploads\/2018\/01\/IMG_4721-768x549.jpg 768w, https:\/\/undiscoveredbalkans.com\/wp-content\/uploads\/2018\/01\/IMG_4721-1024x732.jpg 1024w, https:\/\/undiscoveredbalkans.com\/wp-content\/uploads\/2018\/01\/IMG_4721-600x429.jpg 600w\" sizes=\"(max-width: 300px) 100vw, 300px\" \/><\/b><\/p>\n<p>Wenn Sie sich jemals zwischen einem Seekajakfahren auf wundersch\u00f6nen kroatischen Inseln oder dem Paddeln auf dem atemberaubenden Skadarsee Montenegros entscheiden mussten, ist Ihr Dilemma vorbei &#8211; diese Reise bietet Ihnen das Beste aus beiden Welten! Mit unseren Partnern, <a href=\"http:\/\/www.adriaadventure.hr\/\" target=\"_blank\" rel=\"noopener noreferrer\">Adria Adventures<\/a>, k\u00f6nnen Sie jetzt zwei der bemerkenswertesten und unvergesslichsten Kajakorte im selben Urlaub erleben, angef\u00fchrt von voll qualifizierten, zweisprachigen Kajakf\u00fchrern.<\/p>\n<p>Abgeschiedene Str\u00e4nde, geheime H\u00f6hlen, malerische Kl\u00f6ster, versunkene Flussbetten und atemberaubende Landschaften geh\u00f6ren zur Standardausstattung &#8211; klicken Sie auf die n\u00e4chsten Registerkarten, um eine detaillierte Reiseroute und Bilder einiger der verf\u00fchrerischen Orte zu erhalten!<\/p>\n<p><i><b>Ausr\u00fcstung<\/b>: Wir liefern alle Kajak- und Sicherheitsausr\u00fcstung. F\u00fcr die kroatische Etappe verwenden wir Einzel- oder Tandem-Seekajaks. F\u00fcr das montenegrinische Etappe verwenden wir aufblasbare Z-Pro Tango Tandems.<\/i><\/p>\n<hr \/>\n<p><b><img decoding=\"async\" class=\"size-full wp-image-4031 alignleft\" src=\"https:\/\/undiscoveredbalkans.com\/wp-content\/uploads\/Ben.jpg\" alt=\"\" width=\"110\" height=\"110\" \/> <img loading=\"lazy\" decoding=\"async\" class=\"size-full wp-image-6084 alignleft\" src=\"https:\/\/undiscoveredbalkans.com\/wp-content\/uploads\/2018\/03\/vuk.jpg\" alt=\"\" width=\"110\" height=\"110\" \/>Ihre Reiseleiter: <strong>Ben <\/strong><\/b>lebt und arbeitet seit 10 Jahren am Skadarsee und leitet Undiscovered Montenegro. Er spricht flie\u00dfend Deutsch und Montenegrinisch. Er ist ein von der BCU registrierter Kajak-Trainer und spricht fast flie\u00dfend Montenegrinisch sowie Englisch. <b><strong>Vuk<\/strong><\/b> hat f\u00fcr den letzten 6 Jahren mit Undiscovered Montenegro zusammengearbeitet und ist ein ECU-registrierter Kajakf\u00fchrer. Er spricht ausgezeichnet Englisch, aber kein Deutsch.<\/p>\n","protected":false},"excerpt":{"rendered":"<p>Kroatiens atemberaubende Elafiti-Inseln und Montenegros Skadar-See &#8211; mit dem kayak!<\/p>\n","protected":false},"featured_media":5944,"comment_status":"closed","ping_status":"closed","template":"","meta":{"_monsterinsights_skip_tracking":false,"_monsterinsights_sitenote_active":false,"_monsterinsights_sitenote_note":"","_monsterinsights_sitenote_category":0,"_uf_show_specific_survey":0,"_uf_disable_surveys":false},"product_brand":[],"product_cat":[272],"product_tag":[],"class_list":{"0":"post-50964","1":"product","2":"type-product","3":"status-publish","4":"has-post-thumbnail","6":"product_cat-kajak-fahren","7":"tour_category-holidays-in-croatia-de","9":"first","10":"instock","11":"shipping-taxable","12":"product-type-tour"},"aioseo_notices":[],"_links":{"self":[{"href":"https:\/\/undiscoveredbalkans.com\/de\/wp-json\/wp\/v2\/product\/50964","targetHints":{"allow":["GET"]}}],"collection":[{"href":"https:\/\/undiscoveredbalkans.com\/de\/wp-json\/wp\/v2\/product"}],"about":[{"href":"https:\/\/undiscoveredbalkans.com\/de\/wp-json\/wp\/v2\/types\/product"}],"replies":[{"embeddable":true,"href":"https:\/\/undiscoveredbalkans.com\/de\/wp-json\/wp\/v2\/comments?post=50964"}],"wp:featuredmedia":[{"embeddable":true,"href":"https:\/\/undiscoveredbalkans.com\/de\/wp-json\/wp\/v2\/media\/5944"}],"wp:attachment":[{"href":"https:\/\/undiscoveredbalkans.com\/de\/wp-json\/wp\/v2\/media?parent=50964"}],"wp:term":[{"taxonomy":"product_brand","embeddable":true,"href":"https:\/\/undiscoveredbalkans.com\/de\/wp-json\/wp\/v2\/product_brand?post=50964"},{"taxonomy":"product_cat","embeddable":true,"href":"https:\/\/undiscoveredbalkans.com\/de\/wp-json\/wp\/v2\/product_cat?post=50964"},{"taxonomy":"product_tag","embeddable":true,"href":"https:\/\/undiscoveredbalkans.com\/de\/wp-json\/wp\/v2\/product_tag?post=50964"}],"curies":[{"name":"wp","href":"https:\/\/api.w.org\/{rel}","templated":true}]}}