{"id":50821,"date":"2018-01-09T13:26:46","date_gmt":"2020-11-19T08:01:06","guid":{"rendered":"https:\/\/undiscoveredbalkans.com\/product\/wandern-in-albanischen-alpen-3-tage\/"},"modified":"2023-06-01T21:20:42","modified_gmt":"2023-06-01T19:20:42","slug":"albanien-alps-wanderabenteuer","status":"publish","type":"product","link":"https:\/\/undiscoveredbalkans.com\/de\/tours\/albanien-alps-wanderabenteuer\/","title":{"rendered":"Wandern in albanischen Alpen &#8211; 3 Tage"},"content":{"rendered":"<h2>Wanderabenteuer in den albanischen Alpen, 3 Tage<\/h2>\n<p><img decoding=\"async\" class=\"one alignleft\" src=\"https:\/\/undiscoveredbalkans.com\/wp-content\/uploads\/resplogo.png\" alt=\"\" width=\"112\" height=\"61\" border=\"0\" \/><i>&#8222;Wir hatten eine ausgezeichnete Zeit und haben Gleichgesinnte getroffen, um sie zu erkunden. Es war gro\u00dfartig. Machen Sie auf jeden Fall den Teil Albaniens &#8211; es ist ein erstaunliches Land zu besuchen und der Spaziergang \u00fcber die Berge ist episch!&#8220;<\/i> <a href=\"https:\/\/www.responsibletravel.com\/review\/?id=15631\" target=\"_blank\" rel=\"noopener noreferrer\"><br \/>\nDawn Ballard, Juni 2017<\/a><br \/>\n<img fetchpriority=\"high\" decoding=\"async\" class=\"two alignright\" title=\"Theth Valbona hike\" src=\"https:\/\/undiscoveredbalkans.com\/wp-content\/uploads\/2018\/01\/IMG_4498.jpg\" alt=\"Theth village, Albania\" width=\"300\" height=\"220\" border=\"0\" \/><\/p>\n<p class=\"normal\"><b><em><i>2021 Abreisedaten: jeden Sonntag von Mitte Mai bis Mitte Oktober<\/i><\/em> (min. 2 Personen)<\/b><\/p>\n<p><em><span style=\"font-size: 12pt;\"><strong><a href=\"https:\/\/undiscoveredbalkans.com\/coronavirus\">Covid-19 &#8211; alle Ihre Fragen zum Reisen mit uns beantwortet<\/a><\/strong><\/span><\/em><\/p>\n<p>Entdecken Sie Albanien und die epische Sch\u00f6nheit der albanischen Alpen! Dank der <a href=\"https:\/\/www.ryanair.com\/\" target=\"_blank\" rel=\"noopener noreferrer\">Billigfluggesellschaften<\/a>, die jetzt nach Podgorica fliegen (weniger als 4 Stunden von Theth entfernt, wo diese Tour beginnt), ist dieses atemberaubend h\u00fcbsche und noch wenig bekannte Reiseziel die perfekte Erg\u00e4nzung zu unserem einw\u00f6chigen <a href=\"https:\/\/undiscoveredbalkans.com\/search-form-1\/multi-activity-holiday-lake-skadar\/\">Multiaktivit\u00e4tsurlaub am Skadarsee<\/a>. Deshalb haben wir es geschaffen!<\/p>\n<p>Unser 3-Tage-Paket entf\u00fchrt Sie in ein Abenteuer im Herzen eines der abgelegensten Ziele Europas und kombiniert eine unglaubliche Tageswanderung mit einer atemberaubenden Fahrt mit der F\u00e4hre. Die Tour beginnt im Bergdorf Theth, unsere steile Stra\u00dfe dort bietet fast so viel Abenteuer wie die Wanderung am n\u00e4chsten Tag (im letzten Abschnitt fehlt noch Asphalt!). Am n\u00e4chsten Morgen machen wir uns fr\u00fch auf den Weg zur zu Recht ber\u00fchmten Wanderung von Theth nach Valbona, einem 16 km langen epischen Spaziergang durch Weiden und W\u00e4lder entlang eines steilen Gebirgspasses mit einer H\u00f6he von 1.759 m. Der Panoramablick wird Sie so atemlos machen wie die Reise! Unser letzter Tag beinhaltet eine unvergessliche Fahrt mit der F\u00e4hre auf dem wundersch\u00f6nen Koman-See, w\u00e4hrend wir am Skadar-See nach Shkoder fahren. Diese ehemalige Hauptstadt des alten K\u00f6nigreichs Zeta liegt nur 1,5 Stunden von Podgorica entfernt.<img decoding=\"async\" class=\" wp-image-43236 alignright\" src=\"https:\/\/undiscoveredbalkans.com\/wp-content\/uploads\/2020\/08\/Covid-Badge-PNG-e1596655818510.png\" alt=\"\" width=\"160\" height=\"165\" \/><\/p>\n<p>Erleben Sie mit uns eine der letzten Bauernkulturen Europas, lernen Sie die Blutfehden, die vereidigten Jungfrauen der Berge, das Leben unter Enver Hoxha, einem der verr\u00fccktesten aller europ\u00e4ischen Diktatoren, und vieles mehr kennen! NB. Ein angemessenes Ma\u00df an Fitness ist erforderlich &#8211; die Wanderung dauert 6-8 Stunden und ist m\u00e4\u00dfig.<\/p>\n<p>Wir empfehlen diese Tour ab 8 Jahren (obwohl wir Ausnahmen f\u00fcr au\u00dfergew\u00f6hnliche Kinder machen k\u00f6nnen!)<\/p>\n<hr \/>\n<p><b><img loading=\"lazy\" decoding=\"async\" class=\"alignleft wp-image-50932\" title=\"Discover Albania\" src=\"https:\/\/undiscoveredbalkans.com\/wp-content\/uploads\/2018\/01\/aryan-300x300.jpg\" alt=\"\" width=\"120\" height=\"120\" srcset=\"https:\/\/undiscoveredbalkans.com\/wp-content\/uploads\/2018\/01\/aryan-300x300.jpg 300w, https:\/\/undiscoveredbalkans.com\/wp-content\/uploads\/2018\/01\/aryan-150x150.jpg 150w, https:\/\/undiscoveredbalkans.com\/wp-content\/uploads\/2018\/01\/aryan-768x768.jpg 768w, https:\/\/undiscoveredbalkans.com\/wp-content\/uploads\/2018\/01\/aryan-600x600.jpg 600w, https:\/\/undiscoveredbalkans.com\/wp-content\/uploads\/2018\/01\/aryan.jpg 960w\" sizes=\"(max-width: 120px) 100vw, 120px\" \/>Ihr Reiseleiter:<\/b>Arian ist ein abenteuerlustiger freiberuflicher Reiseleiter, der seit \u00fcber 15 Jahren in seiner Heimat f\u00fchrt. Als Bergspezialist kennt er Albaniens unerforschte Regionen wie seine Westentasche und ist stolz darauf, dass die G\u00e4ste ihre Besuche an den sch\u00f6nsten Orten optimal nutzen k\u00f6nnen. Er spricht Englisch und Deutsch.<\/p>\n<p>&nbsp;<\/p>\n<hr \/>\n<h1 style=\"font-family: 'Frankie'; color: #333333; text-align: center;\">M\u00f6chte mehr sehen? Kuck mal unser Video an!<\/h1>\n<div class=\"epyt-video-wrapper\"><iframe  id=\"_ytid_80050\"  width=\"748\" height=\"421\"  data-origwidth=\"748\" data-origheight=\"421\"  data-relstop=\"1\" src=\"https:\/\/www.youtube.com\/embed\/ObjhrVFjmAk?enablejsapi=1&#038;autoplay=0&#038;cc_load_policy=0&#038;cc_lang_pref=&#038;iv_load_policy=1&#038;loop=0&#038;modestbranding=0&#038;rel=0&#038;fs=1&#038;playsinline=0&#038;autohide=2&#038;theme=dark&#038;color=red&#038;controls=1&#038;\" class=\"__youtube_prefs__  epyt-is-override  no-lazyload\" title=\"YouTube player\"  allow=\"fullscreen; accelerometer; autoplay; clipboard-write; encrypted-media; gyroscope; picture-in-picture\" allowfullscreen data-no-lazy=\"1\" data-skipgform_ajax_framebjll=\"\"><\/iframe><\/div>\n","protected":false},"excerpt":{"rendered":"<p>Entdecken Sie die atemberaubende, beeindruckende Natursch\u00f6nheit der albanischen Alpen!<\/p>\n","protected":false},"featured_media":50822,"comment_status":"closed","ping_status":"closed","template":"","meta":{"_monsterinsights_skip_tracking":false,"_monsterinsights_sitenote_active":false,"_monsterinsights_sitenote_note":"","_monsterinsights_sitenote_category":0,"_uf_show_specific_survey":0,"_uf_disable_surveys":false},"product_brand":[],"product_cat":[303,271],"product_tag":[304,275],"class_list":{"0":"post-50821","1":"product","2":"type-product","3":"status-publish","4":"has-post-thumbnail","6":"product_cat-albania-de","7":"product_cat-wandern-2","8":"product_tag-albania-de","9":"product_tag-wandern","10":"tour_category-holidays-in-albania-de","12":"first","13":"instock","14":"shipping-taxable","15":"product-type-tour"},"aioseo_notices":[],"_links":{"self":[{"href":"https:\/\/undiscoveredbalkans.com\/de\/wp-json\/wp\/v2\/product\/50821","targetHints":{"allow":["GET"]}}],"collection":[{"href":"https:\/\/undiscoveredbalkans.com\/de\/wp-json\/wp\/v2\/product"}],"about":[{"href":"https:\/\/undiscoveredbalkans.com\/de\/wp-json\/wp\/v2\/types\/product"}],"replies":[{"embeddable":true,"href":"https:\/\/undiscoveredbalkans.com\/de\/wp-json\/wp\/v2\/comments?post=50821"}],"wp:featuredmedia":[{"embeddable":true,"href":"https:\/\/undiscoveredbalkans.com\/de\/wp-json\/wp\/v2\/media\/50822"}],"wp:attachment":[{"href":"https:\/\/undiscoveredbalkans.com\/de\/wp-json\/wp\/v2\/media?parent=50821"}],"wp:term":[{"taxonomy":"product_brand","embeddable":true,"href":"https:\/\/undiscoveredbalkans.com\/de\/wp-json\/wp\/v2\/product_brand?post=50821"},{"taxonomy":"product_cat","embeddable":true,"href":"https:\/\/undiscoveredbalkans.com\/de\/wp-json\/wp\/v2\/product_cat?post=50821"},{"taxonomy":"product_tag","embeddable":true,"href":"https:\/\/undiscoveredbalkans.com\/de\/wp-json\/wp\/v2\/product_tag?post=50821"}],"curies":[{"name":"wp","href":"https:\/\/api.w.org\/{rel}","templated":true}]}}