{"id":50379,"date":"2018-09-27T13:11:28","date_gmt":"2020-11-18T13:32:27","guid":{"rendered":"https:\/\/undiscoveredbalkans.com\/product\/super-active-multi-aktivitaet-7-tage\/"},"modified":"2023-06-01T21:20:42","modified_gmt":"2023-06-01T19:20:42","slug":"montenegro-super-aktiv-urlaub","status":"publish","type":"product","link":"https:\/\/undiscoveredbalkans.com\/de\/tours\/montenegro-super-aktiv-urlaub\/","title":{"rendered":"Super Active Multiaktivit\u00e4tsurlaub &#8211; 7 Tage"},"content":{"rendered":"<h2>Montenegro Super-Aktiv Urlaub<\/h2>\n<p><img decoding=\"async\" class=\"wp-image-3845 alignleft\" src=\"https:\/\/undiscoveredbalkans.com\/wp-content\/uploads\/tripadvisor.jpg\" alt=\"\" width=\"214\" height=\"65\" srcset=\"https:\/\/undiscoveredbalkans.com\/wp-content\/uploads\/tripadvisor.jpg 329w, https:\/\/undiscoveredbalkans.com\/wp-content\/uploads\/tripadvisor-300x91.jpg 300w\" sizes=\"(max-width: 214px) 100vw, 214px\" \/><i>\u201eEiner der besten Ferien, die wir hatten, und das war dem spektakul\u00e4ren Land und den Menschen in Montenegro zu verdanken, aber auch der Aufmerksamkeit, Geduld und Begeisterung unseres Reiseleiters Vuk &#8230; w\u00fcrde dies definitiv jeder Familie empfehlen, die ein Abenteuer erleben m\u00f6chte in einer unber\u00fchrten Landschaft, w\u00e4hrend sie gleichzeitig von einem F\u00fchrer und einer Agentur, die \u00f6kologisch verantwortlich sind, eine gewisse Wertsch\u00e4tzung f\u00fcr ihre Kultur erlangt. \u201c <\/i><a href=\"https:\/\/www.tripadvisor.com\/Attraction_Review-g1232143-d4400462-Reviews-Undiscovered_Montenegro-Virpazar_Bar_Municipality.html\">Mark Law, August 2019<\/a><\/p>\n<p class=\"normal\"><b><i>2021 Abreisedaten: jeden Sonntag, Mai-September<\/i> <\/b><\/p>\n<p class=\"normal\"><em><span style=\"font-size: 12pt;\"><strong><a href=\"https:\/\/undiscoveredbalkans.com\/coronavirus\">Covid-19 &#8211; alle Ihre Fragen zu Reisen mit uns nach Montenegro beantwortet<\/a><\/strong><\/span><\/em><\/p>\n<p class=\"normal\"><b><img fetchpriority=\"high\" decoding=\"async\" class=\"alignleft wp-image-6263 size-medium\" title=\"adventure holiday montenegro\" src=\"https:\/\/undiscoveredbalkans.com\/wp-content\/uploads\/2015\/07\/IMG_0813-300x225.jpg\" alt=\"\" width=\"300\" height=\"225\" \/><\/b><\/p>\n<p>Wenn Sie es f\u00fcr langweilig halten, am Schwimmbad zu entspannen, ist dies m\u00f6glicherweise der Urlaub f\u00fcr Sie! Wir packen f\u00fcnf verschiedene Aktivit\u00e4ten in eine actionreiche Woche: Canyoning, Kajakfahren, Mountainbiken, Rafting und Wandern. Jeden Tag werden wir etwas anderes machen und jeden Tag in der atemberaubenden Atmosph\u00e4re einiger der sch\u00f6nsten Orte Montenegros verbringen, von den H\u00e4ngen des Rumija-Berges bis zum Skadar-See, dem Lukavica-Berg, dem Tara-Canyon und dem Durmitor-Nationalpark.<\/p>\n<p>Dies ist ein super aktiver Abenteuerurlaub, aber keine Sorge! Sie sollten manchmal k\u00f6rperlich vorbereitet sein, aber der Schwierigkeitsgrad f\u00fcr jede Aktivit\u00e4t liegt im Durchschnitt bei \u201em\u00e4\u00dfig\u201c, und es besteht die M\u00f6glichkeit, den Schwierigkeitsgrad all dieser Aktivit\u00e4ten auf das Niveau Ihrer F\u00e4higkeiten abzustimmen.<\/p>\n<p>NB &#8211; unser empfohlenes Mindestalter f\u00fcr diesen Urlaub betr\u00e4gt 14 Jahre &#8211; aber wir k\u00f6nnen Ausnahmen f\u00fcr au\u00dfergew\u00f6hnliche Kinder machen! Bitte z\u00f6gern Sie nicht, sich bei uns zu erkundigen, ob Ihre Kinder in diese Kategorie fallen! <span style=\"font-size: 12pt;\">Klicken Sie <a href=\"https:\/\/undiscoveredbalkans.com\/activity-levels-explained\/\">hier<\/a>, um mehr \u00fcber unsere Aktivit\u00e4tsstufen zu erfahren.<img decoding=\"async\" class=\"size-full wp-image-43236 alignright\" src=\"https:\/\/undiscoveredbalkans.com\/wp-content\/uploads\/2020\/08\/Covid-Badge-PNG-e1596655818510.png\" alt=\"\" width=\"150\" height=\"155\" \/><\/span><\/p>\n<p><strong><span style=\"font-size: 12pt;\">Book to Give Back &#8211; jede Buchung l\u00f6st eine Spende f\u00fcr unsere ausgew\u00e4hlten lokalen Umwelt- und Gemeindezwecke aus!<\/span><\/strong><\/p>\n<p><i><b>Alle Transporte, Unterk\u00fcnfte und Mahlzeiten sind inbegriffen, ebenso wie qualifizierte Guides, die Sie rund um die Uhr von Ihrem Standort abholen und am Ende Ihrer Reise zum Flughafen Podgorica zur\u00fcckbringen.<\/b><\/i><\/p>\n<hr \/>\n<p><img loading=\"lazy\" decoding=\"async\" class=\"alignleft wp-image-6084 size-full\" title=\"adventure holiday montenegro\" src=\"https:\/\/undiscoveredbalkans.com\/wp-content\/uploads\/2018\/03\/vuk.jpg\" alt=\"\" width=\"110\" height=\"110\" \/> <img loading=\"lazy\" decoding=\"async\" class=\"alignleft wp-image-6086 size-full\" title=\"adventure holiday montenegro\" src=\"https:\/\/undiscoveredbalkans.com\/wp-content\/uploads\/2018\/03\/bojanas.jpg\" alt=\"\" width=\"110\" height=\"110\" \/><b>Ihr Reiseleiter: Vuk und Bojana<\/b> sind ein Bruder- und Schwesterteam, das seit 6 Jahren mit Undiscovered Montenegro zusammenarbeitet. Beide haben eine Leidenschaft f\u00fcr die Natur und insbesondere f\u00fcr den Norden Montenegros. Je abgelegener das Gebiet ist, desto wahrscheinlicher ist es, da\u00df sie es erkunden! Vuk und Bojana sprechen ausgezeichnet Englisch und haben die volle Qualifikation als Bergf\u00fchrer. Bitte beachten Sie, da\u00df G\u00e4ste f\u00fcr diese Reise passables Englisch ben\u00f6tigen, da sie kein Deutsch sprechen!<\/p>\n<hr \/>\n<h1 style=\"font-family: 'Frankie'; color: #333333; text-align: center;\">M\u00f6chte mehr sehen? Kuck mal unser Video an!<\/h1>\n<div class=\"epyt-video-wrapper\"><iframe  id=\"_ytid_56562\"  width=\"748\" height=\"421\"  data-origwidth=\"748\" data-origheight=\"421\"  data-relstop=\"1\" src=\"https:\/\/www.youtube.com\/embed\/Wduii-dTww8?enablejsapi=1&#038;autoplay=0&#038;cc_load_policy=0&#038;cc_lang_pref=&#038;iv_load_policy=1&#038;loop=0&#038;modestbranding=0&#038;rel=0&#038;fs=1&#038;playsinline=0&#038;autohide=2&#038;theme=dark&#038;color=red&#038;controls=1&#038;\" class=\"__youtube_prefs__  epyt-is-override  no-lazyload\" title=\"YouTube player\"  allow=\"fullscreen; accelerometer; autoplay; clipboard-write; encrypted-media; gyroscope; picture-in-picture\" allowfullscreen data-no-lazy=\"1\" data-skipgform_ajax_framebjll=\"\"><\/iframe><\/div>\n","protected":false},"excerpt":{"rendered":"<p>Wandern, Rafting, Kajakfahren, Canyoning, Mountainbiken &#8230; erleben Sie alles!<\/p>\n","protected":false},"featured_media":75170,"comment_status":"closed","ping_status":"closed","template":"","meta":{"_monsterinsights_skip_tracking":false,"_monsterinsights_sitenote_active":false,"_monsterinsights_sitenote_note":"","_monsterinsights_sitenote_category":0,"_uf_show_specific_survey":0,"_uf_disable_surveys":false},"product_brand":[],"product_cat":[274],"product_tag":[276],"class_list":{"0":"post-50379","1":"product","2":"type-product","3":"status-publish","4":"has-post-thumbnail","6":"product_cat-multiaktivitat-de","7":"product_tag-multi-active-de","8":"tour_category-holidays-in-montenegro-de","10":"first","11":"instock","12":"shipping-taxable","13":"product-type-tour"},"aioseo_notices":[],"_links":{"self":[{"href":"https:\/\/undiscoveredbalkans.com\/de\/wp-json\/wp\/v2\/product\/50379","targetHints":{"allow":["GET"]}}],"collection":[{"href":"https:\/\/undiscoveredbalkans.com\/de\/wp-json\/wp\/v2\/product"}],"about":[{"href":"https:\/\/undiscoveredbalkans.com\/de\/wp-json\/wp\/v2\/types\/product"}],"replies":[{"embeddable":true,"href":"https:\/\/undiscoveredbalkans.com\/de\/wp-json\/wp\/v2\/comments?post=50379"}],"wp:featuredmedia":[{"embeddable":true,"href":"https:\/\/undiscoveredbalkans.com\/de\/wp-json\/wp\/v2\/media\/75170"}],"wp:attachment":[{"href":"https:\/\/undiscoveredbalkans.com\/de\/wp-json\/wp\/v2\/media?parent=50379"}],"wp:term":[{"taxonomy":"product_brand","embeddable":true,"href":"https:\/\/undiscoveredbalkans.com\/de\/wp-json\/wp\/v2\/product_brand?post=50379"},{"taxonomy":"product_cat","embeddable":true,"href":"https:\/\/undiscoveredbalkans.com\/de\/wp-json\/wp\/v2\/product_cat?post=50379"},{"taxonomy":"product_tag","embeddable":true,"href":"https:\/\/undiscoveredbalkans.com\/de\/wp-json\/wp\/v2\/product_tag?post=50379"}],"curies":[{"name":"wp","href":"https:\/\/api.w.org\/{rel}","templated":true}]}}