{"id":50291,"date":"2018-11-21T14:52:18","date_gmt":"2020-11-18T12:53:53","guid":{"rendered":"https:\/\/undiscoveredbalkans.com\/product\/kajakfahren-in-monte-albanien-7-tage\/"},"modified":"2021-01-26T09:02:31","modified_gmt":"2021-01-26T08:02:31","slug":"kajak-montenegro-albanien","status":"publish","type":"product","link":"https:\/\/undiscoveredbalkans.com\/de\/tours\/kajak-montenegro-albanien\/","title":{"rendered":"Kajakfahren in Monte-Albanien &#8211; 7 Tage"},"content":{"rendered":"<h2>Grenz\u00fcberschreitendes Kajakfahren &#8211; Montenegro nach Albanien<\/h2>\n<p><img decoding=\"async\" class=\"one alignleft\" src=\"https:\/\/undiscoveredbalkans.com\/wp-content\/uploads\/resplogo.png\" alt=\"\" width=\"112\" height=\"61\" border=\"0\" \/><i>&#8222;F\u00fcnf Sterne &#8230; dies war eine magische Woche zwischen Wasser und Himmel. Gigo ist ein gro\u00dfartiger F\u00fchrer und wir haben es alle genossen, mit ihm \u00fcber sein wundersch\u00f6nes Land zu sprechen.&#8220;<\/i> <a href=\"https:\/\/www.responsibletravel.com\/holiday\/6998\/montenegro-holiday\">Angela Maclean, Juli 2018<\/a><\/p>\n<p class=\"normal\"><b><i>2021 Abreisedaten: April, Mai, Juni, September (Sonntag bis Sonntag)<\/i> <\/b><\/p>\n<p class=\"normal\"><em><span style=\"font-size: 12pt;\"><strong><a href=\"https:\/\/undiscoveredbalkans.com\/coronavirus\">Covid-19 &#8211; alle Ihre Fragen zu Reisen mit uns nach Montenegro beantwortet<\/a><\/strong><\/span><\/em><\/p>\n<p class=\"normal\"><b><img fetchpriority=\"high\" decoding=\"async\" class=\"alignleft wp-image-50344 size-medium\" title=\"kajak Albanien\" src=\"https:\/\/undiscoveredbalkans.com\/wp-content\/uploads\/2018\/11\/IMG_0872-1-300x200.jpg\" alt=\"\" width=\"300\" height=\"200\" srcset=\"https:\/\/undiscoveredbalkans.com\/wp-content\/uploads\/2018\/11\/IMG_0872-1-300x200.jpg 300w, https:\/\/undiscoveredbalkans.com\/wp-content\/uploads\/2018\/11\/IMG_0872-1-768x512.jpg 768w, https:\/\/undiscoveredbalkans.com\/wp-content\/uploads\/2018\/11\/IMG_0872-1-1024x682.jpg 1024w, https:\/\/undiscoveredbalkans.com\/wp-content\/uploads\/2018\/11\/IMG_0872-1-531x354.jpg 531w, https:\/\/undiscoveredbalkans.com\/wp-content\/uploads\/2018\/11\/IMG_0872-1-600x400.jpg 600w, https:\/\/undiscoveredbalkans.com\/wp-content\/uploads\/2018\/11\/IMG_0872-1-180x120.jpg 180w, https:\/\/undiscoveredbalkans.com\/wp-content\/uploads\/2018\/11\/IMG_0872-1.jpg 1103w\" sizes=\"(max-width: 300px) 100vw, 300px\" \/><\/b>Es gibt wirklich keine andere Paddeltour wie diese, bei der Montenegro und Albanien \u00fcber einen herrlichen S\u00fc\u00dfwasserabschnitt &#8211; den riesigen Skadar-See &#8211; mit dem Kajak gefahren werden. Unser einw\u00f6chiges Kajakabenteuer beginnt in Inselkl\u00f6stern aus dem 15. Jahrhundert, \u00fcberquert eine Wassergrenze, die seit fast 35 Jahren geschlossen ist (f\u00fcr die wir jedoch eine besondere Ausnahmegenehmigung erhalten haben!) und f\u00fchrt dann durch die alte Hauptstadt der Region, Shkodra, mit der Zeit, seine ber\u00fchmten Sehensw\u00fcrdigkeiten wie die Burg Rozafa zu besuchen. Der letzte Abschnitt f\u00fchrt uns weiter den Fluss Bojana hinunter, der Montenegro und Albanien teilt, und schlie\u00dflich in die Adria, gleich hinter der Insel Ada Bojana, und beendet unsere epische Reise an einem 13 km langen Sandstrand, der ein Paradies f\u00fcr Kitesurfer ist und Sonnenuntergangssuchende! Zwei L\u00e4nder, 65 km atemberaubende Landschaft, ein unglaubliches Abenteuer!<\/p>\n<p>Bitte beachten Sie, dass vorherige Paddelerfahrung unerl\u00e4sslich ist! Mindestalter 14. <span style=\"font-size: 12pt;\">Klicken Sie <a href=\"https:\/\/undiscoveredbalkans.com\/activity-levels-explained\/\">hier<\/a>, um mehr \u00fcber unsere Aktivit\u00e4tsstufen zu erfahren.<\/span><\/p>\n<p><strong><span style=\"font-size: 12pt;\">Book to Give Back &#8211; jede Buchung l\u00f6st eine Spende f\u00fcr unsere ausgew\u00e4hlten lokalen Umwelt- und Gemeindezwecke aus!<img decoding=\"async\" class=\"size-full wp-image-43236 alignright\" src=\"https:\/\/undiscoveredbalkans.com\/wp-content\/uploads\/2020\/08\/Covid-Badge-PNG-e1596655818510.png\" alt=\"\" width=\"150\" height=\"155\" \/><\/span><\/strong><\/p>\n<p class=\"normal\"><i><b>Ausr\u00fcstung<\/b><strong>: Wir liefern alle Boote (aufblasbare Z-Pro Tango Kajaks), Zelte, Sicherheits- und Kochausr\u00fcstung, aber Sie m\u00fcssen Ihren eigenen Schlafsack mitbringen. Das t\u00e4gliche Camp und die Mahlzeiten werden vor Ihrer Ankunft von einer engagierten Support-Crew zusammengestellt! Bitte beachten Sie, da\u00df das SUP auf unseren Fotos unserem Guide Gigo geh\u00f6rt &#8211; diese Paddelmethode steht den G\u00e4sten noch nicht zur Verf\u00fcgung &#8230;.<\/strong><\/i><\/p>\n<hr \/>\n<hr \/>\n<p><b><img loading=\"lazy\" decoding=\"async\" class=\"alignleft wp-image-45574\" title=\"kajak Albanien\" src=\"https:\/\/undiscoveredbalkans.com\/wp-content\/uploads\/2015\/07\/Gigo-for-website.jpg\" alt=\"\" width=\"103\" height=\"113\" \/>Ihr Reiseleiter<\/b><br \/>\n<strong>Gigo<\/strong> ist einer der erfahrensten und talentiertesten Kajakfahrer Montenegros. Wenn er das <a href=\"http:\/\/www.kayakfest.me\/\">j\u00e4hrliche KayakFest<\/a> auf dem Tara River nicht organisiert, nimmt er G\u00e4ste mit, die dort paddeln, wo noch keine anderen gepaddelt haben! Gigo ist ein voll qualifizierter ECU-Guide und spricht flie\u00dfend Englisch + Montenegrinisch \/ Serbisch. Bitte beachten Sie, dass f\u00fcr diese Reise passables Englisch erforderlich ist, da Gigo kein Deutsch spricht!<\/p>\n<hr \/>\n<h1 style=\"font-family: 'Frankie'; color: #333333; text-align: center;\">M\u00f6chte mehr sehen? Kuck mal unser Video an!<\/h1>\n<div class=\"epyt-video-wrapper\"><iframe  id=\"_ytid_54470\"  width=\"748\" height=\"421\"  data-origwidth=\"748\" data-origheight=\"421\"  data-relstop=\"1\" src=\"https:\/\/www.youtube.com\/embed\/O5STlGYyjBk?enablejsapi=1&#038;autoplay=0&#038;cc_load_policy=0&#038;cc_lang_pref=&#038;iv_load_policy=1&#038;loop=0&#038;modestbranding=0&#038;rel=0&#038;fs=1&#038;playsinline=0&#038;autohide=2&#038;theme=dark&#038;color=red&#038;controls=1&#038;\" class=\"__youtube_prefs__  epyt-is-override  no-lazyload\" title=\"YouTube player\"  allow=\"fullscreen; accelerometer; autoplay; clipboard-write; encrypted-media; gyroscope; picture-in-picture\" allowfullscreen data-no-lazy=\"1\" data-skipgform_ajax_framebjll=\"\"><\/iframe><\/div>\n","protected":false},"excerpt":{"rendered":"<p>Der einzige Kajak-\/Kanuurlaub bringt Sie nach Montenegro UND Albanien!<\/p>\n","protected":false},"featured_media":50292,"comment_status":"closed","ping_status":"closed","template":"","meta":{"_monsterinsights_skip_tracking":false,"_monsterinsights_sitenote_active":false,"_monsterinsights_sitenote_note":"","_monsterinsights_sitenote_category":0,"_uf_show_specific_survey":0,"_uf_disable_surveys":false},"product_brand":[],"product_cat":[303,272],"product_tag":[304],"class_list":{"0":"post-50291","1":"product","2":"type-product","3":"status-publish","4":"has-post-thumbnail","6":"product_cat-albania-de","7":"product_cat-kajak-fahren","8":"product_tag-albania-de","9":"tour_category-holidays-in-albania-de","11":"first","12":"instock","13":"shipping-taxable","14":"product-type-tour"},"aioseo_notices":[],"_links":{"self":[{"href":"https:\/\/undiscoveredbalkans.com\/de\/wp-json\/wp\/v2\/product\/50291","targetHints":{"allow":["GET"]}}],"collection":[{"href":"https:\/\/undiscoveredbalkans.com\/de\/wp-json\/wp\/v2\/product"}],"about":[{"href":"https:\/\/undiscoveredbalkans.com\/de\/wp-json\/wp\/v2\/types\/product"}],"replies":[{"embeddable":true,"href":"https:\/\/undiscoveredbalkans.com\/de\/wp-json\/wp\/v2\/comments?post=50291"}],"wp:featuredmedia":[{"embeddable":true,"href":"https:\/\/undiscoveredbalkans.com\/de\/wp-json\/wp\/v2\/media\/50292"}],"wp:attachment":[{"href":"https:\/\/undiscoveredbalkans.com\/de\/wp-json\/wp\/v2\/media?parent=50291"}],"wp:term":[{"taxonomy":"product_brand","embeddable":true,"href":"https:\/\/undiscoveredbalkans.com\/de\/wp-json\/wp\/v2\/product_brand?post=50291"},{"taxonomy":"product_cat","embeddable":true,"href":"https:\/\/undiscoveredbalkans.com\/de\/wp-json\/wp\/v2\/product_cat?post=50291"},{"taxonomy":"product_tag","embeddable":true,"href":"https:\/\/undiscoveredbalkans.com\/de\/wp-json\/wp\/v2\/product_tag?post=50291"}],"curies":[{"name":"wp","href":"https:\/\/api.w.org\/{rel}","templated":true}]}}