{"id":49681,"date":"2019-10-21T10:01:07","date_gmt":"2020-11-17T13:27:05","guid":{"rendered":"https:\/\/undiscoveredbalkans.com\/product\/wandern-montenegro-albanien-7-tage\/"},"modified":"2021-01-26T09:01:31","modified_gmt":"2021-01-26T08:01:31","slug":"via-dinarica-wandern-montenegro-albanien","status":"publish","type":"product","link":"https:\/\/undiscoveredbalkans.com\/de\/tours\/via-dinarica-wandern-montenegro-albanien\/","title":{"rendered":"Wandern Montenegro-Albanien &#8211; 7 Tage"},"content":{"rendered":"<h2>Montenegro-Albanien &#8218;Via Dinarica&#8216; Wanderurlaub<\/h2>\n<p><img decoding=\"async\" class=\"wp-image-3845 alignleft\" src=\"https:\/\/undiscoveredbalkans.com\/wp-content\/uploads\/tripadvisor.jpg\" alt=\"\" width=\"164\" height=\"50\" srcset=\"https:\/\/undiscoveredbalkans.com\/wp-content\/uploads\/tripadvisor.jpg 329w, https:\/\/undiscoveredbalkans.com\/wp-content\/uploads\/tripadvisor-300x91.jpg 300w\" sizes=\"(max-width: 164px) 100vw, 164px\" \/><i>&#8222;Die sch\u00f6nste Woche. Unsere Reiseleiter waren gro\u00dfartig, so leidenschaftlich und kompetent. Ich kann Undiscovered Montenegro nur empfehlen &#8211; vielen Dank!&#8220; <\/i><a href=\"https:\/\/www.tripadvisor.com\/Attraction_Review-g1232143-d4400462-Reviews-Undiscovered_Montenegro-Virpazar_Bar_Municipality.html\">Elaine Snell, September 2019<\/a><\/p>\n<p class=\"normal\"><b><i>Abreisedaten 2021: jeden Sonntag von Juni bis Oktober<\/i> <\/b><\/p>\n<p><em><span style=\"font-size: 12pt;\"><strong><a href=\"https:\/\/undiscoveredbalkans.com\/coronavirus\">Covid-19 &#8211; alle Ihre Fragen zu Reisen mit uns nach Montenegro beantwortet<\/a><\/strong><\/span><\/em><\/p>\n<p class=\"normal\"><b><img fetchpriority=\"high\" decoding=\"async\" class=\"alignleft wp-image-49748 size-medium\" title=\"Via Dinarica wandern\" src=\"https:\/\/undiscoveredbalkans.com\/wp-content\/uploads\/2019\/10\/IMG_1064-300x200.jpg\" alt=\"hiking the Via Dinarica\" width=\"300\" height=\"200\" srcset=\"https:\/\/undiscoveredbalkans.com\/wp-content\/uploads\/2019\/10\/IMG_1064-300x200.jpg 300w, https:\/\/undiscoveredbalkans.com\/wp-content\/uploads\/2019\/10\/IMG_1064-768x512.jpg 768w, https:\/\/undiscoveredbalkans.com\/wp-content\/uploads\/2019\/10\/IMG_1064-1024x683.jpg 1024w, https:\/\/undiscoveredbalkans.com\/wp-content\/uploads\/2019\/10\/IMG_1064-531x354.jpg 531w, https:\/\/undiscoveredbalkans.com\/wp-content\/uploads\/2019\/10\/IMG_1064-600x400.jpg 600w, https:\/\/undiscoveredbalkans.com\/wp-content\/uploads\/2019\/10\/IMG_1064-180x120.jpg 180w, https:\/\/undiscoveredbalkans.com\/wp-content\/uploads\/2019\/10\/IMG_1064-360x240.jpg 360w, https:\/\/undiscoveredbalkans.com\/wp-content\/uploads\/2019\/10\/IMG_1064.jpg 2048w\" sizes=\"(max-width: 300px) 100vw, 300px\" \/><\/b><\/p>\n<p>Einige der spektakul\u00e4rsten, unber\u00fchrtesten Landschaften Europas befinden sich in diesem grenz\u00fcberschreitenden Wanderurlaub, der den s\u00fcdlichsten Teil der Via Dinarica erkundet! Unser Programm wurde f\u00fcr erfahrene Wanderer entwickelt und kombiniert zwei grandiose Bergketten &#8211; Komovi und Prokletije &#8211; und zwei erstaunliche L\u00e4nder &#8211; Montenegro und Albanien &#8211; zu einem unvergesslichen Abenteuer auf den Gipfeln des Balkans! Sie werden Siedlungen begegnen, die von der modernen Welt, dem lokalen Lebensstil, der traditionellen K\u00fcche Montenegros und Albaniens fast unber\u00fchrt sind, und so viele Geschichten \u00fcber ihre gemeinsame illyrische Geschichte, wie Sie sich nur w\u00fcnschen k\u00f6nnen!<\/p>\n<p>Hintergrund: Die Dinarischen Alpen sind eines der bestgeh\u00fcteten Geheimnisse Europas, wenn es um Bergketten geht. Sie haben einen gro\u00dfen Reiz f\u00fcr den unerschrockenen Entdecker! Unsere Reiseroute umfasst Abschnitte des ber\u00fchmten Weges &#8222;Via Dinarica&#8220;, der in Komovi, dem dritth\u00f6chsten Bergmassiv Montenegros, beginnt und zu den grenz\u00fcberschreitenden Nationalparks &#8222;Gipfel des Balkans&#8220; in Prokletije, Theth und Valbona f\u00fchrt.<\/p>\n<p><strong><span style=\"font-size: 12pt;\">Book to Give Back &#8211; jede Buchung l\u00f6st eine Spende f\u00fcr unsere ausgew\u00e4hlten lokalen Umwelt- und Gemeindezwecke aus!<\/span><\/strong><\/p>\n<p><i><b>Alle Transport-, Unterbringungs- und Verpflegungskosten sowie ein qualifizierter 24-Stunden-F\u00fchrer sind inbegriffen. <\/b><\/i><i><b>Sie holen Sie von Ihrem Standort ab und bringen Sie am Ende Ihrer Reise zum Flughafen Podgorica zur\u00fcck. <\/b><\/i> <i><b><img decoding=\"async\" class=\" wp-image-43236 alignright\" src=\"https:\/\/undiscoveredbalkans.com\/wp-content\/uploads\/2020\/08\/Covid-Badge-PNG-e1596655818510.png\" alt=\"\" width=\"133\" height=\"138\" \/> Die Gruppengr\u00f6\u00dfe betr\u00e4gt mindestens zwei, maximal acht. Bitte beachten Sie auch, dass ein Teil des Programms f\u00fcr Wanderungen von Ort zu Ort konzipiert ist. Daher ist es sehr wichtig, dass Sie Ihre Rucks\u00e4cke optimal verpacken &#8211; keine Koffer! Wir werden nicht das gesamte Gep\u00e4ck alleine tragen &#8211; Unterst\u00fctzungsfahrzeuge und gelegentlich Pferde werden in den entlegensten Gebieten eingesetzt.<\/b><\/i><\/p>\n<hr \/>\n<p><b><img loading=\"lazy\" decoding=\"async\" class=\"size-full wp-image-47093 alignleft\" src=\"https:\/\/undiscoveredbalkans.com\/wp-content\/uploads\/2015\/07\/nikola.jpg\" alt=\"\" width=\"110\" height=\"110\" \/>Ihr Reiseleiter: <\/b>Nikola ist ein erfahrener Wanderf\u00fchrer, der niemals gl\u00fccklicher ist als in den Bergen! Er hat eine Leidenschaft f\u00fcr die Natur und insbesondere f\u00fcr den Norden Montenegros. Je abgelegener das Gebiet ist, desto wahrscheinlicher ist es, da\u00df er es erkundet! Nikola spricht ausgezeichnet Englisch und Deutsch und hat die volle Qualifikation als Bergf\u00fchrer.<\/p>\n<hr \/>\n<h1 style=\"font-family: 'Frankie'; color: #333333; text-align: center;\">M\u00f6chte mehr sehen? Sehen Sie sich unser Video von der Theth-Valbona-Wanderung an!<\/h1>\n<div class=\"epyt-video-wrapper\"><iframe  id=\"_ytid_36646\"  width=\"748\" height=\"421\"  data-origwidth=\"748\" data-origheight=\"421\"  data-relstop=\"1\" src=\"https:\/\/www.youtube.com\/embed\/ObjhrVFjmAk?enablejsapi=1&#038;autoplay=0&#038;cc_load_policy=0&#038;cc_lang_pref=&#038;iv_load_policy=1&#038;loop=0&#038;modestbranding=0&#038;rel=0&#038;fs=1&#038;playsinline=0&#038;autohide=2&#038;theme=dark&#038;color=red&#038;controls=1&#038;\" class=\"__youtube_prefs__  epyt-is-override  no-lazyload\" title=\"YouTube player\"  allow=\"fullscreen; accelerometer; autoplay; clipboard-write; encrypted-media; gyroscope; picture-in-picture\" allowfullscreen data-no-lazy=\"1\" data-skipgform_ajax_framebjll=\"\"><\/iframe><\/div>\n","protected":false},"excerpt":{"rendered":"<p>Folgen Sie der Via Dinarica durch Montenegro und die beeindruckenden Berge Albaniens!<\/p>\n<p>&nbsp;<\/p>\n","protected":false},"featured_media":49682,"comment_status":"closed","ping_status":"closed","template":"","meta":{"_monsterinsights_skip_tracking":false,"_monsterinsights_sitenote_active":false,"_monsterinsights_sitenote_note":"","_monsterinsights_sitenote_category":0,"_uf_show_specific_survey":0,"_uf_disable_surveys":false},"product_brand":[],"product_cat":[303,271],"product_tag":[304,285,275],"class_list":{"0":"post-49681","1":"product","2":"type-product","3":"status-publish","4":"has-post-thumbnail","6":"product_cat-albania-de","7":"product_cat-wandern-2","8":"product_tag-albania-de","9":"product_tag-montenegro-de","10":"product_tag-wandern","11":"tour_category-holidays-in-albania-de","13":"first","14":"instock","15":"shipping-taxable","16":"product-type-tour"},"aioseo_notices":[],"_links":{"self":[{"href":"https:\/\/undiscoveredbalkans.com\/de\/wp-json\/wp\/v2\/product\/49681","targetHints":{"allow":["GET"]}}],"collection":[{"href":"https:\/\/undiscoveredbalkans.com\/de\/wp-json\/wp\/v2\/product"}],"about":[{"href":"https:\/\/undiscoveredbalkans.com\/de\/wp-json\/wp\/v2\/types\/product"}],"replies":[{"embeddable":true,"href":"https:\/\/undiscoveredbalkans.com\/de\/wp-json\/wp\/v2\/comments?post=49681"}],"wp:featuredmedia":[{"embeddable":true,"href":"https:\/\/undiscoveredbalkans.com\/de\/wp-json\/wp\/v2\/media\/49682"}],"wp:attachment":[{"href":"https:\/\/undiscoveredbalkans.com\/de\/wp-json\/wp\/v2\/media?parent=49681"}],"wp:term":[{"taxonomy":"product_brand","embeddable":true,"href":"https:\/\/undiscoveredbalkans.com\/de\/wp-json\/wp\/v2\/product_brand?post=49681"},{"taxonomy":"product_cat","embeddable":true,"href":"https:\/\/undiscoveredbalkans.com\/de\/wp-json\/wp\/v2\/product_cat?post=49681"},{"taxonomy":"product_tag","embeddable":true,"href":"https:\/\/undiscoveredbalkans.com\/de\/wp-json\/wp\/v2\/product_tag?post=49681"}],"curies":[{"name":"wp","href":"https:\/\/api.w.org\/{rel}","templated":true}]}}