{"id":49608,"date":"2020-01-20T09:55:33","date_gmt":"2020-11-17T12:52:17","guid":{"rendered":"https:\/\/undiscoveredbalkans.com\/product\/see-meer-kajakurlaub-montenegro-7-tage\/"},"modified":"2020-11-17T13:54:17","modified_gmt":"2020-11-17T12:54:17","slug":"see-meer-kajakurlaub","status":"publish","type":"product","link":"https:\/\/undiscoveredbalkans.com\/de\/tours\/see-meer-kajakurlaub\/","title":{"rendered":"See \/ Meer Kajakurlaub Montenegro &#8211; 7 Tage"},"content":{"rendered":"<h2>7 Tage Montenegro See \/ Meer Kajakurlaub<\/h2>\n<p><img decoding=\"async\" class=\"one alignleft\" src=\"https:\/\/undiscoveredbalkans.com\/wp-content\/uploads\/tripadvisor.jpg\" alt=\"\" width=\"184\" height=\"56\" border=\"0\" \/><em>&#8222;Mann, das war gro\u00dfartig! Vuk, unser F\u00fchrer, war ein absolutes Juwel. Witzig, sympathisch, entspannt, kenntnisreich und mit erstaunlichem Englisch. Stellen Sie nur sicher, dass Sie wissen, worauf Sie Lust haben: eine sehr aktive Reise!&#8220;<\/em> <a href=\"https:\/\/www.tripadvisor.com\/Attraction_Review-g1232143-d4400462-Reviews-or20-Undiscovered_Montenegro-Virpazar_Bar_Municipality.html\" target=\"_blank\" rel=\"noopener noreferrer\">Jazzicus, Mai 2019<\/a><\/p>\n<p class=\"normal\"><b><i>2021 Abreisedaten: Jeden Sonntag von April bis Oktober<\/i><\/b><\/p>\n<p class=\"normal\"><em><span style=\"font-size: 12pt;\"><strong><a href=\"https:\/\/undiscoveredbalkans.com\/coronavirus\">Covid-19 &#8211; alle Ihre Fragen zu Reisen mit uns nach Montenegro beantwortet<\/a><\/strong><\/span><\/em><\/p>\n<p class=\"normal\"><b><img fetchpriority=\"high\" decoding=\"async\" class=\"alignleft wp-image-49628 size-medium\" title=\"Meer kajak Montenegro\" src=\"https:\/\/undiscoveredbalkans.com\/wp-content\/uploads\/2020\/01\/kayakthumb-300x214.png\" alt=\"\" width=\"300\" height=\"214\" srcset=\"https:\/\/undiscoveredbalkans.com\/wp-content\/uploads\/2020\/01\/kayakthumb-300x214.png 300w, https:\/\/undiscoveredbalkans.com\/wp-content\/uploads\/2020\/01\/kayakthumb-768x548.png 768w, https:\/\/undiscoveredbalkans.com\/wp-content\/uploads\/2020\/01\/kayakthumb-600x428.png 600w, https:\/\/undiscoveredbalkans.com\/wp-content\/uploads\/2020\/01\/kayakthumb.png 900w\" sizes=\"(max-width: 300px) 100vw, 300px\" \/><\/b><\/p>\n<p>F\u00fcr 2021 freuen wir uns, unseren ersten Meer- und Seekajakurlaub in Montenegro anbieten zu k\u00f6nnen! Mit Sit-Inside-Expeditionskajaks legen wir \u00fcber die Woche etwa 150 km zur\u00fcck und kombinieren verschiedene Landschaften und Naturattraktionen, von den gr\u00fcnen Sch\u00e4tzen des Skadar-Sees bis zu den weiten Horizonten und dem tiefblauen, kristallklaren Wasser der Adria. Von Seerosenfeldern und versteckten Buchten bis hin zu einsamen wilden Str\u00e4nden, H\u00f6hlen und Fischerd\u00f6rfern sehen Sie Montenegro aus einer ganz anderen Perspektive. Das Programm ist als Punkt-zu-Punkt-Tour ohne lange Transfers mit Fahrzeugen konzipiert. An 5 aktiven Tagen paddeln wir durchschnittlich 25 bis 30 km pro Tag und halten unterwegs f\u00fcr Mahlzeiten an. Wir bieten hausgemachtes Essen in lokalen Haushalten an und \u00fcbernachten standardm\u00e4\u00dfig in<img decoding=\"async\" class=\"wp-image-43236 alignright\" src=\"https:\/\/undiscoveredbalkans.com\/wp-content\/uploads\/2020\/08\/Covid-Badge-PNG-e1596655818510.png\" alt=\"\" width=\"149\" height=\"154\" \/>charmanten, einfachen Unterk\u00fcnften mit sch\u00f6ner Aussicht! An unseren freien Tagen besuchen wir die alte montenegrinische K\u00f6nigshauptstadt Cetinje, den Berg Lov\u0107en und die mysteri\u00f6se Stadt Alter Bar.<\/p>\n<p><i><b>Ausr\u00fcstung<\/b>: Wir liefern alle Kajak- und Sicherheitsausr\u00fcstung. F\u00fcr diesen Urlaub verwenden wir einzelne Sitzkajaks &#8211; bitte beachten Sie daher, da\u00df die Reise nicht f\u00fcr Anf\u00e4nger geeignet ist!<\/i><\/p>\n<hr \/>\n<p><b><img loading=\"lazy\" decoding=\"async\" class=\"alignleft wp-image-6084 size-full\" title=\"sea kayaking montenegro\" src=\"https:\/\/undiscoveredbalkans.com\/wp-content\/uploads\/2018\/03\/vuk.jpg\" alt=\"\" width=\"110\" height=\"110\" \/>Ihr Reiseleiter:<\/b> <b><strong>V<\/strong>uk<\/b>arbeitet seit 6 Jahren mit Undiscovered Montenegro zusammen und ist ein von ECU registrierter Kajakf\u00fchrer. Wenn er unsere multiaktiven Touren nicht im Norden leitet, paddelt Vuk zum Spa\u00df durch unerforschte Gebiete. Er spricht ausgezeichnet Englisch, aber kein Deutsch. Bitte beachten Sie, da\u00df Sie auf dieser Reise angemessenes Englisch ben\u00f6tigen!<\/p>\n","protected":false},"excerpt":{"rendered":"<p>Kombinieren Sie den ruhigen Paddelsee Skadar und die glitzernde Adria!<\/p>\n","protected":false},"featured_media":49609,"comment_status":"closed","ping_status":"closed","template":"","meta":{"_monsterinsights_skip_tracking":false,"_monsterinsights_sitenote_active":false,"_monsterinsights_sitenote_note":"","_monsterinsights_sitenote_category":0,"_uf_show_specific_survey":0,"_uf_disable_surveys":false},"product_brand":[],"product_cat":[272],"product_tag":[311,286,279,284,285,310],"class_list":{"0":"post-49608","1":"product","2":"type-product","3":"status-publish","4":"has-post-thumbnail","6":"product_cat-kajak-fahren","7":"product_tag-adriatisches-meer","8":"product_tag-holiday-de","9":"product_tag-kayaking-de-2","10":"product_tag-lake-skadar-de","11":"product_tag-montenegro-de","12":"product_tag-paddling-de","14":"first","15":"instock","16":"shipping-taxable","17":"product-type-tour"},"aioseo_notices":[],"_links":{"self":[{"href":"https:\/\/undiscoveredbalkans.com\/de\/wp-json\/wp\/v2\/product\/49608","targetHints":{"allow":["GET"]}}],"collection":[{"href":"https:\/\/undiscoveredbalkans.com\/de\/wp-json\/wp\/v2\/product"}],"about":[{"href":"https:\/\/undiscoveredbalkans.com\/de\/wp-json\/wp\/v2\/types\/product"}],"replies":[{"embeddable":true,"href":"https:\/\/undiscoveredbalkans.com\/de\/wp-json\/wp\/v2\/comments?post=49608"}],"wp:featuredmedia":[{"embeddable":true,"href":"https:\/\/undiscoveredbalkans.com\/de\/wp-json\/wp\/v2\/media\/49609"}],"wp:attachment":[{"href":"https:\/\/undiscoveredbalkans.com\/de\/wp-json\/wp\/v2\/media?parent=49608"}],"wp:term":[{"taxonomy":"product_brand","embeddable":true,"href":"https:\/\/undiscoveredbalkans.com\/de\/wp-json\/wp\/v2\/product_brand?post=49608"},{"taxonomy":"product_cat","embeddable":true,"href":"https:\/\/undiscoveredbalkans.com\/de\/wp-json\/wp\/v2\/product_cat?post=49608"},{"taxonomy":"product_tag","embeddable":true,"href":"https:\/\/undiscoveredbalkans.com\/de\/wp-json\/wp\/v2\/product_tag?post=49608"}],"curies":[{"name":"wp","href":"https:\/\/api.w.org\/{rel}","templated":true}]}}