{"id":49521,"date":"2020-03-03T12:16:44","date_gmt":"2020-11-17T08:54:57","guid":{"rendered":"https:\/\/undiscoveredbalkans.com\/product\/kajaking-am-skadar-see-7-tage\/"},"modified":"2023-06-01T21:20:42","modified_gmt":"2023-06-01T19:20:42","slug":"lake-skadar-kajak-urlaub","status":"publish","type":"product","link":"https:\/\/undiscoveredbalkans.com\/de\/tours\/lake-skadar-kajak-urlaub\/","title":{"rendered":"Kajaking am Skadar-See &#8211; 7 Tage"},"content":{"rendered":"<h2>Kajakurlaub am Skadarsee<\/h2>\n<p><img decoding=\"async\" class=\"one alignleft\" src=\"https:\/\/undiscoveredbalkans.com\/wp-content\/uploads\/resplogo.png\" alt=\"\" width=\"112\" height=\"61\" border=\"0\" \/><i>&#8222;F\u00fcnf Sterne &#8230; dies war eine magische Woche zwischen Wasser und Himmel. Gigo ist ein gro\u00dfartiger F\u00fchrer und wir haben es alle genossen, mit ihm \u00fcber sein wundersch\u00f6nes Land zu sprechen.&#8220;<\/i> <a href=\"https:\/\/www.responsibletravel.com\/holiday\/6998\/montenegro-holiday\">Angela Maclean, Juli 2018<\/a><\/p>\n<p class=\"normal\"><b><i>2021 Abreisedaten: April &#8211; Oktober (Sonntag bis Sonntag)<\/i> <\/b><\/p>\n<p><span style=\"font-size: 12pt;\"><em><strong><a href=\"https:\/\/undiscoveredbalkans.com\/coronavirus\">Covid-19 &#8211; alle Ihre Fragen zu Reisen mit uns nach Montenegro beantwortet<\/a><\/strong><\/em><\/span><\/p>\n<p class=\"normal\"><b><img fetchpriority=\"high\" decoding=\"async\" class=\"alignright wp-image-49522\" title=\"kayak Lake Skadar\" src=\"https:\/\/undiscoveredbalkans.com\/wp-content\/uploads\/2020\/03\/24.jpg\" alt=\"\" width=\"300\" height=\"200\" srcset=\"https:\/\/undiscoveredbalkans.com\/wp-content\/uploads\/2020\/03\/24.jpg 1102w, https:\/\/undiscoveredbalkans.com\/wp-content\/uploads\/2020\/03\/24-300x200.jpg 300w, https:\/\/undiscoveredbalkans.com\/wp-content\/uploads\/2020\/03\/24-1024x683.jpg 1024w, https:\/\/undiscoveredbalkans.com\/wp-content\/uploads\/2020\/03\/24-768x512.jpg 768w, https:\/\/undiscoveredbalkans.com\/wp-content\/uploads\/2020\/03\/24-531x354.jpg 531w, https:\/\/undiscoveredbalkans.com\/wp-content\/uploads\/2020\/03\/24-600x400.jpg 600w, https:\/\/undiscoveredbalkans.com\/wp-content\/uploads\/2020\/03\/24-180x120.jpg 180w, https:\/\/undiscoveredbalkans.com\/wp-content\/uploads\/2020\/03\/24-360x240.jpg 360w\" sizes=\"(max-width: 300px) 100vw, 300px\" \/><\/b>Wir lieben es, auf dem Skadar-See zu paddeln. Um mehr von dieser gro\u00dfartigen Aktivit\u00e4t mit geringen Auswirkungen zu f\u00f6rdern, sind wir stolz darauf, eine Kajak- \/ Kanuwoche zu starten, die f\u00fcr nahezu jedes Alter und jede Erfahrungsstufe geeignet ist! Die Woche beinhaltet 4 gef\u00fchrte Kajak- oder Kanutouren, die Sie von abgelegenen Vogelbeobachtungskan\u00e4len zu Serpentinenfl\u00fcssen, von versteckten Inselkl\u00f6stern zu herrlichem offenem Wasser unter dem Blick des Prokletije-Gebirges f\u00fchren. Im Gegensatz zu unseren h\u00e4rteren Paddelwochen ist dies ein Urlaub im Zentrum , mit jedem Abend in charmanten, komfortablen Unterkunft in Virpazar verbracht.<\/p>\n<p><img decoding=\"async\" class=\" wp-image-43236 alignright\" src=\"https:\/\/undiscoveredbalkans.com\/wp-content\/uploads\/2020\/08\/Covid-Badge-PNG-e1596655818510.png\" alt=\"\" width=\"158\" height=\"164\" \/><\/p>\n<p class=\"normal\">Die Ausfl\u00fcge sind sanft und besonders f\u00fcr Anf\u00e4nger und Familien perfekt.<\/p>\n<p><strong><span style=\"font-size: 12pt;\">Book to Give Back &#8211; jede Buchung l\u00f6st eine Spende f\u00fcr unsere ausgew\u00e4hlten lokalen Umwelt- und Gemeindezwecke aus!<\/span><\/strong><\/p>\n<p class=\"normal\"><i><b>Ausr\u00fcstung:<\/b> Wir liefern alle Boote (aufblasbare Z-Pro Tango Kajaks) und Sicherheitsausr\u00fcstung.<\/i><\/p>\n<hr \/>\n<p><b><img loading=\"lazy\" decoding=\"async\" class=\"one alignleft\" title=\"Kajak Skadar-See\" src=\"https:\/\/undiscoveredbalkans.com\/wp-content\/uploads\/Ben.jpg\" alt=\"\" width=\"114\" height=\"114\" border=\"0\" \/>Ihr Reiseleiter:<\/b><br \/>\nBen ist einer der Gr\u00fcnder von Undiscovered Montenegro und ist nicht nur ein BCU-qualifizierter Kajak-Trainer, sondern auch der erste Paddler, der den Skadar-See als Kajak-Ziel auf die Karte setzte! Er spricht flie\u00dfend Englisch, Deutsch, Franz\u00f6sisch und Montenegrinisch \/ Serbisch.<\/p>\n<p>&nbsp;<\/p>\n<hr \/>\n<h1 style=\"font-family: 'Frankie'; color: #333333; text-align: center;\">M\u00f6chte mehr sehen? Kuck mal unser Video an!<\/h1>\n<div class=\"epyt-video-wrapper\"><iframe  id=\"_ytid_76366\"  width=\"748\" height=\"421\"  data-origwidth=\"748\" data-origheight=\"421\"  data-relstop=\"1\" src=\"https:\/\/www.youtube.com\/embed\/-QvLiseT-XU?enablejsapi=1&#038;autoplay=0&#038;cc_load_policy=0&#038;cc_lang_pref=&#038;iv_load_policy=1&#038;loop=0&#038;modestbranding=0&#038;rel=0&#038;fs=1&#038;playsinline=0&#038;autohide=2&#038;theme=dark&#038;color=red&#038;controls=1&#038;\" class=\"__youtube_prefs__  epyt-is-override  no-lazyload\" title=\"YouTube player\"  allow=\"fullscreen; accelerometer; autoplay; clipboard-write; encrypted-media; gyroscope; picture-in-picture\" allowfullscreen data-no-lazy=\"1\" data-skipgform_ajax_framebjll=\"\"><\/iframe><\/div>\n","protected":false},"excerpt":{"rendered":"<p>7 Tage, 4 gef\u00fchrte Paddelerlebnisse am wundersch\u00f6nen Skadarsee!<\/p>\n","protected":false},"featured_media":49522,"comment_status":"closed","ping_status":"closed","template":"","meta":{"_monsterinsights_skip_tracking":false,"_monsterinsights_sitenote_active":false,"_monsterinsights_sitenote_note":"","_monsterinsights_sitenote_category":0,"_uf_show_specific_survey":0,"_uf_disable_surveys":false},"product_brand":[],"product_cat":[111],"product_tag":[279,276],"class_list":{"0":"post-49521","1":"product","2":"type-product","3":"status-publish","4":"has-post-thumbnail","6":"product_cat-uncategorized","7":"product_tag-kayaking-de-2","8":"product_tag-multi-active-de","9":"tour_category-holidays-in-montenegro-de","11":"first","12":"instock","13":"shipping-taxable","14":"product-type-tour"},"aioseo_notices":[],"_links":{"self":[{"href":"https:\/\/undiscoveredbalkans.com\/de\/wp-json\/wp\/v2\/product\/49521","targetHints":{"allow":["GET"]}}],"collection":[{"href":"https:\/\/undiscoveredbalkans.com\/de\/wp-json\/wp\/v2\/product"}],"about":[{"href":"https:\/\/undiscoveredbalkans.com\/de\/wp-json\/wp\/v2\/types\/product"}],"replies":[{"embeddable":true,"href":"https:\/\/undiscoveredbalkans.com\/de\/wp-json\/wp\/v2\/comments?post=49521"}],"wp:featuredmedia":[{"embeddable":true,"href":"https:\/\/undiscoveredbalkans.com\/de\/wp-json\/wp\/v2\/media\/49522"}],"wp:attachment":[{"href":"https:\/\/undiscoveredbalkans.com\/de\/wp-json\/wp\/v2\/media?parent=49521"}],"wp:term":[{"taxonomy":"product_brand","embeddable":true,"href":"https:\/\/undiscoveredbalkans.com\/de\/wp-json\/wp\/v2\/product_brand?post=49521"},{"taxonomy":"product_cat","embeddable":true,"href":"https:\/\/undiscoveredbalkans.com\/de\/wp-json\/wp\/v2\/product_cat?post=49521"},{"taxonomy":"product_tag","embeddable":true,"href":"https:\/\/undiscoveredbalkans.com\/de\/wp-json\/wp\/v2\/product_tag?post=49521"}],"curies":[{"name":"wp","href":"https:\/\/api.w.org\/{rel}","templated":true}]}}