{"id":49395,"date":"2020-04-08T11:41:19","date_gmt":"2020-11-17T08:08:29","guid":{"rendered":"https:\/\/undiscoveredbalkans.com\/product\/familien-herbst-fruehling-multi-aktivitaet-7-tage\/"},"modified":"2020-11-17T09:30:45","modified_gmt":"2020-11-17T08:30:45","slug":"multiaktiviatsurlaub-ausserhalb-der-saison","status":"publish","type":"product","link":"https:\/\/undiscoveredbalkans.com\/de\/tours\/multiaktiviatsurlaub-ausserhalb-der-saison\/","title":{"rendered":"Familien Herbst \/ Fr\u00fchling Multi-Aktivit\u00e4t &#8211; 7 Tage"},"content":{"rendered":"<h2><span style=\"font-size: 20pt;\">Familien Herbst \/ Fr\u00fchling Abenteuer Woche<\/span><\/h2>\n<p class=\"normal\"><img decoding=\"async\" class=\"wp-image-3845 alignleft\" src=\"https:\/\/undiscoveredbalkans.com\/wp-content\/uploads\/tripadvisor.jpg\" alt=\"\" width=\"257\" height=\"78\" srcset=\"https:\/\/undiscoveredbalkans.com\/wp-content\/uploads\/tripadvisor.jpg 329w, https:\/\/undiscoveredbalkans.com\/wp-content\/uploads\/tripadvisor-300x91.jpg 300w\" sizes=\"(max-width: 257px) 100vw, 257px\" \/>&#8222;Wir haben 7 N\u00e4chte im Oktober gebucht. Das Wetter war perfekt, wir kamen alle mit einem gesunden Glanz nach Hause. Die ganze Woche war unvergesslich! Der herzliche Empfang von Ben und Emma, Wandern ohne eine andere Seele zu sehen, nur viele sch\u00f6ne Landschaften, Pfl\u00fccken (und essen) wilde Granat\u00e4pfel, schwimmen in Felsenbecken und unter Wasserf\u00e4llen, r\u00f6sten Marshmallows in der Feuerstelle, begegnen einem Wildschwein unweit der Villa, machen endlose Fotos von den Kindern, die in den See tauchen &#8230; &#8222;<strong> &#8211; <a href=\"https:\/\/www.tripadvisor.com\/Hotel_Review-g1232143-d2514565-Reviews-Villa_Miela-Virpazar_Bar_Municipality.html\">Rachel Carter, October 2019<\/a><\/strong><\/p>\n<p><b><i>Departure dates: depends on your Bundesland!<\/i><\/b><\/p>\n<p><a href=\"https:\/\/undiscoveredbalkans.com\/coronavirus\"><strong><em>Covid-19 &#8211; alle Ihre Fragen zu Reisen mit uns nach Montenegro beantwortet!<\/em><\/strong><\/a><\/p>\n<p><img fetchpriority=\"high\" decoding=\"async\" class=\"alignleft wp-image-49396\" title=\"multiaktivit\u00e4tsurlaub au\u00dferhalb der saison\" src=\"https:\/\/undiscoveredbalkans.com\/wp-content\/uploads\/2020\/04\/wetsuits2.jpg\" alt=\"cold water swimming Montenegro\" width=\"320\" height=\"228\" srcset=\"https:\/\/undiscoveredbalkans.com\/wp-content\/uploads\/2020\/04\/wetsuits2.jpg 1858w, https:\/\/undiscoveredbalkans.com\/wp-content\/uploads\/2020\/04\/wetsuits2-300x214.jpg 300w, https:\/\/undiscoveredbalkans.com\/wp-content\/uploads\/2020\/04\/wetsuits2-1024x730.jpg 1024w, https:\/\/undiscoveredbalkans.com\/wp-content\/uploads\/2020\/04\/wetsuits2-768x547.jpg 768w, https:\/\/undiscoveredbalkans.com\/wp-content\/uploads\/2020\/04\/wetsuits2-1536x1095.jpg 1536w, https:\/\/undiscoveredbalkans.com\/wp-content\/uploads\/2020\/04\/wetsuits2-600x428.jpg 600w\" sizes=\"(max-width: 320px) 100vw, 320px\" \/><\/p>\n<p>Unser einw\u00f6chiger <a href=\"https:\/\/undiscoveredbalkans.com\/search-form-1\/multi-activity-holiday-lake-skadar\/\">Multiaktivit\u00e4tsurlaub am Skadarsee<\/a> wird von <a href=\"https:\/\/www.thetimes.co.uk\/article\/uncovering-the-hidden-beauty-of-montenegro-d8zf2pqdn\">Geo Saison<\/a> &amp; <a href=\"https:\/\/www.theguardian.com\/travel\/2014\/may\/31\/montengro-balkans-activity-holiday\">der Frankfurter Allgemeine<\/a> empfohlen und ist seit Jahren unser meistverkauftes Paket. Wir werden oft von Familien gefragt, ob es au\u00dferhalb des Sommers &#8211; &#8222;warm genug zum Schwimmen?&#8220; ist &#8211; worauf wir jetzt antworten k\u00f6nnen &#8211; ja!<\/p>\n<p>Basierend auf dem Prinzip, dass es kein schlechtes Wetter gibt &#8211; nur schlechte Planung &#8211; haben wir diese Woche mehr oder weniger wetterfest f\u00fcr einen actionreichen Aktivurlaub zu Ostern, Mai oder Oktober gemacht, der die Kinder besch\u00e4ftigt und vielleicht tr\u00e4gt sie ein wenig (!) raus und geben den Eltern, die sich immer noch weigern, richtig erwachsen zu werden, einen Vorgeschmack auf Abenteuer!<\/p>\n<p>Wandern, Kajakfahren, Canyoning, Buschkunstunterricht, wildes Schwimmen, H\u00f6hlenforschung und Kochen am Feuer sind die angebotenen Aktivit\u00e4ten. Jeder hat einen speziellen F\u00fchrer, und mit gepackten und einsatzbereiten Neoprenanz\u00fcgen k\u00f6nnen Sie auch bei den k\u00fchleren Temperaturen des fr\u00fchen Fr\u00fchlings und des sp\u00e4ten Herbstes (Lufttemperaturen zwischen 17 und 27 Grad) jederzeit schwimmen.<\/p>\n<p>Ihre Basis f\u00fcr die Woche ist das malerische Dorf Virpazar mit Unterk\u00fcnften in der<a href=\"https:\/\/undiscoveredbalkans.com\/lake-skadar-accommodation\/\">Villa Miela<\/a>, unserer familienfreundlichen Aktivit\u00e4tsbasis, oder in unserer Top-Auswahl an lokalen Unterk\u00fcnften, sobald die Villa Miela voll ist. Unsere Gruppen sind bis zu 14 Personen gro\u00df und haben bis zu 10 G\u00e4ste in der Villa Miela und den Rest in der Familienh\u00fctte unseres Nachbarn. Einrichtungen wie die Feuerstelle und der Pool der Villa Miela werden gemeinsam genutzt.<\/p>\n<p>Lernen Sie neue Freunde kennen und entdecken Sie die nat\u00fcrliche Sch\u00f6nheit von Weltklasse, w\u00e4hrend Sie f\u00fcnf gef\u00fchrte Familienabenteuer genie\u00dfen. Sie haben auch einen Tag Zeit, um das erstaunliche Montenegro auf eigene Faust zu erkunden oder sich einfach zur\u00fcckzulehnen und zu entspannen! <span style=\"font-size: 12pt;\"><img decoding=\"async\" class=\"wp-image-43236 alignright\" src=\"https:\/\/undiscoveredbalkans.com\/wp-content\/uploads\/2020\/08\/Covid-Badge-PNG-e1596655818510.png\" alt=\"\" width=\"158\" height=\"163\"\/><\/span><\/p>\n<p>Die Reiseroute f\u00fcr diesen Urlaub ist festgelegt &#8211; das hei\u00dft, Sie werden machen genau was hier zu lesen ist (au\u00dfer der Reihenfolge, die vom Wetter abh\u00e4ngt). <span style=\"font-size: 12pt;\">Dieser Urlaub ist f\u00fcr Familien mit einem angemessenen Ma\u00df an k\u00f6rperlicher, Fitness und Abenteuerlust geeignet! Klicken Sie <g id=\"gid_0\">hier<\/g>, um mehr \u00fcber unsere Aktivit\u00e4tsstufen zu erfahren. <\/span><\/p>\n<p><strong><span style=\"font-size: 12pt;\">Book to Give Back &#8211; jede Buchung l\u00f6st eine Spende f\u00fcr unsere ausgew\u00e4hlten lokalen Umwelt- und Gemeindezwecke aus!<\/span><\/strong><\/p>\n<hr \/>\n<p style=\"text-align: left;\"><img loading=\"lazy\" decoding=\"async\" class=\"one alignleft\" title=\"multiaktivit\u00e4tsurlaub au\u00dferhalb der saison\" src=\"https:\/\/undiscoveredbalkans.com\/wp-content\/uploads\/Ben.jpg\" alt=\"\" width=\"110\" height=\"110\" border=\"0\"\/><img loading=\"lazy\" decoding=\"async\" class=\"one alignleft\" title=\"multiaktivit\u00e4tsurlaub au\u00dferhalb der saison\" src=\"https:\/\/undiscoveredbalkans.com\/wp-content\/uploads\/Emma.jpg\" alt=\"\" width=\"110\" height=\"110\" border=\"0\"\/><b>Ihre Gastgeber<\/b>: Das englische Ehepaar Ben und Emma leben und arbeiten seit 11 Jahren am Skadarsee und f\u00fchren Undiscovered Montenegro gemeinsam von ihrem liebevoll restaurierten G\u00e4stehaus Villa Miela aus. Als Rucksacktouristen, die aufgewachsen sind und Kinder hatten, setzen sie sich f\u00fcr nachhaltige Abenteuer von h\u00f6chster Qualit\u00e4t ein, basierend auf ihrem umfassenden lokalen Wissen und ihrem globalen Know-how. Beide sprechen fast flie\u00dfend montenegrinisch \/ serbisch sowie englisch. Ben spricht auch flie\u00dfend Deutsch!<\/p>\n<hr \/>\n<h1 style=\"font-family: 'Frankie'; color: #333333; text-align: center;\">M\u00f6chte mehr sehen? Kuck mal unser Video an!<\/h1>\n<div class=\"epyt-video-wrapper\"><iframe  id=\"_ytid_23920\"  width=\"748\" height=\"421\"  data-origwidth=\"748\" data-origheight=\"421\"  data-relstop=\"1\" src=\"https:\/\/www.youtube.com\/embed\/RnbmVENHHus\">https:\/\/www.youtube.com\/watch?enablejsapi=1&autoplay=0&cc_load_policy=0&cc_lang_pref=&iv_load_policy=1&loop=0&modestbranding=0&rel=0&fs=1&playsinline=0&autohide=2&theme=dark&color=red&controls=1&\" class=\"__youtube_prefs__  no-lazyload\" title=\"YouTube player\"  allow=\"fullscreen; accelerometer; autoplay; clipboard-write; encrypted-media; gyroscope; picture-in-picture\" allowfullscreen data-no-lazy=\"1\" data-skipgform_ajax_framebjll=\"\"><\/iframe><\/div>\n","protected":false},"excerpt":{"rendered":"<p>Bushcraft, Canyoning &amp; Kajakfahren f\u00fcr aktive Familien am Lake Skadar!<\/p>\n<p>&nbsp;<\/p>\n","protected":false},"featured_media":49396,"comment_status":"closed","ping_status":"closed","template":"","meta":{"_monsterinsights_skip_tracking":false,"_monsterinsights_sitenote_active":false,"_monsterinsights_sitenote_note":"","_monsterinsights_sitenote_category":0,"_uf_show_specific_survey":0,"_uf_disable_surveys":false},"product_brand":[],"product_cat":[272,274,271],"product_tag":[308,287,307,286,279,285,276,275],"class_list":{"0":"post-49395","1":"product","2":"type-product","3":"status-publish","4":"has-post-thumbnail","6":"product_cat-kajak-fahren","7":"product_cat-multiaktivitat-de","8":"product_cat-wandern-2","9":"product_tag-abenteuer","10":"product_tag-bushcraft-de","11":"product_tag-familien","12":"product_tag-holiday-de","13":"product_tag-kayaking-de-2","14":"product_tag-montenegro-de","15":"product_tag-multi-active-de","16":"product_tag-wandern","17":"tour_category-lake-skadar-nationalpark","18":"tour_category-holidays-in-montenegro-de","20":"first","21":"instock","22":"shipping-taxable","23":"product-type-tour"},"aioseo_notices":[],"_links":{"self":[{"href":"https:\/\/undiscoveredbalkans.com\/de\/wp-json\/wp\/v2\/product\/49395","targetHints":{"allow":["GET"]}}],"collection":[{"href":"https:\/\/undiscoveredbalkans.com\/de\/wp-json\/wp\/v2\/product"}],"about":[{"href":"https:\/\/undiscoveredbalkans.com\/de\/wp-json\/wp\/v2\/types\/product"}],"replies":[{"embeddable":true,"href":"https:\/\/undiscoveredbalkans.com\/de\/wp-json\/wp\/v2\/comments?post=49395"}],"wp:featuredmedia":[{"embeddable":true,"href":"https:\/\/undiscoveredbalkans.com\/de\/wp-json\/wp\/v2\/media\/49396"}],"wp:attachment":[{"href":"https:\/\/undiscoveredbalkans.com\/de\/wp-json\/wp\/v2\/media?parent=49395"}],"wp:term":[{"taxonomy":"product_brand","embeddable":true,"href":"https:\/\/undiscoveredbalkans.com\/de\/wp-json\/wp\/v2\/product_brand?post=49395"},{"taxonomy":"product_cat","embeddable":true,"href":"https:\/\/undiscoveredbalkans.com\/de\/wp-json\/wp\/v2\/product_cat?post=49395"},{"taxonomy":"product_tag","embeddable":true,"href":"https:\/\/undiscoveredbalkans.com\/de\/wp-json\/wp\/v2\/product_tag?post=49395"}],"curies":[{"name":"wp","href":"https:\/\/api.w.org\/{rel}","templated":true}]}}