{"id":48935,"date":"2020-09-03T08:05:23","date_gmt":"2020-11-16T12:51:04","guid":{"rendered":"https:\/\/undiscoveredbalkans.com\/product\/transformatives-yoga-und-klangheilungs-retreat-7-tage\/"},"modified":"2023-06-01T21:20:42","modified_gmt":"2023-06-01T19:20:42","slug":"yoga-und-klangmeditations-retreat-lake-skadar","status":"publish","type":"product","link":"https:\/\/undiscoveredbalkans.com\/de\/tours\/yoga-und-klangmeditations-retreat-lake-skadar\/","title":{"rendered":"Transformatives Yoga und Klangheilungs-Retreat &#8211; 7 Tage"},"content":{"rendered":"<h2>Transformatives Yoga und Klangmeditations-Retreat an Lake Skadar<\/h2>\n<p><img decoding=\"async\" class=\"one alignleft\" src=\"https:\/\/undiscoveredbalkans.com\/wp-content\/uploads\/tripadvisor.jpg\" alt=\"\" width=\"200\" height=\"61\" border=\"0\"\/><i>&#8222;Meine Familie und ich hatten das Gl\u00fcck, am Yoga und Rohkost Retreat in der Villa Miela teilzunehmen. Ich gebe zu, ich hatte hohe Erwartungen, aber sie wurden schnell und einfach \u00fcbertroffen. Emma und Ben sind so herzlich und die Lage ist so ruhig und inspirierend, da\u00df Sie sofort das Gef\u00fchl haben, an einem besonderen Ort angekommen zu sein. &#8222;<\/i><br \/>\n<a href=\"https:\/\/www.tripadvisor.com\/Hotel_Review-g1232143-d2514565-Reviews-Villa_Miela-Virpazar_Bar_Municipality.html\">Igor St, September 2020<\/a><br \/>\n<img fetchpriority=\"high\" decoding=\"async\" class=\"two alignright\" src=\"https:\/\/undiscoveredbalkans.com\/wp-content\/uploads\/2020\/09\/IMG_2514-scaled.jpg\" width=\"300\" height=\"200\" border=\"0\"\/><br \/>\n<b>Montenegro Gong-Yoga-Woche mit Naturaktivit\u00e4ten und pflanzlichen Lebensmitteln<\/b><\/p>\n<p><strong><i>2020 Abfl\u00fcge: 9.-16. Mai 2021<\/i><\/strong><\/p>\n<p><em><span style=\"font-size: 12pt;\"><strong><a href=\"https:\/\/undiscoveredbalkans.com\/coronavirus\">Covid-19 &#8211; alle Ihre Fragen zu Reisen mit uns nach Montenegro beantwortet<\/a><\/strong><\/span><\/em><\/p>\n<p>Entdecken Sie wahre Entspannung bei einem einzigartigen Gong-Yoga-Retreat im Herzen des <a href=\"https:\/\/undiscoveredbalkans.com\/lake-skadar-national-park\/\">Lake Skadar Nationalpark<\/a>, das von der Gong-Yoga-Expertin Natalia Dylawerska geleitet wird. Pflegen und st\u00e4rken Sie Ihren K\u00f6rper und Geist mit abendlichen Gong-Klangb\u00e4dern und morgendlichen Hatha-Yoga-Workshops im Freien. Genie\u00dfen Sie und lernen Sie, wie man k\u00f6stliches und gesundes rohes veganes Essen zubereitet! Nutzen Sie die Naturaktivit\u00e4ten wie stilles Wandern und Kajakfahren sowie die unglaubliche nat\u00fcrliche Umgebung unseres Retreat-Zentrums <a href=\"https:\/\/undiscoveredbalkans.com\/lake-skadar-accommodation\">Villa Miela,<\/a> in der N\u00e4he von Virpazar.<\/p>\n<p>Unser Ziel ist es, Sie dabei zu unterst\u00fctzen, in diesen Zeiten der Unsicherheit mit Zuversicht voranzukommen und Kraft aus Ihrem inneren Frieden und der Sch\u00f6nheit Montenegros zu sch\u00f6pfen. Es besteht auch die M\u00f6glichkeit, Aktivit\u00e4ten in der Natur wie stilles Wandern, Kajakfahren auf dem ruhigen Wasser des Skadar-Sees und Baden in versteckten Pools zu genie\u00dfen. Egal, ob Sie Anf\u00e4nger oder Yoga-Experte sind, wir laden Sie ein, mit uns eine erstaunliche, verj\u00fcngende Erfahrung zu machen!<\/p>\n<p><img decoding=\"async\" class=\"size-full wp-image-43236 alignright\" src=\"https:\/\/undiscoveredbalkans.com\/wp-content\/uploads\/2020\/08\/Covid-Badge-PNG-e1596655818510.png\" alt=\"\" width=\"150\" height=\"155\"\/>Die Reinheit des Skadar-Sees macht ihn zum idealen Ausgangspunkt f\u00fcr einen ganzheitlichen veganen R\u00fcckzugsort. Er bietet saubere Luft, frisches Wasser und eine reiche Tierwelt inmitten einer der spektakul\u00e4rsten Landschaften Montenegros. Erfahren Sie mehr \u00fcber die Reiseroute und den Preis, indem Sie die obigen Tabs verwenden.<\/p>\n<p><strong><span style=\"font-size: 12pt;\">Book to Give Back &#8211; jede Buchung l\u00f6st eine Spende f\u00fcr unsere ausgew\u00e4hlten lokalen Umwelt- und Gemeindezwecke aus!<\/span><\/strong><\/p>\n<hr \/>\n<p><img loading=\"lazy\" decoding=\"async\" class=\"wp-image-48952 alignleft\" src=\"https:\/\/undiscoveredbalkans.com\/wp-content\/uploads\/2020\/09\/97315746_10159708290967388_3880497170910019584_n-3.jpg\" alt=\"\" width=\"142\" height=\"198\" srcset=\"https:\/\/undiscoveredbalkans.com\/wp-content\/uploads\/2020\/09\/97315746_10159708290967388_3880497170910019584_n-3.jpg 686w, https:\/\/undiscoveredbalkans.com\/wp-content\/uploads\/2020\/09\/97315746_10159708290967388_3880497170910019584_n-3-214x300.jpg 214w, https:\/\/undiscoveredbalkans.com\/wp-content\/uploads\/2020\/09\/97315746_10159708290967388_3880497170910019584_n-3-600x840.jpg 600w\" sizes=\"(max-width: 142px) 100vw, 142px\" \/><strong>\u00dcber Natalia Dylawerska<\/strong><br \/>\nNatalia, Hatha-Yogalehrerin, Klangheilerin, zertifizierte Gong-Meisterin und MEM Gong Yoga Kriya-Designwissenschaftlerin, studierte Klangheilung und Klangtherapie mit tibetischen Klangschalen an der Peter-Hess-Akademie (Polen \/ Deutschland). Sie lernte dann die Kunst des Gongs von Gong-Meister Don Conreaux und der Gong-Muse Mojca Malek. Natalia hat auch MEM Gong Yoga der ganzheitlichen Resonanz bei Petra Trtnik und Tim Byford studiert.<\/p>\n<p>Sie finden sie auf <a href=\"https:\/\/www.instagram.com\/natalia_dylawerska\">Instagram<\/a> und <a href=\"https:\/\/www.facebook.com\/natalia.dylawerska\/\">Facebook<\/a>. E-Mail: <a href=\"mailto:natalia.dylawerska@gmail.com\">natalia.dylawerska@gmail.com<\/a><\/p>\n<hr \/>\n<p><strong><img loading=\"lazy\" decoding=\"async\" class=\"wp-image-48953 alignleft\" src=\"https:\/\/undiscoveredbalkans.com\/wp-content\/uploads\/2020\/09\/50436432_991287914409644_3033868484468539392_o-2.jpg\" alt=\"\" width=\"141\" height=\"198\" srcset=\"https:\/\/undiscoveredbalkans.com\/wp-content\/uploads\/2020\/09\/50436432_991287914409644_3033868484468539392_o-2.jpg 1083w, https:\/\/undiscoveredbalkans.com\/wp-content\/uploads\/2020\/09\/50436432_991287914409644_3033868484468539392_o-2-214x300.jpg 214w, https:\/\/undiscoveredbalkans.com\/wp-content\/uploads\/2020\/09\/50436432_991287914409644_3033868484468539392_o-2-731x1024.jpg 731w, https:\/\/undiscoveredbalkans.com\/wp-content\/uploads\/2020\/09\/50436432_991287914409644_3033868484468539392_o-2-768x1076.jpg 768w, https:\/\/undiscoveredbalkans.com\/wp-content\/uploads\/2020\/09\/50436432_991287914409644_3033868484468539392_o-2-600x840.jpg 600w\" sizes=\"(max-width: 141px) 100vw, 141px\" \/>\u00dcber unsere Retreat-K\u00f6chin Myriam Bakhti<\/strong><br \/>\nMyriam ist Autorin, Yogi, Bio-G\u00e4rtnerin, Bloggerin und rohe vegane K\u00f6chin. Ihre K\u00fcche ist nicht die gemeinsame K\u00fcche des gemeinsamen K\u00fcchenchefs, sondern umfasst ein umfassendes und tiefes Wissen \u00fcber Mutter Natur und den menschlichen K\u00f6rper sowie die Beziehung zwischen beiden. During the retreat she will introduce you to a gourmet raw vegan cuisine to inspire you in how to make your kitchen vibrant and delicious. Sie teilt auch kostenlose Inhalte auf ihren Social-Media-Plattformen, um Sie t\u00e4glich mit Rezepten und Tipps zu unterst\u00fctzen.<\/p>\n<p>&nbsp;<\/p>\n<p><a class=\"oajrlxb2 g5ia77u1 qu0x051f esr5mh6w e9989ue4 r7d6kgcz rq0escxv nhd2j8a9 nc684nl6 p7hjln8o kvgmc6g5 cxmmr5t8 oygrvhab hcukyx3x jb3vyjys rz4wbd8a qt6c0cv9 a8nywdso i1ao9s8h esuyzwwr f1sip0of lzcic4wl py34i1dx gpro0wi8\" tabindex=\"0\" role=\"link\" href=\"https:\/\/l.facebook.com\/l.php?u=http%3A%2F%2Frawmamanature.net%2F%3Ffbclid%3DIwAR2xdM9l6YRPi-zJsbEACKpP7-QuLHTYA7yEO_OWtiva-I2hQUryG5p58no&amp;h=AT2GIEa4EClxNw3nKozu4RLw2zT8TR2sXJpb7li8vBTl0ltHhYmpDB6g6bCg3aNPKTZRdsjba27tU5miIzu7U1lTxWMY4u88qaGj57shxZLGHZODtN2uRebbR09VU8Oo1Q\" target=\"_blank\" rel=\"nofollow noopener noreferrer\">rawmamanature.net\/<\/a><br \/>\nInstagram: <a class=\"oajrlxb2 g5ia77u1 qu0x051f esr5mh6w e9989ue4 r7d6kgcz rq0escxv nhd2j8a9 nc684nl6 p7hjln8o kvgmc6g5 cxmmr5t8 oygrvhab hcukyx3x jb3vyjys rz4wbd8a qt6c0cv9 a8nywdso i1ao9s8h esuyzwwr f1sip0of lzcic4wl py34i1dx gpro0wi8\" tabindex=\"0\" role=\"link\" href=\"https:\/\/l.facebook.com\/l.php?u=https%3A%2F%2Fwww.instagram.com%2Fraw.mama.nature%2F%3Ffbclid%3DIwAR2QGh0YxQHYCszeBjzCgh9Jil3qiAuiFvrwOqNcxDWJsJyK0dk5kZtYjsI&amp;h=AT1MGKrRQtSwrD2gJc0OAC3e9DYw-Zl8fjl7to8KyqHACoKksM1Z7iYi6FSJspfEB-XTIpRiWgmzKR9-V3P0DZHkGn9eOIzIwp6LTqcco9kWTvWXzo30E-Fd4ORdLD1TZw\" target=\"_blank\" rel=\"nofollow noopener noreferrer\">https:\/\/www.instagram.com\/raw.mama.nature\/<\/a><br \/>\nYouTube: Raw Mama Nature<br \/>\nFacebook: <a href=\"https:\/\/www.facebook.com\/rawmamanature\/\">https:\/\/www.facebook.com\/rawmamanature\/<\/a><br \/>\nEmail: <a href=\"mailto:myriam@rawmamanature.net\">myriam@rawmamanature.net<\/a><\/p>\n<hr \/>\n<p><strong>\u00dcber MEM Gong Yoga<\/strong><\/p>\n<p>MEM= Muskeln, Emotionen, Meridiens<\/p>\n<p>MEM Gong Yoga ist eine Kombination aus Atem\u00fcbungen, K\u00f6rperbewegungen, Absichten und Ger\u00e4uschen, um alte Muster und Emotionen freizusetzen, die sich auf unserem K\u00f6rper befinden. Nach einer Reihe von K\u00f6rperbewegungen, die bestimmte Muskeln und Meridiane aktivieren, legen wir uns f\u00fcr ein Gong-Bad hin.<\/p>\n<p>MEM Gong Yoga konzentriert sich auf 39 Muskeln; Jeder von ihnen ist mit einem der 12 Hauptmeridiane und den Emotionen verbunden, die sie haben. Indem wir Atem, Bewegung, Absicht, Klang und Affirmationen einbringen, setzen wir festgefahrene Emotionen, verstopfte Energie und alte Muster frei, die in unserem K\u00f6rper gespeichert sind und Gesundheit, Wohlbefinden und inneren Frieden f\u00f6rdern.<\/p>\n<p>MEM Gong Yoga ist eine Yoga-Praxis, die vom Gong-Gro\u00dfmeister und Kundalini-Yogalehrer Don Conreaux entwickelt wurde. Er war einer der ersten Sch\u00fcler von Yogi Bhajan, die in den Gong eingef\u00fchrt wurden. Es ist Yoga der Selbstverantwortung, sich zu f\u00fchlen, sich zu konzentrieren und selbst zu entscheiden, wie man es an seine Bed\u00fcrfnisse anpasst. Die \u00dcbungen k\u00f6nnen an Sitz-, Liege- und Stehpositionen angepasst werden. Es ist ein Yoga der Kreativit\u00e4t und Einheit.<\/p>\n<p><b><img loading=\"lazy\" decoding=\"async\" class=\" wp-image-48938 alignright\" src=\"https:\/\/undiscoveredbalkans.com\/wp-content\/uploads\/2020\/09\/IMG_2598-scaled.jpg\" alt=\"\" width=\"207\" height=\"310\" srcset=\"https:\/\/undiscoveredbalkans.com\/wp-content\/uploads\/2020\/09\/IMG_2598-scaled.jpg 1365w, https:\/\/undiscoveredbalkans.com\/wp-content\/uploads\/2020\/09\/IMG_2598-200x300.jpg 200w, https:\/\/undiscoveredbalkans.com\/wp-content\/uploads\/2020\/09\/IMG_2598-682x1024.jpg 682w, https:\/\/undiscoveredbalkans.com\/wp-content\/uploads\/2020\/09\/IMG_2598-768x1153.jpg 768w, https:\/\/undiscoveredbalkans.com\/wp-content\/uploads\/2020\/09\/IMG_2598-1024x1536.jpg 1024w, https:\/\/undiscoveredbalkans.com\/wp-content\/uploads\/2020\/09\/IMG_2598-600x900.jpg 600w\" sizes=\"(max-width: 207px) 100vw, 207px\" \/>Leistungen:<\/b><br \/>\n&#8211; Bauen Sie Kraft, Stabilit\u00e4t und Ausdauer auf<br \/>\n&#8211; Erh\u00f6hen Sie die Flexibilit\u00e4t und den Muskeltonus<br \/>\n&#8211; Konzentriere den Geist<br \/>\n&#8211; F\u00f6rderung des k\u00f6rperlichen und geistigen Gleichgewichts<br \/>\n&#8211; K\u00f6rperbewusstsein und richtige Ausrichtung entwickeln<br \/>\n&#8211; Stress reduzieren<br \/>\n&#8211; Erh\u00f6hen Sie das Gef\u00fchl von Ruhe und Frieden<br \/>\n&#8211; Erh\u00f6hte Lungenkapazit\u00e4t f\u00fcr eine bessere Atmung entwickeln<br \/>\n&#8211; Elemente der Yoga-Philosophie verstehen<br \/>\n&#8211; Meditation und Entspannung lernen<br \/>\n&#8211; Werden Sie Ihr eigener Lehrer<\/p>\n<hr \/>\n<h1 style=\"font-family: 'Frankie'; color: #333333; text-align: center;\">M\u00f6chte mehr sehen? Kuck mal unser Video an!<\/h1>\n<div class=\"epyt-video-wrapper\"><iframe  id=\"_ytid_15735\"  width=\"748\" height=\"421\"  data-origwidth=\"748\" data-origheight=\"421\"  data-relstop=\"1\" src=\"https:\/\/www.youtube.com\/embed\/d5nAcsKJgnc?enablejsapi=1&autoplay=0&cc_load_policy=0&cc_lang_pref=&iv_load_policy=1&loop=0&modestbranding=0&rel=0&fs=1&playsinline=0&autohide=2&theme=dark&color=red&controls=1&\" class=\"__youtube_prefs__  no-lazyload\" title=\"YouTube player\"  allow=\"fullscreen; accelerometer; autoplay; clipboard-write; encrypted-media; gyroscope; picture-in-picture\" allowfullscreen data-no-lazy=\"1\" data-skipgform_ajax_framebjll=\"\"><\/iframe><\/div>\n","protected":false},"excerpt":{"rendered":"<p>Ein Gong Yoga Urlaub im Herzen des Skadar Sees!<\/p>\n<p>&nbsp;<\/p>\n","protected":false},"featured_media":40225,"comment_status":"closed","ping_status":"closed","template":"","meta":{"_monsterinsights_skip_tracking":false,"_monsterinsights_sitenote_active":false,"_monsterinsights_sitenote_note":"","_monsterinsights_sitenote_category":0,"_uf_show_specific_survey":0,"_uf_disable_surveys":false},"product_brand":[],"product_cat":[289,290,305],"product_tag":[276,292,291,306],"class_list":{"0":"post-48935","1":"product","2":"type-product","3":"status-publish","4":"has-post-thumbnail","6":"product_cat-relaxing-de","7":"product_cat-specialist-de","8":"product_cat-yoga-de","9":"product_tag-multi-active-de","10":"product_tag-relaxing-de","11":"product_tag-specialist-de","12":"product_tag-yoga-de","14":"first","15":"instock","16":"shipping-taxable","17":"product-type-tour"},"aioseo_notices":[],"_links":{"self":[{"href":"https:\/\/undiscoveredbalkans.com\/de\/wp-json\/wp\/v2\/product\/48935","targetHints":{"allow":["GET"]}}],"collection":[{"href":"https:\/\/undiscoveredbalkans.com\/de\/wp-json\/wp\/v2\/product"}],"about":[{"href":"https:\/\/undiscoveredbalkans.com\/de\/wp-json\/wp\/v2\/types\/product"}],"replies":[{"embeddable":true,"href":"https:\/\/undiscoveredbalkans.com\/de\/wp-json\/wp\/v2\/comments?post=48935"}],"wp:featuredmedia":[{"embeddable":true,"href":"https:\/\/undiscoveredbalkans.com\/de\/wp-json\/wp\/v2\/media\/40225"}],"wp:attachment":[{"href":"https:\/\/undiscoveredbalkans.com\/de\/wp-json\/wp\/v2\/media?parent=48935"}],"wp:term":[{"taxonomy":"product_brand","embeddable":true,"href":"https:\/\/undiscoveredbalkans.com\/de\/wp-json\/wp\/v2\/product_brand?post=48935"},{"taxonomy":"product_cat","embeddable":true,"href":"https:\/\/undiscoveredbalkans.com\/de\/wp-json\/wp\/v2\/product_cat?post=48935"},{"taxonomy":"product_tag","embeddable":true,"href":"https:\/\/undiscoveredbalkans.com\/de\/wp-json\/wp\/v2\/product_tag?post=48935"}],"curies":[{"name":"wp","href":"https:\/\/api.w.org\/{rel}","templated":true}]}}