{"id":47203,"date":"2018-02-06T14:16:46","date_gmt":"2020-11-12T10:46:08","guid":{"rendered":"https:\/\/undiscoveredbalkans.com\/product\/essen-kultur-albanien-7-tage\/"},"modified":"2023-06-01T21:20:42","modified_gmt":"2023-06-01T19:20:42","slug":"gastronomie-kultur-albania","status":"publish","type":"product","link":"https:\/\/undiscoveredbalkans.com\/de\/tours\/gastronomie-kultur-albania\/","title":{"rendered":"Essen \/ Kultur Albanien &#8211; 7 Tage"},"content":{"rendered":"<p><span style=\"font-size: 24px;\"><b>Albanien Gastronomie \/ Kultururlaub<\/b><\/span><\/p>\n<p><img decoding=\"async\" class=\"one alignleft\" src=\"https:\/\/undiscoveredbalkans.com\/wp-content\/uploads\/tripadvisor.jpg\" alt=\"\" width=\"200\" height=\"61\" border=\"0\"\/><i><\/i><\/p>\n<p><i><span class=\"il\">\u201cArdi<\/span> war ein gro\u00dfartiger Reiseleiter. Professionell, aber mit viel Spa\u00df! Die Reise war wunderbar, das Essen war ausgezeichnet.&#8220;<\/i> <a href=\"http:\/\/www.tripadvisor.com\/Hotel_Review-g1232143-d2514565-Reviews-or10-Villa_Miela-Virpazar_Bar_Municipality.html#REVIEWS\"><br \/>\nRichard Cusden, April 2017<\/a><\/p>\n<p class=\"normal\"><b><i>Abreisedaten 2020: Alle <\/i><\/b><\/p>\n<p class=\"normal\"><b><i><em><span style=\"font-size: 12pt;\"><strong><a href=\"https:\/\/undiscoveredbalkans.com\/coronavirus\">Covid-19 &#8211; alle Ihre Fragen zum Reisen mit uns beantwortet<\/a><\/strong><\/span><\/em><img fetchpriority=\"high\" decoding=\"async\" class=\"size-medium wp-image-5950 alignleft\" src=\"https:\/\/undiscoveredbalkans.com\/wp-content\/uploads\/2018\/02\/IMG_9553-300x200.jpg\" alt=\"\" width=\"300\" height=\"200\" srcset=\"https:\/\/undiscoveredbalkans.com\/wp-content\/uploads\/2018\/02\/IMG_9553-300x200.jpg 300w, https:\/\/undiscoveredbalkans.com\/wp-content\/uploads\/2018\/02\/IMG_9553-180x120.jpg 180w, https:\/\/undiscoveredbalkans.com\/wp-content\/uploads\/2018\/02\/IMG_9553-768x512.jpg 768w, https:\/\/undiscoveredbalkans.com\/wp-content\/uploads\/2018\/02\/IMG_9553-1024x682.jpg 1024w, https:\/\/undiscoveredbalkans.com\/wp-content\/uploads\/2018\/02\/IMG_9553-531x354.jpg 531w, https:\/\/undiscoveredbalkans.com\/wp-content\/uploads\/2018\/02\/IMG_9553-600x400.jpg 600w\" sizes=\"(max-width: 300px) 100vw, 300px\" \/><\/i><\/b><\/p>\n<p>Albanien ist aus vielen Gr\u00fcnden ein faszinierendes Land, aber eines, das Sie vielleicht nicht in Betracht gezogen haben, ist seine K\u00fcche! Albanien ist eine fantastische Mischung aus \u00f6stlichen und westlichen Gerichten und ein Genuss f\u00fcr Feinschmecker, egal ob Sie ein mit einem Michelin-Stern ausgezeichnetes Restaurant oder den Speisesaal einer Bergfamilie besuchen.<\/p>\n<p>F\u00fcgen Sie dieser Mischung eine \u00e4u\u00dferst ereignisreiche und interessante Geschichte hinzu und Sie haben selbst einen Urlaub, der die interessantesten kulturellen Orte mit einigen der besten kulinarischen Erlebnisse kombiniert, die Sie sich erhoffen k\u00f6nnen, genau so wie in Italien oder Frankreich! W\u00e4hrenddessen erfahren Sie mehr \u00fcber Blutfehden, die vereidigten Jungfrauen der Berge, das Leben unter Enver Hoxha, <img decoding=\"async\" class=\" wp-image-43236 alignright\" src=\"https:\/\/undiscoveredbalkans.com\/wp-content\/uploads\/2020\/08\/Covid-Badge-PNG-e1596655818510.png\" alt=\"\" width=\"141\" height=\"146\"\/> eines der verr\u00fccktesten aller europ\u00e4ischen Diktatoren, und vieles mehr.<\/p>\n<p><i><b>Dieser Urlaub ist nicht f\u00fcr Veganer geeignet.<\/b><\/i><\/p>\n<p><em><strong>Suchen Sie nach einem l\u00e4nger anhaltenden Abenteuer, das sich \u00fcber 14 Tage erstreckt? Dieser Urlaub l\u00e4sst sich hervorragend mit unserem 7-t\u00e4gigen <a href=\"https:\/\/undiscoveredbalkans.com\/search-form-1\/multi-activity-holiday-lake-skadar\/\">Aktivit\u00e4tsurlaub am Skadar-See<\/a> kombinieren.<\/strong><\/em><\/p>\n<hr \/>\n<p><img loading=\"lazy\" decoding=\"async\" class=\"size-full wp-image-5528 alignleft\" src=\"https:\/\/undiscoveredbalkans.com\/wp-content\/uploads\/2018\/02\/ardi.jpg\" alt=\"\" width=\"100\" height=\"110\"\/><b>Ihr Reiseleiter<\/b>: Ardi ist einer der besten freiberuflichen Guides in Albanien und arbeitet seit 3 Jahren mit uns zusammen, nachdem er viel Zeit in Nordirland verbracht hat. Seine Leidenschaften f\u00fcr die Geschichte seines Landes, seine K\u00fcche und sein enzyklop\u00e4disches Wissen \u00fcber Kraftfahrzeuge der kommunistischen \u00c4ra sind un\u00fcbertroffen! Er spricht Englisch, Deutsch und nat\u00fcrlich Albanisch.<\/p>\n","protected":false},"excerpt":{"rendered":"<p>Erleben Sie das Beste aus Albaniens herausragender Gastronomie und Kultur!<\/p>\n","protected":false},"featured_media":47204,"comment_status":"closed","ping_status":"closed","template":"","meta":{"_monsterinsights_skip_tracking":false,"_monsterinsights_sitenote_active":false,"_monsterinsights_sitenote_note":"","_monsterinsights_sitenote_category":0,"_uf_show_specific_survey":0,"_uf_disable_surveys":false},"product_brand":[],"product_cat":[303,289],"product_tag":[304,292],"class_list":{"0":"post-47203","1":"product","2":"type-product","3":"status-publish","4":"has-post-thumbnail","6":"product_cat-albania-de","7":"product_cat-relaxing-de","8":"product_tag-albania-de","9":"product_tag-relaxing-de","10":"tour_category-holidays-in-albania-de","12":"first","13":"instock","14":"shipping-taxable","15":"product-type-tour"},"aioseo_notices":[],"_links":{"self":[{"href":"https:\/\/undiscoveredbalkans.com\/de\/wp-json\/wp\/v2\/product\/47203","targetHints":{"allow":["GET"]}}],"collection":[{"href":"https:\/\/undiscoveredbalkans.com\/de\/wp-json\/wp\/v2\/product"}],"about":[{"href":"https:\/\/undiscoveredbalkans.com\/de\/wp-json\/wp\/v2\/types\/product"}],"replies":[{"embeddable":true,"href":"https:\/\/undiscoveredbalkans.com\/de\/wp-json\/wp\/v2\/comments?post=47203"}],"wp:featuredmedia":[{"embeddable":true,"href":"https:\/\/undiscoveredbalkans.com\/de\/wp-json\/wp\/v2\/media\/47204"}],"wp:attachment":[{"href":"https:\/\/undiscoveredbalkans.com\/de\/wp-json\/wp\/v2\/media?parent=47203"}],"wp:term":[{"taxonomy":"product_brand","embeddable":true,"href":"https:\/\/undiscoveredbalkans.com\/de\/wp-json\/wp\/v2\/product_brand?post=47203"},{"taxonomy":"product_cat","embeddable":true,"href":"https:\/\/undiscoveredbalkans.com\/de\/wp-json\/wp\/v2\/product_cat?post=47203"},{"taxonomy":"product_tag","embeddable":true,"href":"https:\/\/undiscoveredbalkans.com\/de\/wp-json\/wp\/v2\/product_tag?post=47203"}],"curies":[{"name":"wp","href":"https:\/\/api.w.org\/{rel}","templated":true}]}}