{"id":47139,"date":"2019-08-01T11:34:48","date_gmt":"2020-11-12T09:44:32","guid":{"rendered":"https:\/\/undiscoveredbalkans.com\/product\/malerei-urlaub-in-montenegro-7-tage\/"},"modified":"2020-11-12T10:47:56","modified_gmt":"2020-11-12T09:47:56","slug":"malerai-urlaub-montenegro-7-tage","status":"publish","type":"product","link":"https:\/\/undiscoveredbalkans.com\/de\/tours\/malerai-urlaub-montenegro-7-tage\/","title":{"rendered":"Malerei Urlaub in Montenegro &#8211; 7 Tage"},"content":{"rendered":"<h2>Malerei Urlaub in Montenegro mit der K\u00fcnstlerin Sally Fisher<\/h2>\n<p><img decoding=\"async\" class=\"one alignright\" src=\"https:\/\/undiscoveredbalkans.com\/wp-content\/uploads\/resplogo.png\" alt=\"\" width=\"112\" height=\"61\" border=\"0\"\/><i>&#8222;Ben und Emma waren die perfekten Gastgeber! Die Villa war atemberaubend, mit einer atemberaubenden Aussicht &#8230; wir k\u00f6nnen diesen Urlaub jedem empfehlen!&#8220;<\/i><br \/>\n<a href=\"https:\/\/www.responsibletravel.com\/review\/?id=3412\">James Ort, K\u00fcnstler &amp; Mitinhaber des Ph\u00f6nix<\/a> <a href=\"https:\/\/www.responsibletravel.com\/review\/?id=3412\">Studio, Juni 2018<\/a><\/p>\n<p><img fetchpriority=\"high\" decoding=\"async\" class=\"alignright wp-image-47178 size-medium\" title=\"Malerei urlaub\" src=\"https:\/\/undiscoveredbalkans.com\/wp-content\/uploads\/2019\/08\/jennysmith-300x225.jpg\" alt=\"\" width=\"300\" height=\"225\" srcset=\"https:\/\/undiscoveredbalkans.com\/wp-content\/uploads\/2019\/08\/jennysmith-300x225.jpg 300w, https:\/\/undiscoveredbalkans.com\/wp-content\/uploads\/2019\/08\/jennysmith-768x576.jpg 768w, https:\/\/undiscoveredbalkans.com\/wp-content\/uploads\/2019\/08\/jennysmith.jpg 1024w, https:\/\/undiscoveredbalkans.com\/wp-content\/uploads\/2019\/08\/jennysmith-600x450.jpg 600w\" sizes=\"(max-width: 300px) 100vw, 300px\" \/><b>Montenegro Malerei Urlaub mit einem erfahrenen Kunstlehrer<\/b><\/p>\n<p><em><span style=\"font-size: 12pt;\"><strong><a href=\"https:\/\/undiscoveredbalkans.com\/coronavirus\">Covid-19 &#8211; alle Ihre Fragen zu Reisen mit uns nach Montenegro beantwortet<\/a><\/strong><\/span><\/em><\/p>\n<p><strong><i>Abreisedatum: 23. Mai 2021<\/i><\/strong><\/p>\n<p>Dieser einw\u00f6chige Malurlaub unter der Leitung der britischen K\u00fcnstlerin Sally Fisher bringt Ihnen Inspiration und Kunst in H\u00fclle und F\u00fclle von Ihrer Basis am atemberaubenden Skadar-See in Montenegro!<\/p>\n<p>Ihre Unterkunft f\u00fcr die Woche befindet sich in zwei wundersch\u00f6n restaurierten Villenbauernh\u00e4usern im abgelegenen Bergdorf Zabes bei Virpazar, dem Tor zum See und zum Nationalpark. Hier finden Sie Landschaften und Motive in H\u00fclle und F\u00fclle vor Ihrer Haust\u00fcr sowie an der herrlichen Adriak\u00fcste in der N\u00e4he. Berge steigen aus dem \u00fcppig gr\u00fcnen Tal in unendlichen Graut\u00f6nen auf, V\u00f6gel huschen vom bewaldeten H\u00fcgel, w\u00e4hrend eine alte Festung und der See ebenfalls in Sicht kommen.<\/p>\n<p>&#8218;Villa Miela&#8216; ist die Basis der Gruppe zum Malen mit ihrem gro\u00dfen Studio im Freien. Die Eigent\u00fcmer-Gastgeber <a href=\"https:\/\/undiscoveredbalkans.com\/about-us\/\">Ben &amp; Emma<\/a> sind zur Stelle, um auf die Bed\u00fcrfnisse der Gruppe einzugehen (Ben spricht flie\u00dfend Deutsch!) T\u00e4gliche Kunstkurse finden hier statt und auch bei Besuchen einiger erstaunlicher Orte im Nationalpark und in der nahe gelegenen Adria. Zum Beispiel besuchen wir Budva, eine alte ummauerte venezianische Hafenstadt, die reich an Architektur und Geschichte ist.<\/p>\n<p>Unsere Reiseroute beinhaltet auch die M\u00f6glichkeit, wild in Wasserf\u00e4llen und im See zu schwimmen, der mit rund 400 Quadratkilometern gr\u00f6\u00dften S\u00fc\u00dfwasserverbreitung in S\u00fcdeuropa.<\/p>\n<p><img decoding=\"async\" class=\"size-full wp-image-43236 alignright\" src=\"https:\/\/undiscoveredbalkans.com\/wp-content\/uploads\/2020\/08\/Covid-Badge-PNG-e1596655818510.png\" alt=\"\" width=\"150\" height=\"155\"\/><\/p>\n<p>Dies ist ein Kleingruppenurlaub f\u00fcr maximal zehn Personen mit allen Fr\u00fchst\u00fccken und Abendessen inbegriffen. Es bedeutet, dass Sie viel pers\u00f6nliche Aufmerksamkeit von Sally erhalten und Zeit haben, sich zu entspannen und Ihre wundersame Umgebung zu genie\u00dfen. Im Mai sind diese voll von der Lebendigkeit der Natur!<\/p>\n<p>Verwenden Sie die Tabs oben, um eine detaillierte Reiseroute f\u00fcr diesen Urlaub und unsere Fotogalerie anzuzeigen. Die Pl\u00e4tze sind streng limitiert, also melde dich so schnell wie m\u00f6glich, um deinen Platz zu reservieren!<\/p>\n<hr \/>\n<p><img loading=\"lazy\" decoding=\"async\" class=\"alignleft wp-image-45964 size-full\" title=\"Malerei urlaub\" src=\"https:\/\/undiscoveredbalkans.com\/wp-content\/uploads\/2019\/07\/Sally-Fisher.jpg\" alt=\"\" width=\"200\" height=\"200\"\/><\/p>\n<p class=\"normal\"><a href=\"http:\/\/www.sallyfisher.net\/\"><b>Sally Fisher<\/b><\/a> ist ein erfahrener und qualifizierter Kunstlehrer. Sie begann 1998 am Camden&#8217;s Working Men&#8217;s College f\u00fcr M\u00e4nner und Frauen zu unterrichten, wo sie Anatomie-Leben und Bewegung, Stillleben in verschiedenen Medien und die Aquarell-Sommerschule unterrichtete. Sie hat an vielen Kunstvereinen unterrichtet und f\u00fcr Golden Acrylics in London demonstriert. Sie unterrichtete und stellte nebenbei im Harbour House Kunst- und Yoga-Zentrum in Devon aus. Seit 2012 unterrichtet Sally \u00d6le und Lebenszeichnung im Phoenix Studio in Towersey bei Thames in Oxfordshire.<\/p>\n<p>Sally mag es, ihren Unterricht informativ, explorativ und praktisch zu gestalten und Techniken in verschiedenen Medien zu demonstrieren. Jeder Malertag beginnt um 10 Uhr mit einem \u201eAnsatz zum Zeichnen\u201c, der auf einer \u00dcbung und einer Demonstration basiert. Dies wird ungef\u00e4hr eine Stunde dauern, gefolgt von einer Pause f\u00fcr Tee \/ Kaffee und unserer Abreise zum Veranstaltungsort des Tages zum Skizzieren und Malen.<\/p>\n","protected":false},"excerpt":{"rendered":"<p>Inspirierender Malurlaub in Montenegro mit einem erfahrenen Kunstlehrer!<\/p>\n","protected":false},"featured_media":47140,"comment_status":"closed","ping_status":"closed","template":"","meta":{"_monsterinsights_skip_tracking":false,"_monsterinsights_sitenote_active":false,"_monsterinsights_sitenote_note":"","_monsterinsights_sitenote_category":0,"_uf_show_specific_survey":0,"_uf_disable_surveys":false},"product_brand":[],"product_cat":[289,290],"product_tag":[292,291],"class_list":{"0":"post-47139","1":"product","2":"type-product","3":"status-publish","4":"has-post-thumbnail","6":"product_cat-relaxing-de","7":"product_cat-specialist-de","8":"product_tag-relaxing-de","9":"product_tag-specialist-de","10":"tour_category-holidays-in-montenegro-de","12":"first","13":"instock","14":"shipping-taxable","15":"product-type-tour"},"aioseo_notices":[],"_links":{"self":[{"href":"https:\/\/undiscoveredbalkans.com\/de\/wp-json\/wp\/v2\/product\/47139","targetHints":{"allow":["GET"]}}],"collection":[{"href":"https:\/\/undiscoveredbalkans.com\/de\/wp-json\/wp\/v2\/product"}],"about":[{"href":"https:\/\/undiscoveredbalkans.com\/de\/wp-json\/wp\/v2\/types\/product"}],"replies":[{"embeddable":true,"href":"https:\/\/undiscoveredbalkans.com\/de\/wp-json\/wp\/v2\/comments?post=47139"}],"wp:featuredmedia":[{"embeddable":true,"href":"https:\/\/undiscoveredbalkans.com\/de\/wp-json\/wp\/v2\/media\/47140"}],"wp:attachment":[{"href":"https:\/\/undiscoveredbalkans.com\/de\/wp-json\/wp\/v2\/media?parent=47139"}],"wp:term":[{"taxonomy":"product_brand","embeddable":true,"href":"https:\/\/undiscoveredbalkans.com\/de\/wp-json\/wp\/v2\/product_brand?post=47139"},{"taxonomy":"product_cat","embeddable":true,"href":"https:\/\/undiscoveredbalkans.com\/de\/wp-json\/wp\/v2\/product_cat?post=47139"},{"taxonomy":"product_tag","embeddable":true,"href":"https:\/\/undiscoveredbalkans.com\/de\/wp-json\/wp\/v2\/product_tag?post=47139"}],"curies":[{"name":"wp","href":"https:\/\/api.w.org\/{rel}","templated":true}]}}