{"id":47058,"date":"2015-07-10T15:31:33","date_gmt":"2020-11-12T08:56:23","guid":{"rendered":"https:\/\/undiscoveredbalkans.com\/product\/wandern-montenegro-7-days\/"},"modified":"2023-06-01T21:20:42","modified_gmt":"2023-06-01T19:20:42","slug":"wanderurlaub-montenegro","status":"publish","type":"product","link":"https:\/\/undiscoveredbalkans.com\/de\/tours\/wanderurlaub-montenegro\/","title":{"rendered":"Wandern Montenegro &#8211; 7 Tage"},"content":{"rendered":"<h2>Montenegro Wanderurlaub<\/h2>\n<p><img decoding=\"async\" class=\" wp-image-3806 alignleft\" src=\"https:\/\/undiscoveredbalkans.com\/wp-content\/uploads\/resplogo.png\" alt=\"\" width=\"164\" height=\"50\" \/><i>&#8222;Ein nahtloser Traum von einer Reise, die wirklich die sch\u00f6nste Erfahrung war. Unser Reiseleiter war absolut ph\u00e4nomenal &#8211; die freundlichste, sachkundigste, r\u00fccksichtsvollste und verantwortungsvollste Person, die Sie jemals durch die wundersch\u00f6nen Landschaften Montenegros f\u00fchren m\u00f6chten.&#8220; <\/i><a href=\"https:\/\/www.tripadvisor.com\/Attraction_Review-g1232143-d4400462-Reviews-Undiscovered_Montenegro-Virpazar_Bar_Municipality.html\">Jon Kennedy, August 2019<\/a><\/p>\n<p class=\"normal\"><b><i>2021 Abreisedaten: jeden Sonntag, April-Oktober<\/i><\/b><\/p>\n<p><em><span style=\"font-size: 12pt;\"><strong><a href=\"https:\/\/undiscoveredbalkans.com\/coronavirus\">Covid-19 &#8211; alle Ihre Fragen zu Reisen mit uns nach Montenegro beantwortet<\/a><\/strong><\/span><\/em><\/p>\n<p class=\"normal\"><b> <img fetchpriority=\"high\" decoding=\"async\" class=\"alignleft wp-image-5936 size-medium\" title=\"Wandern in Montenegro\" src=\"https:\/\/undiscoveredbalkans.com\/wp-content\/uploads\/2015\/07\/20524425_10211771841466089_210107708_o-300x225.jpg\" alt=\"\" width=\"300\" height=\"225\" srcset=\"https:\/\/undiscoveredbalkans.com\/wp-content\/uploads\/2015\/07\/20524425_10211771841466089_210107708_o-300x225.jpg 300w, https:\/\/undiscoveredbalkans.com\/wp-content\/uploads\/2015\/07\/20524425_10211771841466089_210107708_o-768x576.jpg 768w, https:\/\/undiscoveredbalkans.com\/wp-content\/uploads\/2015\/07\/20524425_10211771841466089_210107708_o-1024x768.jpg 1024w, https:\/\/undiscoveredbalkans.com\/wp-content\/uploads\/2015\/07\/20524425_10211771841466089_210107708_o-600x450.jpg 600w, https:\/\/undiscoveredbalkans.com\/wp-content\/uploads\/2015\/07\/20524425_10211771841466089_210107708_o.jpg 1280w\" sizes=\"(max-width: 300px) 100vw, 300px\" \/><\/b>Unsere Guides glauben, da\u00df Sie nicht wirklich in Montenegro waren, ohne mindestens einen Gipfel \u00fcber 2.000 Meter zu besteigen! Unser Wanderurlaub in Montenegro ist wahrscheinlich die optimale \u201eDurchquerung\u201c durch die attraktivsten und h\u00f6chsten Gebiete Montenegros. Er beginnt in der N\u00e4he der Grenzen von Albanien und Kosovo im Prokletije, klettert \u00fcber die Wolken im Komovi-Gebirge und genie\u00dft die Weiden und den Urwald von Bjelasica und Biogradska Gora National Park. Sie werden auch die verborgenen Sch\u00e4tze des Mt. Lola entdecken, eine Sch\u00f6nheit, die weit weg von allen Touristenpfaden liegt, und wir werden auf dem h\u00f6chsten Gipfel von allen enden &#8211; Durmitor. Jede Tour bringt uns zu mindestens einem Gipfel und jeden Tag genie\u00dfen wir eine atemberaubende Aussicht, unber\u00fchrte Natur, frische Luft, Stille und verschiedene Landschaften.<\/p>\n<p>Bei diesem Programm geht es nat\u00fcrlich nicht nur darum, in den Bergen zu bleiben. W\u00e4hrend der Tour erleben Sie lokale Traditionen, Geschichte, Legenden, geschmackvolle K\u00fcche, Kirchen und Kl\u00f6ster &#8230; kurz gesagt, Sie werden alle Kontraste sehen, die unser Land so besonders machen!<img decoding=\"async\" class=\"size-full wp-image-43236 alignright\" src=\"https:\/\/undiscoveredbalkans.com\/wp-content\/uploads\/2020\/08\/Covid-Badge-PNG-e1596655818510.png\" alt=\"\" width=\"150\" height=\"155\" \/><\/p>\n<p><a href=\"https:\/\/undiscoveredbalkans.com\/responsible-travel\"><strong><span style=\"font-size: 12pt;\">Book to Give Back &#8211; jede Buchung l\u00f6st eine Spende f\u00fcr unsere ausgew\u00e4hlten lokalen Umwelt- und Gemeindezwecke aus!<\/span><\/strong><\/a><\/p>\n<p><i><b>Alle Transporte, Unterk\u00fcnfte und Mahlzeiten sind inbegriffen sowie ein qualifizierter 24-Stunden-Guide, der Sie von Ihrem Standort abholt und Sie am Ende Ihrer Reise zum Flughafen Podgorica zur\u00fcckbringt. Dieser Urlaub ist nicht f\u00fcr Veganer geeignet.<\/b><\/i><\/p>\n<hr \/>\n<p><img loading=\"lazy\" decoding=\"async\" class=\"wp-image-47093 size-full alignleft\" title=\"hiking in montenegro\" src=\"https:\/\/undiscoveredbalkans.com\/wp-content\/uploads\/2015\/07\/nikola.jpg\" alt=\"\" width=\"110\" height=\"110\" \/> I<b>hr Reiseleiter: Nikola<\/b> ist ein erfahrener Wanderf\u00fchrer, der niemals gl\u00fccklicher ist als in den Bergen! Er hat eine Leidenschaft f\u00fcr die Natur und insbesondere f\u00fcr den Norden Montenegros. Je abgelegener das Gebiet ist, desto wahrscheinlicher ist es, da\u00df er es erkundet! Nikola spricht ausgezeichnet Englisch und Deutsch und hat die volle Qualifikation als Bergf\u00fchrer.<\/p>\n<hr \/>\n<h1 style=\"font-family: 'Frankie'; color: #333333; text-align: center;\">M\u00f6chte mehr sehen? Kuck mal unser Video an!<\/h1>\n<div class=\"epyt-video-wrapper\"><iframe  id=\"_ytid_30125\"  width=\"748\" height=\"421\"  data-origwidth=\"748\" data-origheight=\"421\"  data-relstop=\"1\" src=\"https:\/\/www.youtube.com\/embed\/pVlghrjDgE8?enablejsapi=1&#038;autoplay=0&#038;cc_load_policy=0&#038;cc_lang_pref=&#038;iv_load_policy=1&#038;loop=0&#038;modestbranding=0&#038;rel=0&#038;fs=1&#038;playsinline=0&#038;autohide=2&#038;theme=dark&#038;color=red&#038;controls=1&#038;\" class=\"__youtube_prefs__  epyt-is-override  no-lazyload\" title=\"YouTube player\"  allow=\"fullscreen; accelerometer; autoplay; clipboard-write; encrypted-media; gyroscope; picture-in-picture\" allowfullscreen data-no-lazy=\"1\" data-skipgform_ajax_framebjll=\"\"><\/iframe><\/div>\n","protected":false},"excerpt":{"rendered":"<p>Eine atemberaubende Tour zu den h\u00f6chsten Gipfeln Montenegros f\u00fcr erfahrene Wanderer!<\/p>\n","protected":false},"featured_media":75580,"comment_status":"closed","ping_status":"closed","template":"","meta":{"_monsterinsights_skip_tracking":false,"_monsterinsights_sitenote_active":false,"_monsterinsights_sitenote_note":"","_monsterinsights_sitenote_category":0,"_uf_show_specific_survey":0,"_uf_disable_surveys":false},"product_brand":[],"product_cat":[271],"product_tag":[275],"class_list":{"0":"post-47058","1":"product","2":"type-product","3":"status-publish","4":"has-post-thumbnail","6":"product_cat-wandern-2","7":"product_tag-wandern","8":"tour_category-holidays-in-montenegro-de","10":"first","11":"instock","12":"shipping-taxable","13":"product-type-tour"},"aioseo_notices":[],"_links":{"self":[{"href":"https:\/\/undiscoveredbalkans.com\/de\/wp-json\/wp\/v2\/product\/47058","targetHints":{"allow":["GET"]}}],"collection":[{"href":"https:\/\/undiscoveredbalkans.com\/de\/wp-json\/wp\/v2\/product"}],"about":[{"href":"https:\/\/undiscoveredbalkans.com\/de\/wp-json\/wp\/v2\/types\/product"}],"replies":[{"embeddable":true,"href":"https:\/\/undiscoveredbalkans.com\/de\/wp-json\/wp\/v2\/comments?post=47058"}],"wp:featuredmedia":[{"embeddable":true,"href":"https:\/\/undiscoveredbalkans.com\/de\/wp-json\/wp\/v2\/media\/75580"}],"wp:attachment":[{"href":"https:\/\/undiscoveredbalkans.com\/de\/wp-json\/wp\/v2\/media?parent=47058"}],"wp:term":[{"taxonomy":"product_brand","embeddable":true,"href":"https:\/\/undiscoveredbalkans.com\/de\/wp-json\/wp\/v2\/product_brand?post=47058"},{"taxonomy":"product_cat","embeddable":true,"href":"https:\/\/undiscoveredbalkans.com\/de\/wp-json\/wp\/v2\/product_cat?post=47058"},{"taxonomy":"product_tag","embeddable":true,"href":"https:\/\/undiscoveredbalkans.com\/de\/wp-json\/wp\/v2\/product_tag?post=47058"}],"curies":[{"name":"wp","href":"https:\/\/api.w.org\/{rel}","templated":true}]}}