{"id":46936,"date":"2015-07-11T10:51:49","date_gmt":"2020-11-12T07:52:56","guid":{"rendered":"https:\/\/undiscoveredbalkans.com\/product\/vogelbeobachtungsurlaub-montenegro-7-days\/"},"modified":"2023-06-01T21:20:42","modified_gmt":"2023-06-01T19:20:42","slug":"vogelbeobachtungsurlaub-montenegro","status":"publish","type":"product","link":"https:\/\/undiscoveredbalkans.com\/de\/tours\/vogelbeobachtungsurlaub-montenegro\/","title":{"rendered":"Vogelbeobachtungsurlaub Montenegro &#8211; 7 days"},"content":{"rendered":"<h2>Montenegro Vogelbeobachtungsurlaub &#8211; Skadarsee, Bojana-Delta, Durmitor<\/h2>\n<p><img decoding=\"async\" class=\"wp-image-3845 alignleft\" src=\"https:\/\/undiscoveredbalkans.com\/wp-content\/uploads\/\/tripadvisor-300x91.jpg\" alt=\"\" width=\"221\" height=\"67\" srcset=\"https:\/\/undiscoveredbalkans.com\/wp-content\/uploads\/tripadvisor-300x91.jpg 300w, https:\/\/undiscoveredbalkans.com\/wp-content\/uploads\/tripadvisor.jpg 329w\" sizes=\"(max-width: 221px) 100vw, 221px\" \/><i>&#8222;Montenegro hat eine wunderbare Vielfalt an Vogelarten und wir durften von zwei ornithologischen Experten, Mihailo und Andrej, durch das Land gef\u00fchrt werden. [our holiday] ein voller Erfolg und ein unvergessliches Erlebnis.&#8220;<\/i><a href=\"https:\/\/www.tripadvisor.com\/Attraction_Review-g1232143-d4400462-Reviews-Undiscovered_Montenegro-Virpazar_Bar_Municipality.html\">Elizabeth Oakley, April 2018<\/a> i<\/p>\n<p><img fetchpriority=\"high\" decoding=\"async\" class=\"two alignright\" src=\"https:\/\/undiscoveredbalkans.com\/wp-content\/uploads\/tapija.jpg\" alt=\"\" width=\"300\" height=\"200\" border=\"0\"\/><b><i><\/i><\/b><\/p>\n<p><b><i>Gruppenvogelbeobachtungsurlaub mit fachkundigem F\u00fchrer<br \/>\nAbreisedaten: 11. April und 2. Mai 2021<br \/>\nEinzelbuchungen m\u00f6glich<\/i><\/b><\/p>\n<p><em><span style=\"font-size: 12pt;\"><strong><a href=\"https:\/\/undiscoveredbalkans.com\/coronavirus\">Covid-19 &#8211; alle Ihre Fragen zu Reisen mit uns nach Montenegro beantwortet<\/a><\/strong><\/span><\/em><\/p>\n<p>Genie\u00dfen Sie eine unglaubliche Woche Vogelbeobachtung in der ungez\u00e4hmten Natur des wilden Montenegro. Ab dem Lake Skadar National Park entdecken Sie zu dieser magischen Jahreszeit, in der die Migration mit der Brutzeit endet, einen der f\u00fcnf besten Standorte f\u00fcr Zugv\u00f6gel in Europa. Der riesige Skadar-See und das damit verbundene Bojana-Delta sind wichtige Vogelgebiete und auch atemberaubend sch\u00f6n. Hier befindet sich der seltene dalmatinische Pelikan und die zweitgr\u00f6\u00dfte Kolonie der Pygm\u00e4enkormorane der Welt. Hier haben Sie die M\u00f6glichkeit, das Leben in Feuchtgebieten in seiner ganzen Pracht zu erleben, von gl\u00e4nzendem Ibis und Squacco Heron bis hin zu Rohrdommeln, Haubentauchern, Reihern, Seeschwalben und vielem mehr. \u00dcber 280 verschiedene Vogelarten werden von der Vielfalt der Lebensr\u00e4ume in diesen erstaunlichen und ausgedehnten Feuchtgebieten (insgesamt mehr als 400 Quadratkilometer) angezogen, darunter offenes Wasser, schwimmende Vegetation, Wattenmeer, felsige Ufer, Marschland, rauschende Fl\u00fcsse und bewaldetes Hinterland.<\/p>\n<p>Weiter im Landesinneren bietet ein Besuch des UNESCO-gesch\u00fctzten Durmitor-Nationalparks die M\u00f6glichkeit, alpine Arten, Nussknacker und Dreizehenspecht zu beobachten und gleichzeitig die alten Nadelw\u00e4lder zu erkunden, die einen Gro\u00dfteil dieser unber\u00fchrten Bergregion bedecken.<\/p>\n<p>Ihre Basis f\u00fcr die Woche ist die wundersch\u00f6n restaurierte <a href=\"https:\/\/undiscoveredbalkans.com\/lake-skadar-accommodation\/\">Villa Miela<\/a> am Lake Skadar Nationalpark &#8211; auch ein erstklassiger Ort f\u00fcr die Vogelbeobachtung. Hoch am Hang \u00fcber dem h\u00fcbschen Seedorf Virpazar mit <img decoding=\"async\" class=\"size-full wp-image-43236 alignright\" src=\"https:\/\/undiscoveredbalkans.com\/wp-content\/uploads\/2020\/08\/Covid-Badge-PNG-e1596655818510.png\" alt=\"\" width=\"150\" height=\"155\"\/> auf Berge, Tal und Wasser k\u00f6nnen Sie von der Terrasse aus auf V\u00f6gel wie den Kleiber und sogar gelegentlich auf Adler achten! Eine gut ausgestattete Gemeinschaftsk\u00fcche und ein Gasgrill im Freien bieten Selbstversorger-Einrichtungen. Die Unterkunft f\u00fcr unsere \u00dcbernachtung im Durmitor ist Halbpension in einem kleinen Hotel in \u017dabljak.<\/p>\n<p><em><strong>Dieser Feiertag unterst\u00fctzt den Pelikanschutz am Skadarsee &#8211; f\u00fcr jede Buchung spenden wir 10% an die Organisation.<\/strong><\/em><\/p>\n<hr \/>\n<p><img loading=\"lazy\" decoding=\"async\" class=\"one alignleft\" src=\"https:\/\/undiscoveredbalkans.com\/wp-content\/uploads\/Andrej.jpg\" alt=\"\" width=\"100\" height=\"110\" border=\"0\"\/><b>Ihr erfahrener Reiseleiter<\/b> Andrej Vizi ist einer der f\u00fchrenden Ornithologen Montenegros. Andrej, Kurator des Nationalen Geschichtsmuseums von Montenegro und die Beh\u00f6rde f\u00fcr die landesweite \u00dcberwachung von Winterv\u00f6geln (IWC und nationaler Vertreter), interessiert sich besonders f\u00fcr die Erforschung der Brutgebiete der dalmatinischen Pelikane am Skadarsee und ist auch Projektkoordinator f\u00fcr V\u00f6gel in Montenegro klingeln.<\/p>\n<p><img loading=\"lazy\" decoding=\"async\" class=\"size-full wp-image-46991 alignleft\" src=\"https:\/\/undiscoveredbalkans.com\/wp-content\/uploads\/2015\/07\/Mihajlo2.jpg\" alt=\"\" width=\"100\" height=\"113\"\/>Mihailo Jovi\u010devi\u0107 arbeitet an der Fakult\u00e4t f\u00fcr Naturwissenschaften und ist aktives Mitglied der NGO Montenegrin Ecologists Society, einer gemeinn\u00fctzigen Organisation, deren Ziel es ist, ein wirksames Modell f\u00fcr die Bew\u00e4ltigung der aktuellen Herausforderungen im Bereich des Naturschutzes anzubieten. Bisher hat er mehrere Projekte zur Erforschung und zum Schutz einiger gef\u00e4hrdeter Arten auf nationaler und regionaler Ebene durchgef\u00fchrt.<\/p>\n<p>F\u00fcr nicht englischsprachige Personen wird ein deutschsprachiger Reiseleiter an den Reisen teilnehmen. Bitte beachten Sie jedoch, da\u00df er kein Ornithologe ist!<\/p>\n","protected":false},"excerpt":{"rendered":"<p>Genie\u00dfen Sie eine unglaubliche Woche Vogelbeobachtung in Montenegros ungez\u00e4hmter Natur!<\/p>\n","protected":false},"featured_media":46937,"comment_status":"closed","ping_status":"closed","template":"","meta":{"_monsterinsights_skip_tracking":false,"_monsterinsights_sitenote_active":false,"_monsterinsights_sitenote_note":"","_monsterinsights_sitenote_category":0,"_uf_show_specific_survey":0,"_uf_disable_surveys":false},"product_brand":[],"product_cat":[289,290],"product_tag":[292,291],"class_list":{"0":"post-46936","1":"product","2":"type-product","3":"status-publish","4":"has-post-thumbnail","6":"product_cat-relaxing-de","7":"product_cat-specialist-de","8":"product_tag-relaxing-de","9":"product_tag-specialist-de","11":"first","12":"instock","13":"shipping-taxable","14":"product-type-tour"},"aioseo_notices":[],"_links":{"self":[{"href":"https:\/\/undiscoveredbalkans.com\/de\/wp-json\/wp\/v2\/product\/46936","targetHints":{"allow":["GET"]}}],"collection":[{"href":"https:\/\/undiscoveredbalkans.com\/de\/wp-json\/wp\/v2\/product"}],"about":[{"href":"https:\/\/undiscoveredbalkans.com\/de\/wp-json\/wp\/v2\/types\/product"}],"replies":[{"embeddable":true,"href":"https:\/\/undiscoveredbalkans.com\/de\/wp-json\/wp\/v2\/comments?post=46936"}],"wp:featuredmedia":[{"embeddable":true,"href":"https:\/\/undiscoveredbalkans.com\/de\/wp-json\/wp\/v2\/media\/46937"}],"wp:attachment":[{"href":"https:\/\/undiscoveredbalkans.com\/de\/wp-json\/wp\/v2\/media?parent=46936"}],"wp:term":[{"taxonomy":"product_brand","embeddable":true,"href":"https:\/\/undiscoveredbalkans.com\/de\/wp-json\/wp\/v2\/product_brand?post=46936"},{"taxonomy":"product_cat","embeddable":true,"href":"https:\/\/undiscoveredbalkans.com\/de\/wp-json\/wp\/v2\/product_cat?post=46936"},{"taxonomy":"product_tag","embeddable":true,"href":"https:\/\/undiscoveredbalkans.com\/de\/wp-json\/wp\/v2\/product_tag?post=46936"}],"curies":[{"name":"wp","href":"https:\/\/api.w.org\/{rel}","templated":true}]}}