{"id":45845,"date":"2015-07-12T10:34:07","date_gmt":"2020-11-10T11:09:29","guid":{"rendered":"https:\/\/undiscoveredbalkans.com\/product\/yoga-und-multi-aktivitaet-7-tage\/"},"modified":"2023-06-01T21:20:42","modified_gmt":"2023-06-01T19:20:42","slug":"montenegro-yogaaktivitatsurlaub","status":"publish","type":"product","link":"https:\/\/undiscoveredbalkans.com\/de\/tours\/montenegro-yogaaktivitatsurlaub\/","title":{"rendered":"Yoga und Multi Aktivit\u00e4t &#8211; 7 Tage"},"content":{"rendered":"<h2>Yoga und Aktivurlaub im Montenegros Lake Skadar Nationalpark<\/h2>\n<p><img decoding=\"async\" class=\"one alignleft\" src=\"https:\/\/undiscoveredbalkans.com\/wp-content\/uploads\/tripadvisor.jpg\" alt=\"\" width=\"200\" height=\"61\" border=\"0\"\/><i>&#8222;(eine) perfekte Yoga-Woche mit tollen Gastgebern in wundersch\u00f6ner Natur &#8211; der Skadar-See ist einer der sch\u00f6nsten Orte, an denen ich je gewesen bin, und die Villa Miela war der perfekte Ort, um meinen Urlaub zu verbringen.&#8220;<\/i><br \/>\n<a href=\"https:\/\/www.tripadvisor.com\/Hotel_Review-g1232143-d2514565-Reviews-Villa_Miela-Virpazar_Bar_Municipality.html\">Eva Bergold, Mai 2017<\/a><br \/>\n<img fetchpriority=\"high\" decoding=\"async\" class=\"two alignright\" title=\"Yoga Aktivurlaub\" src=\"https:\/\/undiscoveredbalkans.com\/wp-content\/uploads\/yoga.jpg\" alt=\"A woman on a yoga holiday in Montenegro doing a wheel pose while on a boat tour at Lake Skadar National Park on a warm sunny day\" width=\"300\" height=\"200\" border=\"0\"\/><br \/>\n<img decoding=\"async\" class=\"alignright wp-image-45960 size-full\" title=\"Yoga Aktivurlaub\" src=\"https:\/\/undiscoveredbalkans.com\/wp-content\/uploads\/2015\/07\/marnielogo.png\" alt=\"\" width=\"244\" height=\"207\"\/><\/p>\n<p class=\"normal\"><b>Montenegro Yoga und Aktivurlaub mit einem erfahrenen Instruktor in Hatha \/ Vinyasa.<\/b><\/p>\n<p><strong><i>2021 Abreisedaten: 6. und 20. Juni<\/i><\/strong><\/p>\n<p><em><span style=\"font-size: 12pt;\"><strong><a href=\"https:\/\/undiscoveredbalkans.com\/coronavirus\">Covid-19 &#8211; alle Ihre Fragen zu Reisen mit uns nach Montenegro beantwortet<\/a><\/strong><\/span><\/em><\/p>\n<p>Genie\u00dfen Sie eine Woche Yoga, Entspannung und Aktivit\u00e4ten in der ungez\u00e4hmten Natursch\u00f6nheit und unber\u00fchrten Umgebung des Montenegros Lake Skadar Nationalpark. In der wundersch\u00f6nen Villa Miela, einer renovierten Steinvilla in der N\u00e4he des Sees, k\u00f6nnen Sie sich aufladen und entspannen, w\u00e4hrend Sie an t\u00e4glichen Hatha- oder Vinyasa-Yoga-Flow-Sitzungen teilnehmen.<\/p>\n<p>Die Sitzungen finden auf der Hangterrasse der Villa und an anderen Stellen rund um den See statt, z. B. an versteckten S\u00fc\u00dfwasserstr\u00e4nden und Panoramablicken. Neben Yoga k\u00f6nnen die G\u00e4ste auch andere gef\u00fchrte Ausfl\u00fcge wie Wandern, wildes Schwimmen und Kajakfahren unternehmen &#8211; oder einfach in der Villa entspannen. Die Mahlzeiten sind inbegriffen: Jeden Tag nach dem Training bieten wir ein herzhaftes Bauernfr\u00fchst\u00fcck an. Das fr\u00fche Abendessen wird von unserem Exerzitienkoch mit den besten vegetarischen Zutaten aus der Region serviert.<img loading=\"lazy\" decoding=\"async\" class=\"size-full wp-image-43236 alignright\" src=\"https:\/\/undiscoveredbalkans.com\/wp-content\/uploads\/2020\/08\/Covid-Badge-PNG-e1596655818510.png\" alt=\"\" width=\"150\" height=\"155\"\/><\/p>\n<p>Die Reinheit des Skadar-Sees macht ihn zum idealen Ausgangspunkt f\u00fcr einen ganzheitlichen R\u00fcckzugsort mit sauberer Luft, frischem Wasser und einer reichen Tierwelt inmitten einer der spektakul\u00e4rsten Landschaften Montenegros. Dies ist ein kleiner Gruppenurlaub f\u00fcr bis zu 10 G\u00e4ste. Nehmen Sie jetzt Kontakt mit uns auf, um Ihr Interesse f\u00fcr unsere Yoga-Aktivit\u00e4tsferien am<strong>6. und 20. Juni 2021<\/strong> zu registrieren.<\/p>\n<p><strong><span style=\"font-size: 12pt;\">Book to Give Back &#8211; jede Buchung l\u00f6st eine Spende f\u00fcr unsere ausgew\u00e4hlten lokalen Umwelt- und Gemeindezwecke aus!<\/span><\/strong><\/p>\n<hr \/>\n<p><img loading=\"lazy\" decoding=\"async\" class=\"alignleft wp-image-45964 size-full\" title=\"Yoga Aktivurlaub\" src=\"https:\/\/undiscoveredbalkans.com\/wp-content\/uploads\/2015\/07\/marnie.png\" alt=\"\" width=\"250\" height=\"250\" srcset=\"https:\/\/undiscoveredbalkans.com\/wp-content\/uploads\/2015\/07\/marnie.png 250w, https:\/\/undiscoveredbalkans.com\/wp-content\/uploads\/2015\/07\/marnie-150x150.png 150w\" sizes=\"(max-width: 250px) 100vw, 250px\" \/><\/p>\n<p class=\"normal\"><a href=\"mailto:marnieyoga@hotmail.com\"><strong>Marnie Sullivan<\/strong><\/a> begann ihre Yoga-Reise im Jahr 2000 und unterrichtete mit einer traditionellen Herangehensweise an Hatha Yoga, die Marnie dazu inspirierte, ihre Praxis in Hatha weiterzuentwickeln und ihren Klassen etwas Vinyasa-Fluss und Streusel von Ashtanga hinzuzuf\u00fcgen. Marnie wurde in ihrer eigenen Praxis und Lehre von erstaunlichen Lehrern wie Paul Fox, Emma Conally-Barklem und Esther Ekhart inspiriert. Sie absolvierte ihre Yoga-Ausbildung beim BWY und studierte w\u00e4hrend eines mehr als 300-st\u00fcndigen Unterrichts \u00fcber einen Zeitraum von 18 Monaten f\u00fcr Level 3.<\/p>\n<p>Marnie ist ausgebildete Kinder-Yogalehrerin und unterrichtet seit 2 Jahren Kinder im Alter von 4 bis 14 Jahren in Yoga. Marnie unterrichtet nicht nur Erwachsene und Kinder in Yoga, sondern ist auch eine qualifizierte Pilates-Lehrerin der Stufe 4, Personal Trainerin und Body Balance-Lehrerin.<\/p>\n<p>Marnies Yoga-Lehren sind voller Begeisterung, ihr Stil ist kreativ, flie\u00dfend und dynamisch. Marnies beruhigende und f\u00fcrsorgliche Pers\u00f6nlichkeit strahlt aus, indem sie ihren Unterricht f\u00fcr alle Sch\u00fcler (aller Niveaus) einschlie\u00dft. Die spirituelle Stimmung, die Marnie schafft, hilft ihren Sch\u00fclern, die Yoga-Praxis zu sp\u00fcren und die K\u00f6rperhaltung zu genie\u00dfen.<\/p>\n<hr \/>\n<p>Hatha Vinyasa Flow ist eine Form des Yoga, die physisches, mentales und spirituelles Yoga kombiniert und die Sch\u00fcler dazu ermutigt, ein subtiles Gleichgewicht zwischen Anstrengung und Entspannung zu finden. Insbesondere Hatha nutzt Bewegung und Atem zusammen, um einen \u201eFluss\u201c von K\u00f6rperhaltungen zu erzeugen, die von einer zur n\u00e4chsten f\u00fchren. Ziel ist es, Kraft, Flexibilit\u00e4t und Entspannung in K\u00f6rper und Geist zu entwickeln.<\/p>\n<p>Der Unterricht umfasst ein Aufw\u00e4rmen mit Blick auf die richtige Ausrichtung und Atmung, eine dynamische Flie\u00dfsequenz, gefolgt von Steh- und Sitzhaltungen, die Strecken, Drehungen sowie Vorw\u00e4rts- und R\u00fcckw\u00e4rtsbeugen kombinieren und mit tiefer Entspannung und Meditation enden. Die Sitzungen finden meistens morgens in der Villa Miela statt und dauern bis zu 90 Minuten. Sie finden jedoch auch an einigen fantastischen Orten im Nationalpark statt. Egal ob erfahren oder ein absoluter Anf\u00e4nger, Sie werden sich energetisiert und bereit f\u00fcr all unsere gro\u00dfartigen Aktivit\u00e4ten f\u00fchlen!<\/p>\n<p><img loading=\"lazy\" decoding=\"async\" class=\"two alignright\" src=\"https:\/\/undiscoveredbalkans.com\/wp-content\/uploads\/yogaclasses.jpg\" alt=\"\" width=\"400\" height=\"280\" border=\"0\"\/><b>Leistungen:<\/b><br \/>\n&#8211; Bauen Sie Kraft, Stabilit\u00e4t und Ausdauer auf<br \/>\n&#8211; Erh\u00f6hen Sie die Flexibilit\u00e4t und den Muskeltonus<br \/>\n&#8211; Konzentriere den Geist<br \/>\n&#8211; F\u00f6rderung des k\u00f6rperlichen und geistigen Gleichgewichts<br \/>\n&#8211; K\u00f6rperbewusstsein und richtige Ausrichtung entwickeln<br \/>\n&#8211; Stress reduzieren<br \/>\n&#8211; Erh\u00f6hen Sie das Gef\u00fchl von Ruhe und Frieden<br \/>\n&#8211; Erh\u00f6hte Lungenkapazit\u00e4t f\u00fcr eine bessere Atmung entwickeln<br \/>\n&#8211; Elemente der Yoga-Philosophie verstehen<br \/>\n&#8211; Meditation und Entspannung lernen<br \/>\n&#8211; Werden Sie Ihr eigener Lehrer<\/p>\n<hr \/>\n<h1 style=\"font-family: 'Frankie'; color: #333333; text-align: center;\">M\u00f6chte mehr sehen? Kuck mal unser Video an!<\/h1>\n<div class=\"epyt-video-wrapper\"><iframe  id=\"_ytid_92764\"  width=\"748\" height=\"421\"  data-origwidth=\"748\" data-origheight=\"421\"  data-relstop=\"1\" src=\"https:\/\/www.youtube.com\/embed\/d5nAcsKJgnc?enablejsapi=1&autoplay=0&cc_load_policy=0&cc_lang_pref=&iv_load_policy=1&loop=0&modestbranding=0&rel=0&fs=1&playsinline=0&autohide=2&theme=dark&color=red&controls=1&\" class=\"__youtube_prefs__  no-lazyload\" title=\"YouTube player\"  allow=\"fullscreen; accelerometer; autoplay; clipboard-write; encrypted-media; gyroscope; picture-in-picture\" allowfullscreen data-no-lazy=\"1\" data-skipgform_ajax_framebjll=\"\"><\/iframe><\/div>\n","protected":false},"excerpt":{"rendered":"<p>T\u00e4gliche Yoga-Sitzungen und zahlreiche Aktivit\u00e4ten mit Experten am Skadar-See!<\/p>\n","protected":false},"featured_media":45846,"comment_status":"closed","ping_status":"closed","template":"","meta":{"_monsterinsights_skip_tracking":false,"_monsterinsights_sitenote_active":false,"_monsterinsights_sitenote_note":"","_monsterinsights_sitenote_category":0,"_uf_show_specific_survey":0,"_uf_disable_surveys":false},"product_brand":[],"product_cat":[274,289,290],"product_tag":[276,292,291],"class_list":{"0":"post-45845","1":"product","2":"type-product","3":"status-publish","4":"has-post-thumbnail","6":"product_cat-multiaktivitat-de","7":"product_cat-relaxing-de","8":"product_cat-specialist-de","9":"product_tag-multi-active-de","10":"product_tag-relaxing-de","11":"product_tag-specialist-de","12":"tour_category-villa-miela","14":"first","15":"instock","16":"shipping-taxable","17":"product-type-tour"},"aioseo_notices":[],"_links":{"self":[{"href":"https:\/\/undiscoveredbalkans.com\/de\/wp-json\/wp\/v2\/product\/45845","targetHints":{"allow":["GET"]}}],"collection":[{"href":"https:\/\/undiscoveredbalkans.com\/de\/wp-json\/wp\/v2\/product"}],"about":[{"href":"https:\/\/undiscoveredbalkans.com\/de\/wp-json\/wp\/v2\/types\/product"}],"replies":[{"embeddable":true,"href":"https:\/\/undiscoveredbalkans.com\/de\/wp-json\/wp\/v2\/comments?post=45845"}],"wp:featuredmedia":[{"embeddable":true,"href":"https:\/\/undiscoveredbalkans.com\/de\/wp-json\/wp\/v2\/media\/45846"}],"wp:attachment":[{"href":"https:\/\/undiscoveredbalkans.com\/de\/wp-json\/wp\/v2\/media?parent=45845"}],"wp:term":[{"taxonomy":"product_brand","embeddable":true,"href":"https:\/\/undiscoveredbalkans.com\/de\/wp-json\/wp\/v2\/product_brand?post=45845"},{"taxonomy":"product_cat","embeddable":true,"href":"https:\/\/undiscoveredbalkans.com\/de\/wp-json\/wp\/v2\/product_cat?post=45845"},{"taxonomy":"product_tag","embeddable":true,"href":"https:\/\/undiscoveredbalkans.com\/de\/wp-json\/wp\/v2\/product_tag?post=45845"}],"curies":[{"name":"wp","href":"https:\/\/api.w.org\/{rel}","templated":true}]}}