{"id":45570,"date":"2015-07-14T10:26:36","date_gmt":"2020-11-10T08:13:34","guid":{"rendered":"https:\/\/undiscoveredbalkans.com\/product\/wildcamping-und-bushcraft-kajakfahren-7-tage\/"},"modified":"2023-06-01T21:20:41","modified_gmt":"2023-06-01T19:20:41","slug":"kayak-wild-camp-and-bushcraft-lake-skadar","status":"publish","type":"product","link":"https:\/\/undiscoveredbalkans.com\/de\/tours\/kayak-wild-camp-and-bushcraft-lake-skadar\/","title":{"rendered":"Kayak, Wildes Camping &#038; Bushcraft &#8211; 7 Tage"},"content":{"rendered":"<h2>Kajakfahren, wildes Camping &amp; Bushcraft-Urlaub am Skadar-See<\/h2>\n<p><i><img decoding=\"async\" class=\"wp-image-3845 alignleft\" src=\"https:\/\/undiscoveredbalkans.com\/wp-content\/uploads\/tripadvisor.jpg\" alt=\"\" width=\"182\" height=\"55\" srcset=\"https:\/\/undiscoveredbalkans.com\/wp-content\/uploads\/tripadvisor.jpg 329w, https:\/\/undiscoveredbalkans.com\/wp-content\/uploads\/tripadvisor-300x91.jpg 300w\" sizes=\"(max-width: 182px) 100vw, 182px\" \/>&#8222;Was f\u00fcr eine erstaunliche Erfahrung! Friedliches Kajakfahren durch kurvenreiche Wasserstra\u00dfen &#8230; der t\u00fcrkisfarbene Blitz von schwer fassbaren Eisv\u00f6geln und bunten Bienenfressern &#8230; die Landschaft war atemberaubend und Bens historisches Wissen trug zum Geheimnis der verstreuten D\u00f6rfer und Inselkl\u00f6ster bei Wir entdeckten k\u00fchlende S\u00fc\u00dfwasserquellen, Seilschaukeln in den Fluss und lernten die Fertigkeiten des Buschhandwerks. All dies zusammen machte unsere erste Reise nach Montenegro zu einem unvergesslichen Erlebnis. Danke Ben! &#8222;<\/i> <a href=\"https:\/\/www.tripadvisor.com\/Attraction_Review-g1232143-d4400462-Reviews-Undiscovered_Montenegro-Virpazar_Bar_Municipality.html\"> Rebecca Green, August 2020<\/a><\/p>\n<p class=\"normal\"><b>2021 Abreisedaten: April, Mai, Juni, September (Sonntag bis Sonntag) <\/b><\/p>\n<p><a href=\"https:\/\/undiscoveredbalkans.com\/coronavirus\"><strong><em>Wir bieten an, 50% aller obligatorischen PCR-Tests zwischen Montenegro und Ihrem Wohnsitzland zu bezahlen! Lesen Sie hier unsere Covid-Richtlinien!<\/em><\/strong><\/a><\/p>\n<p class=\"normal\"><b><img fetchpriority=\"high\" decoding=\"async\" class=\"alignright wp-image-8055 size-medium\" title=\"kayaking camping urlaub\" src=\"https:\/\/undiscoveredbalkans.com\/wp-content\/uploads\/2015\/07\/DSC02608-300x200.jpg\" alt=\"\" width=\"300\" height=\"200\" srcset=\"https:\/\/undiscoveredbalkans.com\/wp-content\/uploads\/2015\/07\/DSC02608-300x200.jpg 300w, https:\/\/undiscoveredbalkans.com\/wp-content\/uploads\/2015\/07\/DSC02608-768x513.jpg 768w, https:\/\/undiscoveredbalkans.com\/wp-content\/uploads\/2015\/07\/DSC02608-1024x683.jpg 1024w, https:\/\/undiscoveredbalkans.com\/wp-content\/uploads\/2015\/07\/DSC02608-531x354.jpg 531w, https:\/\/undiscoveredbalkans.com\/wp-content\/uploads\/2015\/07\/DSC02608-600x400.jpg 600w, https:\/\/undiscoveredbalkans.com\/wp-content\/uploads\/2015\/07\/DSC02608-180x120.jpg 180w, https:\/\/undiscoveredbalkans.com\/wp-content\/uploads\/2015\/07\/DSC02608.jpg 1798w\" sizes=\"(max-width: 300px) 100vw, 300px\" \/><\/b>Ein einzigartiges Erlebnis &#8211; fahren Sie mit dem Kajak durch die bemerkenswerten unber\u00fchrten Landschaften des Skadar-Sees und sehen Sie die Sch\u00f6nheit dieses erstaunlichen Nationalparks, der Sie der Natur n\u00e4her bringt! Sie paddeln an 5 vollen Tagen eine Strecke von ca. 60 km, wobei ein Tag auf beiden Seiten ankommt und Sie sich anschlie\u00dfend ausruhen k\u00f6nnen. Eine Woche unvergesslichen Abenteuers! Erfahren Sie mehr \u00fcber die unglaublich vielf\u00e4ltige Flora und Fauna des Sees, schlafen Sie in Zelten am Ufer, genie\u00dfen Sie einen brillanten 2-t\u00e4gigen Bushcraft-Kurs, beobachten Sie abends Millionen von Sternen und \u00fcben Sie einige neue F\u00e4higkeiten (Nahrungssuche, Schutzbau, Angeln und Vogelbeobachtung sowie Paddeln)! Die Woche ist f\u00fcr alle geeignet, die ein angemessenes Ma\u00df an Fitness haben und ein Muss f\u00fcr Naturliebhaber, Familien und alle, die eine neue Art des Genie\u00dfens der Natur ausprobieren m\u00f6chten. Bitte beachten Sie, dass vorherige Paddelerfahrung unerl\u00e4sslich ist! Mindestalter 14<img decoding=\"async\" class=\"size-full wp-image-43236 alignright\" src=\"https:\/\/undiscoveredbalkans.com\/wp-content\/uploads\/2020\/08\/Covid-Badge-PNG-e1596655818510.png\" alt=\"\" width=\"150\" height=\"155\" \/><\/p>\n<p><strong><span style=\"font-size: 12pt;\">Book to Give Back &#8211; jede Buchung l\u00f6st eine Spende f\u00fcr unsere ausgew\u00e4hlten lokalen Umwelt- und Gemeindezwecke aus!<\/span><\/strong><\/p>\n<p class=\"normal\"><i><b>Ausr\u00fcstung:<\/b> Wir liefern alle Boote (aufblasbare Z-Pro Tango-Kajaks), Zelte, Schlafmatten, Sicherheits- und Kochausr\u00fcstung. Sie m\u00fcssen jedoch Ihren eigenen Schlafsack und eine bestimmte Menge Ihrer eigenen Lebensmittel mitbringen.<\/i><\/p>\n<hr \/>\n<p><strong><b><img loading=\"lazy\" decoding=\"async\" class=\"one alignleft\" title=\"kayaking camping urlaub\" src=\"https:\/\/undiscoveredbalkans.com\/wp-content\/uploads\/Ben.jpg\" alt=\"\" width=\"114\" height=\"114\" border=\"0\" \/>Ihr Reiseleiter:<\/b><br \/>\n<\/strong>Ben ist Mitbegr\u00fcnder von Undiscovered Montenegro und als qualifizierter Kajak-Trainer der BCU (British Canoe Union) hat er den Skadar-See als Kajak-Reiseziel auf die Karte gesetzt! Er spricht flie\u00dfend Englisch, Deutsch, Franz\u00f6sisch und Montenegrinisch \/ Serbisch<strong>. <\/strong><\/p>\n<p>&nbsp;<\/p>\n<hr \/>\n<h1 style=\"font-family: 'Frankie'; color: #333333; text-align: center;\">M\u00f6chte mehr sehen? Kuck mal unser Video an!<\/h1>\n<div class=\"epyt-video-wrapper\"><iframe  id=\"_ytid_57554\"  width=\"748\" height=\"421\"  data-origwidth=\"748\" data-origheight=\"421\"  data-relstop=\"1\" src=\"https:\/\/www.youtube.com\/embed\/-QvLiseT-XU?enablejsapi=1&#038;autoplay=0&#038;cc_load_policy=0&#038;cc_lang_pref=&#038;iv_load_policy=1&#038;loop=0&#038;modestbranding=0&#038;rel=0&#038;fs=1&#038;playsinline=0&#038;autohide=2&#038;theme=dark&#038;color=red&#038;controls=1&#038;\" class=\"__youtube_prefs__  epyt-is-override  no-lazyload\" title=\"YouTube player\"  allow=\"fullscreen; accelerometer; autoplay; clipboard-write; encrypted-media; gyroscope; picture-in-picture\" allowfullscreen data-no-lazy=\"1\" data-skipgform_ajax_framebjll=\"\"><\/iframe><\/div>\n","protected":false},"excerpt":{"rendered":"<p>Paddeln Sie bei diesem einzigartigen Camping- \/ Kajakabenteuer n\u00e4her an der Natur!<\/p>\n","protected":false},"featured_media":71793,"comment_status":"closed","ping_status":"closed","template":"","meta":{"_monsterinsights_skip_tracking":false,"_monsterinsights_sitenote_active":false,"_monsterinsights_sitenote_note":"","_monsterinsights_sitenote_category":0,"_uf_show_specific_survey":0,"_uf_disable_surveys":false},"product_brand":[],"product_cat":[272],"product_tag":[287,286,284,285],"class_list":{"0":"post-45570","1":"product","2":"type-product","3":"status-publish","4":"has-post-thumbnail","6":"product_cat-kajak-fahren","7":"product_tag-bushcraft-de","8":"product_tag-holiday-de","9":"product_tag-lake-skadar-de","10":"product_tag-montenegro-de","11":"tour_category-holidays-in-montenegro-de","13":"first","14":"instock","15":"shipping-taxable","16":"product-type-tour"},"aioseo_notices":[],"_links":{"self":[{"href":"https:\/\/undiscoveredbalkans.com\/de\/wp-json\/wp\/v2\/product\/45570","targetHints":{"allow":["GET"]}}],"collection":[{"href":"https:\/\/undiscoveredbalkans.com\/de\/wp-json\/wp\/v2\/product"}],"about":[{"href":"https:\/\/undiscoveredbalkans.com\/de\/wp-json\/wp\/v2\/types\/product"}],"replies":[{"embeddable":true,"href":"https:\/\/undiscoveredbalkans.com\/de\/wp-json\/wp\/v2\/comments?post=45570"}],"wp:featuredmedia":[{"embeddable":true,"href":"https:\/\/undiscoveredbalkans.com\/de\/wp-json\/wp\/v2\/media\/71793"}],"wp:attachment":[{"href":"https:\/\/undiscoveredbalkans.com\/de\/wp-json\/wp\/v2\/media?parent=45570"}],"wp:term":[{"taxonomy":"product_brand","embeddable":true,"href":"https:\/\/undiscoveredbalkans.com\/de\/wp-json\/wp\/v2\/product_brand?post=45570"},{"taxonomy":"product_cat","embeddable":true,"href":"https:\/\/undiscoveredbalkans.com\/de\/wp-json\/wp\/v2\/product_cat?post=45570"},{"taxonomy":"product_tag","embeddable":true,"href":"https:\/\/undiscoveredbalkans.com\/de\/wp-json\/wp\/v2\/product_tag?post=45570"}],"curies":[{"name":"wp","href":"https:\/\/api.w.org\/{rel}","templated":true}]}}