{"id":43739,"date":"2018-12-11T12:52:35","date_gmt":"2020-11-06T13:03:54","guid":{"rendered":"https:\/\/undiscoveredbalkans.com\/product\/winter-multiaktivitaetsurlaub-7-tage\/"},"modified":"2023-06-01T21:20:41","modified_gmt":"2023-06-01T19:20:41","slug":"winteraktivitatsurlaub","status":"publish","type":"product","link":"https:\/\/undiscoveredbalkans.com\/de\/tours\/winteraktivitatsurlaub\/","title":{"rendered":"Winter Multiaktivit\u00e4tsurlaub &#8211; 7 Tage"},"content":{"rendered":"<h2>Montenegro Winter Multiaktivit\u00e4tsurlaub<\/h2>\n<p><i><img decoding=\"async\" class=\"wp-image-3845 alignleft\" src=\"https:\/\/undiscoveredbalkans.com\/wp-content\/uploads\/\/tripadvisor-300x91.jpg\" alt=\"\" width=\"185\" height=\"56\" srcset=\"https:\/\/undiscoveredbalkans.com\/wp-content\/uploads\/tripadvisor-300x91.jpg 300w, https:\/\/undiscoveredbalkans.com\/wp-content\/uploads\/tripadvisor.jpg 329w\" sizes=\"(max-width: 185px) 100vw, 185px\" \/>\u201eAtemberaubende Landschaft, die \u00fcbliche erstaunliche montenegrinische Gastfreundschaft und eine gro\u00dfe Auswahl an Winteraktivit\u00e4ten &#8211; ein gro\u00dfartiger Begleiter zu den Sommerferien in Virpazar. W\u00fcrde 110% empfehlen.\u201c<\/i> <a href=\"https:\/\/www.tripadvisor.com\/Attraction_Review-g1232143-d4400462-Reviews-Undiscovered_Montenegro-Virpazar_Bar_Municipality.html\">Linda Davies, Februar 2020<\/a><\/p>\n<p class=\"normal\"><b><i>Abreisedaten: jeden Samstag, Januar-M\u00e4rz<\/i> <\/b><\/p>\n<p class=\"normal\"><em><span style=\"font-size: 12pt;\"><strong><a href=\"https:\/\/undiscoveredbalkans.com\/de-coronavirus-richtlinien\">Covid-19 &#8211; alle Ihre Fragen zu Reisen mit uns nach Montenegro beantwortet<\/a><\/strong><\/span><\/em><\/p>\n<p class=\"normal\"><b><img fetchpriority=\"high\" decoding=\"async\" class=\"alignleft wp-image-43799\" title=\"budget winter sports holiday\" src=\"https:\/\/undiscoveredbalkans.com\/wp-content\/uploads\/2018\/12\/20200210_095031000_iOS-1.jpg\" alt=\"snow shoeing Kolasin\" width=\"300\" height=\"200\" srcset=\"https:\/\/undiscoveredbalkans.com\/wp-content\/uploads\/2018\/12\/20200210_095031000_iOS-1.jpg 900w, https:\/\/undiscoveredbalkans.com\/wp-content\/uploads\/2018\/12\/20200210_095031000_iOS-1-300x200.jpg 300w, https:\/\/undiscoveredbalkans.com\/wp-content\/uploads\/2018\/12\/20200210_095031000_iOS-1-768x512.jpg 768w, https:\/\/undiscoveredbalkans.com\/wp-content\/uploads\/2018\/12\/20200210_095031000_iOS-1-531x354.jpg 531w, https:\/\/undiscoveredbalkans.com\/wp-content\/uploads\/2018\/12\/20200210_095031000_iOS-1-600x400.jpg 600w, https:\/\/undiscoveredbalkans.com\/wp-content\/uploads\/2018\/12\/20200210_095031000_iOS-1-180x120.jpg 180w\" sizes=\"(max-width: 300px) 100vw, 300px\" \/><\/b><\/p>\n<p>Montenegro ist nicht nur ein Sommerziel &#8211; der Norden des Landes entwickelt schnell einen Ruf als preisg\u00fcnstiger Wintersporturlaubsort! Wir haben ein fantastisches Programm f\u00fcr Schneehunde und Abenteuerliebhaber zu einem Bruchteil des Preises zusammengestellt, den Sie in etablierteren Resorts zahlen w\u00fcrden.<\/p>\n<p>Unser preisg\u00fcnstiger Winterurlaub zum Skifahren \/ Snowboarden \/ Schneeschuhwandern nutzt Montenegros blendende Natursch\u00f6nheit sowie ein brandneues Skigebiet in Kola\u0161in, dessen erste Phase gerade abgeschlossen wurde (Kola\u0161in Ski Center 1600), nur 75 Autominuten von dem Internationaler Flughafen Podgorica entfernt. In charmanten Holzchalets k\u00f6nnen Anf\u00e4nger und erfahrene Wintersportler unter Anleitung zertifizierter, englisch- und deustchsprachiger Instruktoren auf Schneeschuhen in unber\u00fchrter Wildnis Ski fahren, snowboarden und wandern. In diesem multiaktiven Abenteuer ist f\u00fcr jeden etwas dabei! Zusammen mit dem etablierten Kola\u0161in Ski Center 1450 gibt es \u00fcber 40 km Loipen f\u00fcr alle Kategorien von Skifahrern und Snowboardern. Wir begr\u00fc\u00dfen alle M\u00f6glichkeiten, den montenegrinischen Wintersport auszuprobieren, von Familien \u00fcber Paare bis hin zu Gruppen von Freunden. Mindestalter sieben Jahre (oder sechs Jahre f\u00fcr au\u00dfergew\u00f6hnliche Kinder, die an Wintersport im Freien gew\u00f6hnt sind).<img decoding=\"async\" class=\"size-full wp-image-43236 alignright\" src=\"https:\/\/undiscoveredbalkans.com\/wp-content\/uploads\/2020\/08\/Covid-Badge-PNG-e1596655818510.png\" alt=\"\" width=\"150\" height=\"155\" \/><\/p>\n<p><span style=\"font-size: 12pt;\"><strong>Book to Give Back &#8211; jede Buchung l\u00f6st eine Spende f\u00fcr unsere ausgew\u00e4hlten lokalen Umwelt- und Gemeindezwecke aus!<\/strong><\/span><\/p>\n<p><span style=\"font-size: 12pt;\"><i><b>Alle Unterk\u00fcnfte, Skip\u00e4sse und Ausr\u00fcstungsverleih sowie die meisten Mahlzeiten und 5 Tage Wintersportaktivit\u00e4ten sind inbegriffen! Klicken Sie auf der Reiseroute Tab, um mehr zu erfahren.<\/b><\/i><\/span><\/p>\n<hr \/>\n<p><img loading=\"lazy\" decoding=\"async\" class=\"alignleft wp-image-43797 size-full\" title=\"budget winter sports holiday\" src=\"https:\/\/undiscoveredbalkans.com\/wp-content\/uploads\/2018\/12\/ivanaslavko.png\" alt=\"\" width=\"240\" height=\"110\" \/><b>Ihre Gastgeber<\/b>: Ivana und Slavko sind Einheimische aus Kola\u0161in, die in ihrer Aktivit\u00e4tsbasis &#8218;Bijeli Potok&#8216; seit langem fachm\u00e4nnisch veranstaltete Outdoor-Abenteuer sowie k\u00f6stliche, lokal produzierte Mahlzeiten anbieten. Ab 2003 besitzen sie eine eigene Unterkunft, Fahrzeuge und Ausr\u00fcstung (sowie Pferde!) und haben einige der besten englisch- und deutschsprachigen F\u00fchrer f\u00fcr ihren familiengef\u00fchrten Betrieb rekrutiert, die alle in ihren jeweiligen Bereichen voll qualifiziert sind.<\/p>\n<hr \/>\n<h1 style=\"font-family: 'Frankie'; color: #333333; text-align: center;\">M\u00f6chte mehr sehen? Kuck mal unser Video an!<\/h1>\n<div class=\"epyt-video-wrapper\"><iframe  id=\"_ytid_51688\"  width=\"748\" height=\"421\"  data-origwidth=\"748\" data-origheight=\"421\"  data-relstop=\"1\" src=\"https:\/\/www.youtube.com\/embed\/yVmGEr9CbHg?enablejsapi=1&#038;autoplay=0&#038;cc_load_policy=0&#038;cc_lang_pref=&#038;iv_load_policy=1&#038;loop=0&#038;modestbranding=0&#038;rel=0&#038;fs=1&#038;playsinline=0&#038;autohide=2&#038;theme=dark&#038;color=red&#038;controls=1&#038;\" class=\"__youtube_prefs__  epyt-is-override  no-lazyload\" title=\"YouTube player\"  allow=\"fullscreen; accelerometer; autoplay; clipboard-write; encrypted-media; gyroscope; picture-in-picture\" allowfullscreen data-no-lazy=\"1\" data-skipgform_ajax_framebjll=\"\"><\/iframe><\/div>\n<p>&nbsp;<\/p>\n","protected":false},"excerpt":{"rendered":"<p>Skifahren, Snowboarden nd mehr auf den Alpenh\u00e4ngen Montenegros!<\/p>\n","protected":false},"featured_media":66195,"comment_status":"closed","ping_status":"closed","template":"","meta":{"_monsterinsights_skip_tracking":false,"_monsterinsights_sitenote_active":false,"_monsterinsights_sitenote_note":"","_monsterinsights_sitenote_category":0,"_uf_show_specific_survey":0,"_uf_disable_surveys":false},"product_brand":[],"product_cat":[274],"product_tag":[285,276],"class_list":{"0":"post-43739","1":"product","2":"type-product","3":"status-publish","4":"has-post-thumbnail","6":"product_cat-multiaktivitat-de","7":"product_tag-montenegro-de","8":"product_tag-multi-active-de","9":"tour_category-holidays-in-montenegro-de","11":"first","12":"instock","13":"shipping-taxable","14":"product-type-tour"},"aioseo_notices":[],"_links":{"self":[{"href":"https:\/\/undiscoveredbalkans.com\/de\/wp-json\/wp\/v2\/product\/43739","targetHints":{"allow":["GET"]}}],"collection":[{"href":"https:\/\/undiscoveredbalkans.com\/de\/wp-json\/wp\/v2\/product"}],"about":[{"href":"https:\/\/undiscoveredbalkans.com\/de\/wp-json\/wp\/v2\/types\/product"}],"replies":[{"embeddable":true,"href":"https:\/\/undiscoveredbalkans.com\/de\/wp-json\/wp\/v2\/comments?post=43739"}],"wp:featuredmedia":[{"embeddable":true,"href":"https:\/\/undiscoveredbalkans.com\/de\/wp-json\/wp\/v2\/media\/66195"}],"wp:attachment":[{"href":"https:\/\/undiscoveredbalkans.com\/de\/wp-json\/wp\/v2\/media?parent=43739"}],"wp:term":[{"taxonomy":"product_brand","embeddable":true,"href":"https:\/\/undiscoveredbalkans.com\/de\/wp-json\/wp\/v2\/product_brand?post=43739"},{"taxonomy":"product_cat","embeddable":true,"href":"https:\/\/undiscoveredbalkans.com\/de\/wp-json\/wp\/v2\/product_cat?post=43739"},{"taxonomy":"product_tag","embeddable":true,"href":"https:\/\/undiscoveredbalkans.com\/de\/wp-json\/wp\/v2\/product_tag?post=43739"}],"curies":[{"name":"wp","href":"https:\/\/api.w.org\/{rel}","templated":true}]}}