{"id":43598,"date":"2018-02-05T17:39:47","date_gmt":"2020-11-06T08:33:42","guid":{"rendered":"https:\/\/undiscoveredbalkans.com\/product\/berge-multiaktivitaet-3-7-tage\/"},"modified":"2023-06-01T21:20:41","modified_gmt":"2023-06-01T19:20:41","slug":"multiaktivitaet-berge","status":"publish","type":"product","link":"https:\/\/undiscoveredbalkans.com\/de\/tours\/multiaktivitaet-berge\/","title":{"rendered":"Berge Multiaktivit\u00e4tsurlaub &#8211; 3-7 Tage"},"content":{"rendered":"<h2><span style=\"font-size: 24pt;\">Berge von Montenegro Aktivit\u00e4tsurlaub<\/span><\/h2>\n<p><img decoding=\"async\" class=\"one alignleft\" src=\"https:\/\/undiscoveredbalkans.com\/wp-content\/uploads\/tripadvisor.jpg\" alt=\"\" width=\"200\" height=\"61\" border=\"0\" \/><i><br \/>\n&#8222;Eine au\u00dfergew\u00f6hnliche Erfahrung &#8230; Vukoman ist ein unglaublich sachkundiger F\u00fchrer und seine Liebe zum Detail ist hervorragend. Es hat so viel Spa\u00df gemacht, mit ihm durch Montenegro zu reisen!&#8220;<\/i> <a href=\"http:\/\/www.tripadvisor.com\/Hotel_Review-g1232143-d2514565-Reviews-or10-Villa_Miela-Virpazar_Bar_Municipality.html#REVIEWS\"> Catharyn Gildesgame, August 2019<\/a><\/p>\n<p class=\"normal\"><b><i>Abreisedaten 2021: jeden Sonntag oder Mittwoch<\/i><\/b><\/p>\n<p><em><span style=\"font-size: 12pt;\"><strong><a href=\"https:\/\/undiscoveredbalkans.com\/de\/coronavirus-richtlinien\">Covid-19 &#8211; alle Ihre Fragen zu Reisen mit uns nach Montenegro beantwortet<\/a><\/strong><\/span><\/em><\/p>\n<p class=\"normal\"><b> <img fetchpriority=\"high\" decoding=\"async\" class=\"alignleft wp-image-5926 size-medium\" title=\"Berge von Montenegro\" src=\"https:\/\/undiscoveredbalkans.com\/wp-content\/uploads\/2018\/02\/DSC_3408-300x200.jpg\" alt=\"\" width=\"300\" height=\"200\" srcset=\"https:\/\/undiscoveredbalkans.com\/wp-content\/uploads\/2018\/02\/DSC_3408-300x200.jpg 300w, https:\/\/undiscoveredbalkans.com\/wp-content\/uploads\/2018\/02\/DSC_3408-180x120.jpg 180w, https:\/\/undiscoveredbalkans.com\/wp-content\/uploads\/2018\/02\/DSC_3408-768x512.jpg 768w, https:\/\/undiscoveredbalkans.com\/wp-content\/uploads\/2018\/02\/DSC_3408-1024x683.jpg 1024w, https:\/\/undiscoveredbalkans.com\/wp-content\/uploads\/2018\/02\/DSC_3408-531x354.jpg 531w, https:\/\/undiscoveredbalkans.com\/wp-content\/uploads\/2018\/02\/DSC_3408-600x400.jpg 600w\" sizes=\"(max-width: 300px) 100vw, 300px\" \/><\/b>Sie werden sich bei diesem Multiaktivit\u00e4tsurlaub im Norden Montenegros nicht langweilen! Egal, ob Sie Abenteuer lieben, Str\u00e4nde langweilige finden oder einfach nur in Form bleiben und Spa\u00df haben m\u00f6chten, die atemberaubende Sch\u00f6nheit und Vielfalt der Outdoor-Aktivit\u00e4ten in diesem winzigen Land werden Ihnen einen unvergesslichen Urlaub bescheren.<\/p>\n<p>In diesem Urlaub mit mehreren Aktivit\u00e4ten k\u00f6nnen Sie zwischen Wanderungen an beeindruckenden abgelegenen Orten, Wildwasser-Rafting auf dem ber\u00fchmten Tara Canyon, Canyoning in der &#8222;unsichtbaren&#8220; Nevidio-Schlucht oder sogar Seilrutschen w\u00e4hlen! Wie viel Sie tun, liegt ganz bei Ihnen.<\/p>\n<p>Sie k\u00f6nnen aus zwei Programmen w\u00e4hlen &#8211; eines f\u00fcr 3 oder 4 N\u00e4chte und eines f\u00fcr die ganze Woche in den unglaublichen Bergen der n\u00f6rdlichen Provinzen Montenegros &#8211; sehen Sie sich unsere Reiserouten an!<img decoding=\"async\" class=\"size-full wp-image-43236 alignright\" src=\"https:\/\/undiscoveredbalkans.com\/wp-content\/uploads\/2020\/08\/Covid-Badge-PNG-e1596655818510.png\" alt=\"\" width=\"150\" height=\"155\" \/><\/p>\n<p><strong><span style=\"font-size: 12pt;\">Book to Give Back &#8211; jede Buchung l\u00f6st eine Spende f\u00fcr unsere ausgew\u00e4hlten lokalen Umwelt- und Gemeindezwecke aus!<\/span><\/strong><\/p>\n<p><i><b>Alle Transporte, Unterk\u00fcnfte und Mahlzeiten sind inbegriffen sowie ein qualifizierter 24-Stunden-Guide, der Sie von Ihrem Standort abholt und Sie am Ende Ihrer Reise zum Flughafen Podgorica zur\u00fcckbringt.<\/b><\/i><\/p>\n<hr \/>\n<p><b><img loading=\"lazy\" decoding=\"async\" class=\"alignleft wp-image-6084 size-full\" title=\"mountains of montenegro\" src=\"https:\/\/undiscoveredbalkans.com\/wp-content\/uploads\/2018\/03\/vuk.jpg\" alt=\"\" width=\"110\" height=\"110\" \/><img loading=\"lazy\" decoding=\"async\" class=\"alignleft wp-image-6086 size-full\" title=\"mountains of montenegro\" src=\"https:\/\/undiscoveredbalkans.com\/wp-content\/uploads\/2018\/03\/bojanas.jpg\" alt=\"\" width=\"110\" height=\"110\" \/> Ihre Reiseleiter:<\/b>Vuk und Bojana sind ein Bruder- und Schwesterteam, das seit 7 Jahren mit Undiscovered Montenegro zusammenarbeitet. Beide haben eine Leidenschaft f\u00fcr die Natur und insbesondere f\u00fcr den Norden Montenegros. Je abgelegener das Gebiet ist, desto wahrscheinlicher ist es, da\u00df sie es erkunden! Vuk und Bojana sprechen ausgezeichnet Englisch und haben die volle Qualifikation als Bergf\u00fchrer. Ein deutschsprachiger Guide unterst\u00fctzt sie bei deutschsprachigen Kunden.<\/p>\n<p><span style=\"font-size: 14pt;\"><strong>Alle diese Optionen k\u00f6nnen einzeln oder zusammen mit unseren <a href=\"https:\/\/undiscoveredbalkans.com\/de\/produkt\/multiaktivitaetsurlaub-lake-skadar\">Multiaktivit\u00e4tswochen am Skadar-See<\/a> gebucht werden.<\/strong><\/span><\/p>\n<hr \/>\n<h1 style=\"font-family: 'Frankie'; color: #333333; text-align: center;\">M\u00f6chte mehr sehen? Kuck mal unser Video an!<\/h1>\n<div class=\"epyt-video-wrapper\"><iframe  id=\"_ytid_44765\"  width=\"748\" height=\"421\"  data-origwidth=\"748\" data-origheight=\"421\"  data-relstop=\"1\" src=\"https:\/\/www.youtube.com\/embed\/dgVm_rsAUg4?enablejsapi=1&#038;autoplay=0&#038;cc_load_policy=0&#038;cc_lang_pref=&#038;iv_load_policy=1&#038;loop=0&#038;modestbranding=0&#038;rel=0&#038;fs=1&#038;playsinline=0&#038;autohide=2&#038;theme=dark&#038;color=red&#038;controls=1&#038;\" class=\"__youtube_prefs__  epyt-is-override  no-lazyload\" title=\"YouTube player\"  allow=\"fullscreen; accelerometer; autoplay; clipboard-write; encrypted-media; gyroscope; picture-in-picture\" allowfullscreen data-no-lazy=\"1\" data-skipgform_ajax_framebjll=\"\"><\/iframe><\/div>\n<p>&nbsp;<\/p>\n","protected":false},"excerpt":{"rendered":"<p>Entdecken Sie den epischen Norden Montenegros, 3-7-Tage-Pakete verf\u00fcgbar!<\/p>\n","protected":false},"featured_media":5928,"comment_status":"closed","ping_status":"closed","template":"","meta":{"_monsterinsights_skip_tracking":false,"_monsterinsights_sitenote_active":false,"_monsterinsights_sitenote_note":"","_monsterinsights_sitenote_category":0,"_uf_show_specific_survey":0,"_uf_disable_surveys":false},"product_brand":[],"product_cat":[274,271],"product_tag":[276,275],"class_list":{"0":"post-43598","1":"product","2":"type-product","3":"status-publish","4":"has-post-thumbnail","6":"product_cat-multiaktivitat-de","7":"product_cat-wandern-2","8":"product_tag-multi-active-de","9":"product_tag-wandern","11":"first","12":"instock","13":"shipping-taxable","14":"product-type-tour"},"aioseo_notices":[],"_links":{"self":[{"href":"https:\/\/undiscoveredbalkans.com\/de\/wp-json\/wp\/v2\/product\/43598","targetHints":{"allow":["GET"]}}],"collection":[{"href":"https:\/\/undiscoveredbalkans.com\/de\/wp-json\/wp\/v2\/product"}],"about":[{"href":"https:\/\/undiscoveredbalkans.com\/de\/wp-json\/wp\/v2\/types\/product"}],"replies":[{"embeddable":true,"href":"https:\/\/undiscoveredbalkans.com\/de\/wp-json\/wp\/v2\/comments?post=43598"}],"wp:featuredmedia":[{"embeddable":true,"href":"https:\/\/undiscoveredbalkans.com\/de\/wp-json\/wp\/v2\/media\/5928"}],"wp:attachment":[{"href":"https:\/\/undiscoveredbalkans.com\/de\/wp-json\/wp\/v2\/media?parent=43598"}],"wp:term":[{"taxonomy":"product_brand","embeddable":true,"href":"https:\/\/undiscoveredbalkans.com\/de\/wp-json\/wp\/v2\/product_brand?post=43598"},{"taxonomy":"product_cat","embeddable":true,"href":"https:\/\/undiscoveredbalkans.com\/de\/wp-json\/wp\/v2\/product_cat?post=43598"},{"taxonomy":"product_tag","embeddable":true,"href":"https:\/\/undiscoveredbalkans.com\/de\/wp-json\/wp\/v2\/product_tag?post=43598"}],"curies":[{"name":"wp","href":"https:\/\/api.w.org\/{rel}","templated":true}]}}