{"id":43233,"date":"2015-07-15T12:01:46","date_gmt":"2020-11-05T12:53:47","guid":{"rendered":"https:\/\/undiscoveredbalkans.com\/product\/skadar-see-multiaktivitaetsurlaub-7-tage\/"},"modified":"2023-06-01T21:20:41","modified_gmt":"2023-06-01T19:20:41","slug":"multiaktivitaetsurlaub-lake-skadar","status":"publish","type":"product","link":"https:\/\/undiscoveredbalkans.com\/de\/tours\/multiaktivitaetsurlaub-lake-skadar\/","title":{"rendered":"Skadar See Multiaktivit\u00e4tsurlaub &#8211; 7 Tage"},"content":{"rendered":"<h2><span style=\"font-size: 20pt;\">Urlaub mit mehreren Aktivit\u00e4ten am Skadar See in Montenegro<\/span><\/h2>\n<p class=\"normal\"><img decoding=\"async\" class=\"wp-image-43234 size-medium alignleft\" src=\"https:\/\/undiscoveredbalkans.com\/wp-content\/uploads\/2015\/07\/timeslogo-300x35.png\" alt=\"\" width=\"300\" height=\"35\" srcset=\"https:\/\/undiscoveredbalkans.com\/wp-content\/uploads\/2015\/07\/timeslogo-300x35.png 300w, https:\/\/undiscoveredbalkans.com\/wp-content\/uploads\/2015\/07\/timeslogo.png 600w\" sizes=\"(max-width: 300px) 100vw, 300px\" \/>&#8222;Eine der Freuden dieser Reise ist die M\u00f6glichkeit, in der Villa Miela zu bleiben &#8230; dies ist die Art von Ort, an dem neue Freundschaften entstehen &#8230; Ben und Emma haben w\u00e4hrend ihres zehnj\u00e4hrigen Lebens hier die besten Pl\u00e4tze herausgezwinkert &#8230; &#8222;<strong>&#8211; <a href=\"https:\/\/undiscoveredbalkans.com\/de\/mediencentar\/\">Helen Ochyra, The Times, September 2019<\/a><\/strong><\/p>\n<p><b><i>Abreisetermine 2020\/2021: Jeden Sonntag von Ende M\u00e4rz bis Ende Oktober.<\/i><\/b><\/p>\n<p><a href=\"https:\/\/undiscoveredbalkans.com\/de\/coronavirus-richtlinien\"><strong><em>Covid-19 &#8211; alle Ihre Fragen zu Reisen mit uns nach Montenegro beantwortet!<\/em><\/strong><\/a><\/p>\n<p><img fetchpriority=\"high\" decoding=\"async\" class=\"alignleft wp-image-5924 size-medium\" title=\"Multiaktivit\u00e4tsurlaub\" src=\"https:\/\/undiscoveredbalkans.com\/wp-content\/uploads\/2015\/07\/IMG_9166-300x200.jpg\" alt=\"Lake Skadar multi activity holiday\" width=\"300\" height=\"200\" srcset=\"https:\/\/undiscoveredbalkans.com\/wp-content\/uploads\/2015\/07\/IMG_9166-300x200.jpg 300w, https:\/\/undiscoveredbalkans.com\/wp-content\/uploads\/2015\/07\/IMG_9166-180x120.jpg 180w, https:\/\/undiscoveredbalkans.com\/wp-content\/uploads\/2015\/07\/IMG_9166-768x512.jpg 768w, https:\/\/undiscoveredbalkans.com\/wp-content\/uploads\/2015\/07\/IMG_9166-1024x683.jpg 1024w, https:\/\/undiscoveredbalkans.com\/wp-content\/uploads\/2015\/07\/IMG_9166-531x354.jpg 531w, https:\/\/undiscoveredbalkans.com\/wp-content\/uploads\/2015\/07\/IMG_9166-600x400.jpg 600w\" sizes=\"(max-width: 300px) 100vw, 300px\" \/><\/p>\n<p>Unser einw\u00f6chiger Urlaub mit mehreren Aktivit\u00e4ten, der exklusiv im <a href=\"https:\/\/undiscoveredbalkans.com\/de\/lake-skadar-nationalpark\">Skadar See Nationalpark<\/a> stattfindet und von <a href=\"https:\/\/www.thetimes.co.uk\/article\/uncovering-the-hidden-beauty-of-montenegro-d8zf2pqdn\">The Times<\/a> &amp; <a href=\"https:\/\/www.theguardian.com\/travel\/2014\/may\/31\/montengro-balkans-activity-holiday\">The Guardian<\/a> empfohlen wird, bringt Sie dazu, ein bi\u00dfchen von allem zu tun! Wandern, Kajakfahren, Weinproben, Wildschwimmen, H\u00f6hlenforschung, Vogelbeobachtung, Essen mit Einheimischen &#8211; in diesem kleinen Gruppenurlaub ist f\u00fcr jeden etwas dabei! Ihre Basis f\u00fcr die Woche ist das h\u00fcbsche Dorf Virpazar mit Unterk\u00fcnften in der Villa Miela, unserem eigenen wundersch\u00f6n renovierten Bauernhaus, oder in unserer Top-Auswahl an lokalen Unterk\u00fcnften, sobald die Villa Miela voll ist (unsere Gruppen sind bis zu 15 gro\u00df und bis zu 10) G\u00e4ste in der Villa Miela und der Rest in der N\u00e4he). Lernen Sie neue Freunde kennen und entdecken Sie die nat\u00fcrliche Sch\u00f6nheit von Weltklasse. Genie\u00dfen Sie vier fachm\u00e4nnisch gef\u00fchrte Gruppenabenteuer, die \u00fcber die Woche verteilt sind. Sie haben auch zwei Tage Zeit, um das erstaunliche Montenegro auf eigene Faust zu erkunden oder sich einfach zur\u00fcckzulehnen und zu entspannen!<\/p>\n<p>Obwohl die genaue Reiseroute von der Gruppe bei unserem Begr\u00fc\u00dfungsdinner am ersten Abend festgelegt wird, ist unsere beliebteste Woche auf der Reiseroute Tab oben aufgef\u00fchrt. kkkk <span style=\"font-size: 12pt;\">Dieser Urlaub ist f\u00fcr Familien, Gruppen von Freunden, Paare und Alleinreisende geeignet. Ein angemessenes Ma\u00df an k\u00f6rperlicher Fitness und Abenteuerlust ist erforderlich! Klicken Sie hier, um mehr \u00fcber unsere Aktivit\u00e4tsstufen zu erfahren. <img decoding=\"async\" class=\"wp-image-43236 alignright\" src=\"https:\/\/undiscoveredbalkans.com\/wp-content\/uploads\/2020\/08\/Covid-Badge-PNG-e1596655818510.png\" alt=\"\" width=\"158\" height=\"164\" \/><\/span><\/p>\n<p><strong><span style=\"font-size: 12pt;\">Book to Give Back &#8211; jede Buchung l\u00f6st eine Spende f\u00fcr unsere ausgew\u00e4hlten lokalen Umwelt- und Gemeindezwecke aus!<\/span><\/strong><\/p>\n<p><span style=\"font-size: 12pt;\"><em><strong>Suchen Sie nach einem l\u00e4nger anhaltenden Abenteuer, das sich \u00fcber 10 bis 14 Tage erstreckt?<\/strong> <strong>Dieser Urlaub l\u00e4sst sich hervorragend mit unseren Paketen f\u00fcr <a href=\"https:\/\/undiscoveredbalkans.com\/search-form-1\/albanian-alps-hiking-adventure\/\">albanische Alpen<\/a> und <a href=\"https:\/\/undiscoveredbalkans.com\/search-form-1\/multi-activity-holiday-mountains\/\">Multiaktivit\u00e4t Berge<\/a> kombinieren.<\/strong><\/em><\/span><\/p>\n<hr \/>\n<hr \/>\n<p style=\"text-align: left;\"><img loading=\"lazy\" decoding=\"async\" class=\"one alignleft\" title=\"Multiaktivit\u00e4tsurlaub\" src=\"https:\/\/undiscoveredbalkans.com\/wp-content\/uploads\/Ben.jpg\" alt=\"\" width=\"110\" height=\"110\" border=\"0\" \/><img loading=\"lazy\" decoding=\"async\" class=\"one alignleft\" title=\"Multiaktivit\u00e4tsurlaub\" src=\"https:\/\/undiscoveredbalkans.com\/wp-content\/uploads\/Emma.jpg\" alt=\"\" width=\"110\" height=\"110\" border=\"0\" \/><b>Ihre Reiseleiter<\/b>: Das englische Ehepaar Ben und Emma lebt und arbeitet seit 11 Jahren am Skadarsee und f\u00fchrt Undiscovered Montenegro gemeinsam von ihrem liebevoll restaurierten G\u00e4stehaus Villa Miela aus. Als Rucksacktouristen, die aufgewachsen sind und Kinder hatten, setzen sie sich f\u00fcr nachhaltige Abenteuer von h\u00f6chster Qualit\u00e4t ein, basierend auf ihrem umfassenden lokalen Wissen und ihrem globalen Know-how. Beide sprechen fast flie\u00dfend montenegrinisch \/ serbisch sowie englisch. Ben spricht auch flie\u00dfend Deutsch!<\/p>\n<hr \/>\n<h1 style=\"font-family: 'Frankie'; color: #333333; text-align: center;\">M\u00f6chte mehr sehen? Kuck mal unser Video an!<\/h1>\n<div class=\"epyt-video-wrapper\"><iframe  id=\"_ytid_32923\"  width=\"748\" height=\"421\"  data-origwidth=\"748\" data-origheight=\"421\"  data-relstop=\"1\" src=\"https:\/\/www.youtube.com\/embed\/RnbmVENHHus\">https:\/\/www.youtube.com\/watch?enablejsapi=1&autoplay=0&cc_load_policy=0&cc_lang_pref=&iv_load_policy=1&loop=0&modestbranding=0&rel=0&fs=1&playsinline=0&autohide=2&theme=dark&color=red&controls=1&\" class=\"__youtube_prefs__  no-lazyload\" title=\"YouTube player\"  allow=\"fullscreen; accelerometer; autoplay; clipboard-write; encrypted-media; gyroscope; picture-in-picture\" allowfullscreen data-no-lazy=\"1\" data-skipgform_ajax_framebjll=\"\"><\/iframe><\/div>\n","protected":false},"excerpt":{"rendered":"<p>Unser urspr\u00fcngliches multiaktivit\u00e4tsabenteuer, das von allen geliebt wird!<\/p>\n","protected":false},"featured_media":4929,"comment_status":"closed","ping_status":"closed","template":"","meta":{"_monsterinsights_skip_tracking":false,"_monsterinsights_sitenote_active":false,"_monsterinsights_sitenote_note":"","_monsterinsights_sitenote_category":0,"_uf_show_specific_survey":0,"_uf_disable_surveys":false},"product_brand":[],"product_cat":[274],"product_tag":[276,275],"class_list":{"0":"post-43233","1":"product","2":"type-product","3":"status-publish","4":"has-post-thumbnail","6":"product_cat-multiaktivitat-de","7":"product_tag-multi-active-de","8":"product_tag-wandern","9":"tour_category-holidays-in-montenegro-de","11":"first","12":"instock","13":"shipping-taxable","14":"product-type-tour"},"aioseo_notices":[],"_links":{"self":[{"href":"https:\/\/undiscoveredbalkans.com\/de\/wp-json\/wp\/v2\/product\/43233","targetHints":{"allow":["GET"]}}],"collection":[{"href":"https:\/\/undiscoveredbalkans.com\/de\/wp-json\/wp\/v2\/product"}],"about":[{"href":"https:\/\/undiscoveredbalkans.com\/de\/wp-json\/wp\/v2\/types\/product"}],"replies":[{"embeddable":true,"href":"https:\/\/undiscoveredbalkans.com\/de\/wp-json\/wp\/v2\/comments?post=43233"}],"wp:featuredmedia":[{"embeddable":true,"href":"https:\/\/undiscoveredbalkans.com\/de\/wp-json\/wp\/v2\/media\/4929"}],"wp:attachment":[{"href":"https:\/\/undiscoveredbalkans.com\/de\/wp-json\/wp\/v2\/media?parent=43233"}],"wp:term":[{"taxonomy":"product_brand","embeddable":true,"href":"https:\/\/undiscoveredbalkans.com\/de\/wp-json\/wp\/v2\/product_brand?post=43233"},{"taxonomy":"product_cat","embeddable":true,"href":"https:\/\/undiscoveredbalkans.com\/de\/wp-json\/wp\/v2\/product_cat?post=43233"},{"taxonomy":"product_tag","embeddable":true,"href":"https:\/\/undiscoveredbalkans.com\/de\/wp-json\/wp\/v2\/product_tag?post=43233"}],"curies":[{"name":"wp","href":"https:\/\/api.w.org\/{rel}","templated":true}]}}